{"id":102,"date":"2016-03-03T15:45:55","date_gmt":"2016-03-03T15:45:55","guid":{"rendered":"http:\/\/storia.anticaoria.it\/?page_id=102"},"modified":"2018-07-25T07:40:41","modified_gmt":"2018-07-25T07:40:41","slug":"dal-1600-ad-oggi","status":"publish","type":"page","link":"http:\/\/storia.anticaoria.it\/de\/la-antica-storia-di-oria\/dal-1600-ad-oggi\/","title":{"rendered":"Von 1600 bis heute"},"content":{"rendered":"<div class=\"story_box\">\n<h2>Von 1600 bis 1800<\/h2>\n<div class=\"story_box_text\">\n<div id=\"attachment_945\" style=\"width: 199px\" class=\"wp-caption alignleft\"><img aria-describedby=\"caption-attachment-945\" decoding=\"async\" loading=\"lazy\" class=\"wp-image-945\" src=\"\/wp-content\/uploads\/2016\/03\/Francis1-1-231x300.jpg\" alt=\"Francis1-1\" width=\"189\" height=\"245\" srcset=\"http:\/\/storia.anticaoria.it\/wp-content\/uploads\/2016\/03\/Francis1-1-231x300.jpg 231w, http:\/\/storia.anticaoria.it\/wp-content\/uploads\/2016\/03\/Francis1-1-789x1024.jpg 789w, http:\/\/storia.anticaoria.it\/wp-content\/uploads\/2016\/03\/Francis1-1.jpg 1092w\" sizes=\"(max-width: 189px) 100vw, 189px\" \/><p id=\"caption-attachment-945\" class=\"wp-caption-text\">K\u00f6nig Franz I. von Frankreich<\/p><\/div>\n<p>Nach 1500 war Oria nicht mehr der Mittelpunkt der gro\u00dfen Geschichte, und zugleich begann auch ein langsamer R\u00fcckgang der antiken Stadt; vielleicht kam die erste S\u00e4ule der &#8220;Dekadenz&#8221;, als sich Oria mit Franz I. gegen Karl V. verb\u00fcndete: Die Niederlage des franz\u00f6sischen K\u00f6nigs entfremdete Oria von der Gunst von Carlo V. W\u00e4hrend des achtzehnten Jahrhunderts wurden dank Michele Imperiali einige Denkm\u00e4ler in der Stadt einschlie\u00dflich dem Manfredi Tor restauriert. Der Bau der neuen Kathedrale geht auf das Jahr 1743 zur\u00fcck, wobei die alte mittelalterliche Kirche, die von einem Erdbeben besch\u00e4digt wurde, abgerissen wurde. Trotz der nachtr\u00e4glichen Propaganda nach der Einheit gab es in Oria auch widerspr\u00fcchliche Stimmen hinsichtlich der Einheit: Um nur ein Beispiel zu nennen liest man in den Polizeiakten gegen Verb\u00e4nde und Handlungen gegen den Staat beleidigende Parolen gegen die Person des K\u00f6nigs im Haus von Louis Lombardi. Es gibt auch andere Unterlagen hinsichtlich angeblicher subversiver Sitzungen, in denen B\u00fcrger von Oria und umgebenden St\u00e4dtchen teilnahmen.<\/p>\n<\/div>\n<h2>Von 1800 bis heute<\/h2>\n<div class=\"story_box_text\">\n<div id=\"attachment_947\" style=\"width: 310px\" class=\"wp-caption alignright\"><img aria-describedby=\"caption-attachment-947\" decoding=\"async\" loading=\"lazy\" class=\"wp-image-947 size-medium\" src=\"\/wp-content\/uploads\/2016\/03\/castellobianconero-300x190.jpg\" alt=\"castellobianconero\" width=\"300\" height=\"190\" srcset=\"http:\/\/storia.anticaoria.it\/wp-content\/uploads\/2016\/03\/castellobianconero-300x190.jpg 300w, http:\/\/storia.anticaoria.it\/wp-content\/uploads\/2016\/03\/castellobianconero.jpg 998w\" sizes=\"(max-width: 300px) 100vw, 300px\" \/><p id=\"caption-attachment-947\" class=\"wp-caption-text\">Das Schloss in den fr\u00fchen &#8216;900<\/p><\/div>\n<p>1880 kam es zu Auseinandersetzungen zwischen Oritani und Francavillesi; nach zahlreichen Verhaftungen seitens der Carabiniere begaben sich mehr als f\u00fcnftausend Francavillesi Bauern zum Gef\u00e4ngnis, um Gefangene zu befreien. Die Auseinandersetzungen setzten sich fort und verst\u00e4rkten sich derart, dass Soldaten aus Brindisi, Taranto, Bari und Lecce anr\u00fccken mussten, um die Situation zu kontrollieren. Am 21. September 1897 wurde die Stadt von einem m\u00e4chtigen Zyklon getroffen, der den westlichen und n\u00f6rdlichen Teil der Stadt und die meisten seiner antiken Monumente besch\u00e4digte. Das Schloss wurde erst im Jahre 1933 restauriert, nachdem die Grafen Martini-Carissimo das Grundst\u00fcck aufkauften. Im Jahr 1950 wurde Oria durch das Dekret des Pr\u00e4sidiums des Ministerrates der Stadttitel verleihen.<\/p>\n<\/div>\n<\/div>\n","protected":false},"excerpt":{"rendered":"<p>Von 1600 bis 1800 Nach 1500 war Oria nicht mehr der Mittelpunkt der gro\u00dfen Geschichte, und zugleich begann auch ein langsamer R\u00fcckgang der antiken Stadt; vielleicht kam die erste S\u00e4ule der &#8220;Dekadenz&#8221;, als sich Oria mit Franz I. gegen Karl V. verb\u00fcndete: Die Niederlage des franz\u00f6sischen K\u00f6nigs entfremdete Oria von der Gunst von Carlo V. [&hellip;]<\/p>\n","protected":false},"author":1,"featured_media":0,"parent":2,"menu_order":0,"comment_status":"closed","ping_status":"closed","template":"page-full-width.php","meta":[],"translation":{"provider":"WPGlobus","version":"2.12.0","language":"de","enabled_languages":["it","en","es","de","fr"],"languages":{"it":{"title":true,"content":true,"excerpt":false},"en":{"title":true,"content":true,"excerpt":false},"es":{"title":true,"content":true,"excerpt":false},"de":{"title":true,"content":true,"excerpt":false},"fr":{"title":true,"content":true,"excerpt":false}}},"aioseo_notices":[],"_links":{"self":[{"href":"http:\/\/storia.anticaoria.it\/de\/wp-json\/wp\/v2\/pages\/102"}],"collection":[{"href":"http:\/\/storia.anticaoria.it\/de\/wp-json\/wp\/v2\/pages"}],"about":[{"href":"http:\/\/storia.anticaoria.it\/de\/wp-json\/wp\/v2\/types\/page"}],"author":[{"embeddable":true,"href":"http:\/\/storia.anticaoria.it\/de\/wp-json\/wp\/v2\/users\/1"}],"replies":[{"embeddable":true,"href":"http:\/\/storia.anticaoria.it\/de\/wp-json\/wp\/v2\/comments?post=102"}],"version-history":[{"count":32,"href":"http:\/\/storia.anticaoria.it\/de\/wp-json\/wp\/v2\/pages\/102\/revisions"}],"predecessor-version":[{"id":328,"href":"http:\/\/storia.anticaoria.it\/de\/wp-json\/wp\/v2\/pages\/102\/revisions\/328"}],"up":[{"embeddable":true,"href":"http:\/\/storia.anticaoria.it\/de\/wp-json\/wp\/v2\/pages\/2"}],"wp:attachment":[{"href":"http:\/\/storia.anticaoria.it\/de\/wp-json\/wp\/v2\/media?parent=102"}],"curies":[{"name":"wp","href":"https:\/\/api.w.org\/{rel}","templated":true}]}}