{"id":424,"date":"2016-03-25T14:42:23","date_gmt":"2016-03-25T14:42:23","guid":{"rendered":"http:\/\/storia.anticaoria.it\/?page_id=424"},"modified":"2018-07-25T10:31:04","modified_gmt":"2018-07-25T10:31:04","slug":"federico-ii-e-il-regno-di-sicilia","status":"publish","type":"page","link":"http:\/\/storia.anticaoria.it\/de\/re-federico-ii-di-svevia\/federico-ii-e-il-regno-di-sicilia\/","title":{"rendered":"Federico II und das K\u00f6nigreich Sizilien"},"content":{"rendered":"<div class=\"story_box\">\n<div class=\"story_box_text\">\n\t\t<div id=\"attachment_413\" style=\"width: 272px\" class=\"wp-caption alignleft\"><img aria-describedby=\"caption-attachment-413\" decoding=\"async\" loading=\"lazy\" class=\"wp-image-413 \" src=\"\/wp-content\/uploads\/2016\/02\/Vecchia_cartina_della_Sicilia-300x260.jpg\" alt=\"Vecchia cartina della Sicilia\" width=\"262\" height=\"227\" srcset=\"http:\/\/storia.anticaoria.it\/wp-content\/uploads\/2016\/02\/Vecchia_cartina_della_Sicilia-300x260.jpg 300w, http:\/\/storia.anticaoria.it\/wp-content\/uploads\/2016\/02\/Vecchia_cartina_della_Sicilia.jpg 360w\" sizes=\"(max-width: 262px) 100vw, 262px\" \/><p id=\"caption-attachment-413\" class=\"wp-caption-text\">Alte Karte von Sizilien<\/p><\/div>\n<p>Nach dem Verlassen Deutschlands, dass er im Wesentlichen seinem Schicksal \u00fcberlie\u00df, lie\u00df sich Friedrich im K\u00f6nigreich Sizilien nieder, f\u00fcr dessen \u00c4nderung er sich stark einsetzte. Er reformierte die Gerichte und die Verwaltung des Reiches, organisierte Strukturen neu und schuf neue Arten von Beamten. Er erlie\u00df eine sehr wichtige Reihe von Gesetzen, einschlie\u00dflich der Konstitutionen von Melfi (1231), mit denen er sich darum bem\u00fchte, einen organisierten und koh\u00e4renten Staat zu schaffen, der nicht nur Verpflichtungen gegen\u00fcber der Regierung, sondern auch des Staates den B\u00fcrgern gegen\u00fcber vorsah. Es war ein Novum und viele betrachteten ihn als ersten modernen Herrscher. Federico stimulierte auch die Wirtschaft des K\u00f6nigreichs, intervenierte auf die Produktionsstruktur und versuchte, die St\u00e4dte zu beleben, von denen er einige selbst gr\u00fcndete (wie Augusta und Altamura). 1224 gr\u00fcndete Friedrich in Neapel die erste staatliche Universit\u00e4t.<\/p>\n<\/p><\/div>\n<\/div>\n","protected":false},"excerpt":{"rendered":"<p>Nach dem Verlassen Deutschlands, dass er im Wesentlichen seinem Schicksal \u00fcberlie\u00df, lie\u00df sich Friedrich im K\u00f6nigreich Sizilien nieder, f\u00fcr dessen \u00c4nderung er sich stark einsetzte. Er reformierte die Gerichte und die Verwaltung des Reiches, organisierte Strukturen neu und schuf neue Arten von Beamten. Er erlie\u00df eine sehr wichtige Reihe von Gesetzen, einschlie\u00dflich der Konstitutionen von [&hellip;]<\/p>\n","protected":false},"author":1,"featured_media":0,"parent":54,"menu_order":0,"comment_status":"closed","ping_status":"closed","template":"page-full-width.php","meta":[],"translation":{"provider":"WPGlobus","version":"2.12.0","language":"de","enabled_languages":["it","en","es","de","fr"],"languages":{"it":{"title":true,"content":true,"excerpt":false},"en":{"title":true,"content":true,"excerpt":false},"es":{"title":true,"content":true,"excerpt":false},"de":{"title":true,"content":true,"excerpt":false},"fr":{"title":true,"content":true,"excerpt":false}}},"aioseo_notices":[],"_links":{"self":[{"href":"http:\/\/storia.anticaoria.it\/de\/wp-json\/wp\/v2\/pages\/424"}],"collection":[{"href":"http:\/\/storia.anticaoria.it\/de\/wp-json\/wp\/v2\/pages"}],"about":[{"href":"http:\/\/storia.anticaoria.it\/de\/wp-json\/wp\/v2\/types\/page"}],"author":[{"embeddable":true,"href":"http:\/\/storia.anticaoria.it\/de\/wp-json\/wp\/v2\/users\/1"}],"replies":[{"embeddable":true,"href":"http:\/\/storia.anticaoria.it\/de\/wp-json\/wp\/v2\/comments?post=424"}],"version-history":[{"count":30,"href":"http:\/\/storia.anticaoria.it\/de\/wp-json\/wp\/v2\/pages\/424\/revisions"}],"predecessor-version":[{"id":3512,"href":"http:\/\/storia.anticaoria.it\/de\/wp-json\/wp\/v2\/pages\/424\/revisions\/3512"}],"up":[{"embeddable":true,"href":"http:\/\/storia.anticaoria.it\/de\/wp-json\/wp\/v2\/pages\/54"}],"wp:attachment":[{"href":"http:\/\/storia.anticaoria.it\/de\/wp-json\/wp\/v2\/media?parent=424"}],"curies":[{"name":"wp","href":"https:\/\/api.w.org\/{rel}","templated":true}]}}