{"id":93,"date":"2016-03-03T15:38:35","date_gmt":"2016-03-03T15:38:35","guid":{"rendered":"http:\/\/storia.anticaoria.it\/?page_id=93"},"modified":"2018-07-25T08:48:30","modified_gmt":"2018-07-25T08:48:30","slug":"dalla-preistoria-alla-fase-messapica","status":"publish","type":"page","link":"http:\/\/storia.anticaoria.it\/de\/la-antica-storia-di-oria\/dalla-preistoria-alla-fase-messapica\/","title":{"rendered":"Von der Pr\u00e4historie zur Zeit der Messapier"},"content":{"rendered":"<div class=\"story_box\">\n<h2>Pr\u00e4historische Phase<\/h2>\n<div class=\"story_box_text\">\n\t\t<div id=\"attachment_949\" style=\"width: 310px\" class=\"wp-caption alignleft\"><img aria-describedby=\"caption-attachment-949\" decoding=\"async\" loading=\"lazy\" class=\"wp-image-949 size-medium\" src=\"\/wp-content\/uploads\/2016\/03\/284991-thumb-full-oria1-300x169.jpg\" alt=\"284991-thumb-full-oria1\" width=\"300\" height=\"169\" srcset=\"http:\/\/storia.anticaoria.it\/wp-content\/uploads\/2016\/03\/284991-thumb-full-oria1-300x169.jpg 300w, http:\/\/storia.anticaoria.it\/wp-content\/uploads\/2016\/03\/284991-thumb-full-oria1.jpg 640w\" sizes=\"(max-width: 300px) 100vw, 300px\" \/><p id=\"caption-attachment-949\" class=\"wp-caption-text\">Arch\u00e4ologische Funde<\/p><\/div>\n<p>Wir haben menschliche Spuren, die bis in die pr\u00e4historische Zeit zur\u00fcckgehen. Die lytischen Funde (Spitze und Speere) und die pr\u00e4historischen Tonwaren in den Bezirken Laurito und San Giovanni Lo Pariete gehen zur\u00fcck bis in die Steinzeit.<\/p>\n<\/p><\/div>\n<h2>Die Gr\u00fcndung der Stadt<\/h2>\n<div class=\"story_box_text\">\n<p>Die Stadt Oria geht nach Meinung des Historikers Gaspare Papatodero auf das Jahr 1007 vor Christus zur\u00fcck. Der Ursprung wird der minoisch-kretischen Bev\u00f6lkerung zugeschrieben, die nach dem Historiker Herodot, als Schiffbr\u00fcchige an die K\u00fcste von Apulien gestrandet sind und sich auf dem aktuellen Gebiet von Oria niedergelassen und so das antike Dorf Hyria (sehr h\u00e4ufiger Name im \u00c4g\u00e4ischen Meer) gegr\u00fcndet haben, auf die der heutige Stadtname zur\u00fcck geht. Diese These wird nicht nur durch die griechischen Schriften, sondern vor allem durch die vielen Funde minoischer und kretischer Kunst belegt, ein Zeichen, dass der Einfluss und die griechische Tradition in der Gegend sehr stark war.<\/p>\n<\/p><\/div>\n<h2>Phase der Messapier<\/h2>\n<div class=\"story_box_text\">\n\t\t<div id=\"attachment_951\" style=\"width: 223px\" class=\"wp-caption alignleft\"><img aria-describedby=\"caption-attachment-951\" decoding=\"async\" loading=\"lazy\" class=\"wp-image-951 \" src=\"\/wp-content\/uploads\/2016\/03\/monete-150x150.jpg\" alt=\"monete\" width=\"213\" height=\"213\" \/><p id=\"caption-attachment-951\" class=\"wp-caption-text\">Pr\u00e4historischen M\u00fcnzen<\/p><\/div>\n<p>Nach der Universit\u00e4t von Amsterdam wurde Oria im achten Jahrhundert vor Christus zu einem Stadtstaat. Seine Konstruktion weist einen g\u00e4nzlich italienisch-meridionalen Stil auf (bewohnte Gebiete auf den h\u00f6chsten H\u00fcgeln der Gegend, ein gutes Beispiel daf\u00fcr ist Rom), es erscheinen die ersten \u00f6ffentlichen Geb\u00e4ude und die ersten Templergeb\u00e4ude.<\/p>\n<p>In dieser Zeit kennt Oria sowohl vom wirtschaftlichen Standpunkt, als auch aus der Sicht des Einflusses auf die umliegenden Gebiete eine starke Expansion.<\/p>\n<p>Es gibt viele Funde (M\u00fcnzen, Keramik), die die Beziehung in jener Zeit und dar\u00fcber hinaus mit den gro\u00dfen St\u00e4dten der Messapier (Sybaris und Metaponto) bezeugen. Ber\u00fchmt sind die Beziehungen mit den St\u00e4dten Magna Grecia, darunter die Hass-Liebes-Beziehung mit den naheliegenden Taranto, das periodisch einen bl\u00fchenden Kulturaustausch aufwies und in anderen Perioden gro\u00dfe Spannungen, einschlie\u00dflich Krieg, in dem die Stadt sich gegen\u00fcber der Koalition Taranto-Reggina konfrontiert und siegen sah, verursacht hat. Herodot schreibt \u00fcber diesen Vorfall: &#8221;das war das gr\u00f6\u00dfte Massaker der Griechen und Reggini, das wir kennen und der Reggeni starben 3000 Soldaten, die Verluste der Tarantini konnte nicht einmal mehr gez\u00e4hlt werden&#8221;.<\/p>\n<\/p><\/div>\n<\/div>\n","protected":false},"excerpt":{"rendered":"<p>Pr\u00e4historische Phase Wir haben menschliche Spuren, die bis in die pr\u00e4historische Zeit zur\u00fcckgehen. Die lytischen Funde (Spitze und Speere) und die pr\u00e4historischen Tonwaren in den Bezirken Laurito und San Giovanni Lo Pariete gehen zur\u00fcck bis in die Steinzeit. Die Gr\u00fcndung der Stadt Die Stadt Oria geht nach Meinung des Historikers Gaspare Papatodero auf das Jahr [&hellip;]<\/p>\n","protected":false},"author":1,"featured_media":0,"parent":2,"menu_order":0,"comment_status":"closed","ping_status":"closed","template":"page-full-width.php","meta":[],"translation":{"provider":"WPGlobus","version":"2.12.0","language":"de","enabled_languages":["it","en","es","de","fr"],"languages":{"it":{"title":true,"content":true,"excerpt":false},"en":{"title":true,"content":true,"excerpt":false},"es":{"title":true,"content":true,"excerpt":false},"de":{"title":true,"content":true,"excerpt":false},"fr":{"title":true,"content":true,"excerpt":false}}},"aioseo_notices":[],"_links":{"self":[{"href":"http:\/\/storia.anticaoria.it\/de\/wp-json\/wp\/v2\/pages\/93"}],"collection":[{"href":"http:\/\/storia.anticaoria.it\/de\/wp-json\/wp\/v2\/pages"}],"about":[{"href":"http:\/\/storia.anticaoria.it\/de\/wp-json\/wp\/v2\/types\/page"}],"author":[{"embeddable":true,"href":"http:\/\/storia.anticaoria.it\/de\/wp-json\/wp\/v2\/users\/1"}],"replies":[{"embeddable":true,"href":"http:\/\/storia.anticaoria.it\/de\/wp-json\/wp\/v2\/comments?post=93"}],"version-history":[{"count":51,"href":"http:\/\/storia.anticaoria.it\/de\/wp-json\/wp\/v2\/pages\/93\/revisions"}],"predecessor-version":[{"id":3482,"href":"http:\/\/storia.anticaoria.it\/de\/wp-json\/wp\/v2\/pages\/93\/revisions\/3482"}],"up":[{"embeddable":true,"href":"http:\/\/storia.anticaoria.it\/de\/wp-json\/wp\/v2\/pages\/2"}],"wp:attachment":[{"href":"http:\/\/storia.anticaoria.it\/de\/wp-json\/wp\/v2\/media?parent=93"}],"curies":[{"name":"wp","href":"https:\/\/api.w.org\/{rel}","templated":true}]}}