{"id":98,"date":"2016-03-03T15:43:49","date_gmt":"2016-03-03T15:43:49","guid":{"rendered":"http:\/\/storia.anticaoria.it\/?page_id=98"},"modified":"2018-07-24T15:15:29","modified_gmt":"2018-07-24T15:15:29","slug":"basso-e-alto-medioevo","status":"publish","type":"page","link":"http:\/\/storia.anticaoria.it\/de\/la-antica-storia-di-oria\/basso-e-alto-medioevo\/","title":{"rendered":"Fr\u00fch- und Hochmittelalter"},"content":{"rendered":"<div class=\"story_box\">\n<h2>Mittelalterliche Phase<\/h2>\n<div class=\"story_box_text\"><img decoding=\"async\" loading=\"lazy\" class=\"alignleft size-medium wp-image-959\" src=\"\/wp-content\/uploads\/2016\/03\/giudaismo-300x185.jpg\" alt=\"giudaismo\" width=\"300\" height=\"185\" srcset=\"http:\/\/storia.anticaoria.it\/wp-content\/uploads\/2016\/03\/giudaismo-300x185.jpg 300w, http:\/\/storia.anticaoria.it\/wp-content\/uploads\/2016\/03\/giudaismo-1024x632.jpg 1024w, http:\/\/storia.anticaoria.it\/wp-content\/uploads\/2016\/03\/giudaismo.jpg 1600w\" sizes=\"(max-width: 300px) 100vw, 300px\" \/>Das Gl\u00fcck von Oria im Mittelalter (zwischen dem siebten und zw\u00f6lften Jahrhundert) geht vor allem auf die m\u00e4chtige und weise j\u00fcdische Gemeinde zur\u00fcck, die in Europa zu den ber\u00fchmtesten und prestigetr\u00e4chtigsten geh\u00f6rt. Die Stadt hat unz\u00e4hlige Gelehrte, Philosophen, Dichter und \u00c4rzte herausgebracht. Die j\u00fcdischen Lehrer Orias heben sich aufgrund ihres Studium der Tora ab und wegen ihrer doktrinalen Ausarbeitung gelten sie als Vorl\u00e4ufer kabbalistischer Studien.<\/p>\n<\/div>\n<h2>Das Hochmittelalter<\/h2>\n<div class=\"story_box_text\"><img decoding=\"async\" loading=\"lazy\" class=\"size-medium wp-image-957 alignright\" src=\"\/wp-content\/uploads\/2016\/03\/1024px-Byzantine_Greek_Alexander_Manuscript_Cataphract_cropped-300x217.jpg\" alt=\"1024px-Byzantine_Greek_Alexander_Manuscript_Cataphract_cropped\" width=\"300\" height=\"217\" srcset=\"http:\/\/storia.anticaoria.it\/wp-content\/uploads\/2016\/03\/1024px-Byzantine_Greek_Alexander_Manuscript_Cataphract_cropped-300x217.jpg 300w, http:\/\/storia.anticaoria.it\/wp-content\/uploads\/2016\/03\/1024px-Byzantine_Greek_Alexander_Manuscript_Cataphract_cropped.jpg 1024w\" sizes=\"(max-width: 300px) 100vw, 300px\" \/>Die Pr\u00e4senz des Bischofs, dem ersten Bischof Reparato, geht auf das Jahr 606 zur\u00fcck. Dieser Name bezieht sich auf die Langobarden. Mit dem Mittelalter, wie es oft geschieht, wurde die Nachrichten immer knapper und weniger sicher, vor allem w\u00e4hrend des griechisch-gotischen Krieges. Doch die Bedeutung von Oria wuchs, im Gegensatz zum R\u00fcckgang von Brindisi. Daf\u00fcr kann es viele Gr\u00fcnde geben: Sehr wahrscheinlich war Oria einfacher zu verteidigen, die l\u00e4ndliche Umgebung entv\u00f6lkerte sich im Gegensatz zur Stadt. Oria hielt also auch im sechsten und siebten Jahrhundert den Rand der Civitas bei. Danach war Oria ein \u00dcbergangsbereich zwischen den Byzantinern und den Langobarden in der Stadt, in der Tat muss es an dieser Stelle die sogenannte Limitone der Griechen gegeben haben, eine Art Grenze zwischen langobardischen und byzantinischen Gebieten.<\/p>\n<\/div>\n<h2>Die Herrschaft der Sarazenen<\/h2>\n<div class=\"story_box_text\"><img decoding=\"async\" loading=\"lazy\" class=\"alignleft wp-image-960\" src=\"\/wp-content\/uploads\/2016\/03\/saraceni-300x185.jpg\" alt=\"saraceni\" width=\"350\" height=\"216\" srcset=\"http:\/\/storia.anticaoria.it\/wp-content\/uploads\/2016\/03\/saraceni-300x185.jpg 300w, http:\/\/storia.anticaoria.it\/wp-content\/uploads\/2016\/03\/saraceni.jpg 325w\" sizes=\"(max-width: 350px) 100vw, 350px\" \/>Der Kaiser Ludwig II. begab sich 867 nach Oria, um sie von den Sarazenen zu befreien, aber die Angriffe h\u00f6rten nicht auf, er nutzte die Situation, um die Stadt den Langobarden zu entnehmen: In der Tat war Oria, entsprechend dem aktuellen Stand der Studien, die fortgeschrittene Hochburg der Langobarden und im Salento einfacher zu verteidigen. Im Jahre 880, als das Gebiet schlie\u00dflich unter Basil I. in byzantinische H\u00e4nde fiel, wurde Oria vom Protospatharius Gaideris von Benevent, Prinz von Benevent im Exil, regiert, weil die Bev\u00f6lkerung wahrscheinlich stark &#8220;langobardisiert&#8221; war. 924 setzten die Sarazenen die Stadt in Brand: Es gab viele Tote und viele Juden und Bewohner Orias wurden als Sklaven nach Afrika deportiert. Die Stadtverlor dennoch nicht an Bedeutung, bis sie 977 einen schweren Schlag erlitt und vollst\u00e4ndig zerst\u00f6rt wurde. In dieser Zeit stand das Gebiet Orias unter byzantinischer Herrschaft; allerdings kann es im elften Jahrhundert zum Aufstieg der Normannen: 1062 wurde Oria von Unfredo von Altavilla erobert.<\/p>\n<\/div>\n<h2>Federico II<\/h2>\n<div class=\"story_box_text\">\n<div id=\"attachment_411\" style=\"width: 163px\" class=\"wp-caption alignright\"><img aria-describedby=\"caption-attachment-411\" decoding=\"async\" loading=\"lazy\" class=\"wp-image-411\" src=\"\/wp-content\/uploads\/2016\/02\/419_0-226x300.jpg\" alt=\"Re Federico II\" width=\"153\" height=\"203\" \/><p id=\"caption-attachment-411\" class=\"wp-caption-text\">K\u00f6nig Friedrich II<\/p><\/div>\n<p>Federico II. unterstellt 1220 die meisten Schl\u00f6sser des K\u00f6nigkreichs Sizilien unter staatliche Kontrolle. Gleiches Schicksal erlebt die Burg von Oria, f\u00fcr die eine Reihe von Verpflichtungen im Zusammenhang mit der Umstrukturierung, an der Ceglie Messapica, der Weiler Santa Maria dei Grani s\u00fcdlich der Villa Castelli, die Bewohner von Oria, einige Bisch\u00f6fe der Di\u00f6zesen von Ostuni und Ugento, einige \u00c4bte und zahlreiche Adlige, darunter zwei Frauen beteiligt waren, etabliert werden. Oria rebellierte gegen Manfredi, erlebte eine weitere Belagerung. Sp\u00e4ter unterstand die Stadt der agevinischen Herrschaft.<\/p>\n<\/div>\n<\/div>\n","protected":false},"excerpt":{"rendered":"<p>Mittelalterliche Phase Das Gl\u00fcck von Oria im Mittelalter (zwischen dem siebten und zw\u00f6lften Jahrhundert) geht vor allem auf die m\u00e4chtige und weise j\u00fcdische Gemeinde zur\u00fcck, die in Europa zu den ber\u00fchmtesten und prestigetr\u00e4chtigsten geh\u00f6rt. Die Stadt hat unz\u00e4hlige Gelehrte, Philosophen, Dichter und \u00c4rzte herausgebracht. Die j\u00fcdischen Lehrer Orias heben sich aufgrund ihres Studium der Tora [&hellip;]<\/p>\n","protected":false},"author":1,"featured_media":0,"parent":2,"menu_order":0,"comment_status":"closed","ping_status":"closed","template":"page-full-width.php","meta":[],"translation":{"provider":"WPGlobus","version":"2.12.0","language":"de","enabled_languages":["it","en","es","de","fr"],"languages":{"it":{"title":true,"content":true,"excerpt":false},"en":{"title":true,"content":true,"excerpt":false},"es":{"title":true,"content":true,"excerpt":false},"de":{"title":true,"content":true,"excerpt":false},"fr":{"title":true,"content":true,"excerpt":false}}},"aioseo_notices":[],"_links":{"self":[{"href":"http:\/\/storia.anticaoria.it\/de\/wp-json\/wp\/v2\/pages\/98"}],"collection":[{"href":"http:\/\/storia.anticaoria.it\/de\/wp-json\/wp\/v2\/pages"}],"about":[{"href":"http:\/\/storia.anticaoria.it\/de\/wp-json\/wp\/v2\/types\/page"}],"author":[{"embeddable":true,"href":"http:\/\/storia.anticaoria.it\/de\/wp-json\/wp\/v2\/users\/1"}],"replies":[{"embeddable":true,"href":"http:\/\/storia.anticaoria.it\/de\/wp-json\/wp\/v2\/comments?post=98"}],"version-history":[{"count":56,"href":"http:\/\/storia.anticaoria.it\/de\/wp-json\/wp\/v2\/pages\/98\/revisions"}],"predecessor-version":[{"id":3476,"href":"http:\/\/storia.anticaoria.it\/de\/wp-json\/wp\/v2\/pages\/98\/revisions\/3476"}],"up":[{"embeddable":true,"href":"http:\/\/storia.anticaoria.it\/de\/wp-json\/wp\/v2\/pages\/2"}],"wp:attachment":[{"href":"http:\/\/storia.anticaoria.it\/de\/wp-json\/wp\/v2\/media?parent=98"}],"curies":[{"name":"wp","href":"https:\/\/api.w.org\/{rel}","templated":true}]}}