{"id":424,"date":"2016-03-25T14:42:23","date_gmt":"2016-03-25T14:42:23","guid":{"rendered":"http:\/\/storia.anticaoria.it\/?page_id=424"},"modified":"2018-07-25T10:31:04","modified_gmt":"2018-07-25T10:31:04","slug":"federico-ii-e-il-regno-di-sicilia","status":"publish","type":"page","link":"http:\/\/storia.anticaoria.it\/es\/re-federico-ii-di-svevia\/federico-ii-e-il-regno-di-sicilia\/","title":{"rendered":"Federico II y el reino de Sicilia"},"content":{"rendered":"<div class=\"story_box\">\n<div class=\"story_box_text\">\n\t\t<div id=\"attachment_413\" style=\"width: 272px\" class=\"wp-caption alignleft\"><img aria-describedby=\"caption-attachment-413\" decoding=\"async\" loading=\"lazy\" class=\"wp-image-413 \" src=\"\/wp-content\/uploads\/2016\/02\/Vecchia_cartina_della_Sicilia-300x260.jpg\" alt=\"Vecchia cartina della Sicilia\" width=\"262\" height=\"227\" srcset=\"http:\/\/storia.anticaoria.it\/wp-content\/uploads\/2016\/02\/Vecchia_cartina_della_Sicilia-300x260.jpg 300w, http:\/\/storia.anticaoria.it\/wp-content\/uploads\/2016\/02\/Vecchia_cartina_della_Sicilia.jpg 360w\" sizes=\"(max-width: 262px) 100vw, 262px\" \/><p id=\"caption-attachment-413\" class=\"wp-caption-text\">Viejo mapa de Sicilia<\/p><\/div>\n<p>Una vez que dej\u00f3  Alemania, la cual abandon\u00f3 de manera sustancial a su proprio destino, Federico se estableci\u00f3 en el reino de Sicilia, quien de manera muy decidida se esforz\u00f3 para poder transformarla. Reform\u00f3 los tribunales y la administraci\u00f3n del Reino, reorganizando las estructuras y creando nuevas figuras. Eman\u00f3 una importante serie de leyes entre las cuales: Las Constituciones  de Melfi (1231) con las cuales trat\u00f3 de realizar un estado organizado y coherente que no contaba solamente con obligaciones de parte de los s\u00fabditos hacia el gobierno, sino tambi\u00e9n del Estado hacia sus ciudadanos. Era una novedad absoluta y muchos hab\u00edan  visto en \u00e9l al primer soberano de molde moderno. Federico estimul\u00f3 tambi\u00e9n la econom\u00eda del reino, interviniendo sobretodo en la estructura productiva y tratando de revitalizar las ciudades, algunas de las cuales (Augusta y Altamura) fundadas por \u00e9l mismo. En 1224 Federico fund\u00f3 la primera universidad estatal en N\u00e1poles.<\/p>\n<\/p><\/div>\n<\/div>\n","protected":false},"excerpt":{"rendered":"<p>Una vez que dej\u00f3 Alemania, la cual abandon\u00f3 de manera sustancial a su proprio destino, Federico se estableci\u00f3 en el reino de Sicilia, quien de manera muy decidida se esforz\u00f3 para poder transformarla. Reform\u00f3 los tribunales y la administraci\u00f3n del Reino, reorganizando las estructuras y creando nuevas figuras. Eman\u00f3 una importante serie de leyes entre [&hellip;]<\/p>\n","protected":false},"author":1,"featured_media":0,"parent":54,"menu_order":0,"comment_status":"closed","ping_status":"closed","template":"page-full-width.php","meta":[],"translation":{"provider":"WPGlobus","version":"2.12.0","language":"es","enabled_languages":["it","en","es","de","fr"],"languages":{"it":{"title":true,"content":true,"excerpt":false},"en":{"title":true,"content":true,"excerpt":false},"es":{"title":true,"content":true,"excerpt":false},"de":{"title":true,"content":true,"excerpt":false},"fr":{"title":true,"content":true,"excerpt":false}}},"aioseo_notices":[],"_links":{"self":[{"href":"http:\/\/storia.anticaoria.it\/es\/wp-json\/wp\/v2\/pages\/424"}],"collection":[{"href":"http:\/\/storia.anticaoria.it\/es\/wp-json\/wp\/v2\/pages"}],"about":[{"href":"http:\/\/storia.anticaoria.it\/es\/wp-json\/wp\/v2\/types\/page"}],"author":[{"embeddable":true,"href":"http:\/\/storia.anticaoria.it\/es\/wp-json\/wp\/v2\/users\/1"}],"replies":[{"embeddable":true,"href":"http:\/\/storia.anticaoria.it\/es\/wp-json\/wp\/v2\/comments?post=424"}],"version-history":[{"count":30,"href":"http:\/\/storia.anticaoria.it\/es\/wp-json\/wp\/v2\/pages\/424\/revisions"}],"predecessor-version":[{"id":3512,"href":"http:\/\/storia.anticaoria.it\/es\/wp-json\/wp\/v2\/pages\/424\/revisions\/3512"}],"up":[{"embeddable":true,"href":"http:\/\/storia.anticaoria.it\/es\/wp-json\/wp\/v2\/pages\/54"}],"wp:attachment":[{"href":"http:\/\/storia.anticaoria.it\/es\/wp-json\/wp\/v2\/media?parent=424"}],"curies":[{"name":"wp","href":"https:\/\/api.w.org\/{rel}","templated":true}]}}