{"id":428,"date":"2016-03-25T14:43:29","date_gmt":"2016-03-25T14:43:29","guid":{"rendered":"http:\/\/storia.anticaoria.it\/?page_id=428"},"modified":"2018-07-25T10:34:26","modified_gmt":"2018-07-25T10:34:26","slug":"la-corte-di-federico-ii","status":"publish","type":"page","link":"http:\/\/storia.anticaoria.it\/es\/re-federico-ii-di-svevia\/la-corte-di-federico-ii\/","title":{"rendered":"La corte de Federico II"},"content":{"rendered":"<div class=\"story_box\">\n<div class=\"story_box_text\">\n\t\t<div id=\"attachment_476\" style=\"width: 338px\" class=\"wp-caption alignleft\"><img aria-describedby=\"caption-attachment-476\" decoding=\"async\" loading=\"lazy\" class=\" wp-image-476\" src=\"\/wp-content\/uploads\/2016\/03\/pic9ec77ebf74e4e8e0090175147af93ad3-300x200.jpg\" alt=\"Leonardo Fibonacci\" width=\"328\" height=\"219\" srcset=\"http:\/\/storia.anticaoria.it\/wp-content\/uploads\/2016\/03\/pic9ec77ebf74e4e8e0090175147af93ad3-300x200.jpg 300w, http:\/\/storia.anticaoria.it\/wp-content\/uploads\/2016\/03\/pic9ec77ebf74e4e8e0090175147af93ad3-768x512.jpg 768w, http:\/\/storia.anticaoria.it\/wp-content\/uploads\/2016\/03\/pic9ec77ebf74e4e8e0090175147af93ad3-1024x683.jpg 1024w, http:\/\/storia.anticaoria.it\/wp-content\/uploads\/2016\/03\/pic9ec77ebf74e4e8e0090175147af93ad3.jpg 1260w\" sizes=\"(max-width: 328px) 100vw, 328px\" \/><p id=\"caption-attachment-476\" class=\"wp-caption-text\">Leonardo Fibonacci<\/p><\/div>\n<p>La sed de saber m\u00e1s hace que Federico II hospede en su corte a importantes personalidades de la cultura. Gracias a su iniciativa se deben las traducciones de obras de la tradici\u00f3n filos\u00f3fica, griega y \u00e1rabe hasta entonces desconocidas, en modo particular la de Arist\u00f3teles. Posteriormente Federico mantiene relaciones con el c\u00e9lebre matem\u00e1tico Leonardo Fibonacci con conocimientos y sabidur\u00eda hebrea, \u00e1rabe y griega. Una personalidad de gran auge que le acompa\u00f1a es la de Pier delle Vigne, que fue un \u00edntimo colaborador y portavoz. Favoreci\u00f3 la escuela po\u00e9tica siciliana y el mismo compone poes\u00edas amorosas. Coleccion\u00f3 esculturas y herencias antiguas y se hizo reproducir copias de obras del pasado; adem\u00e1s sigui\u00f3 personalmente el proyecto de la \u201cPorta di Capua\u201d un monumentos rico en referencias de la antig\u00fcedad romana, dado que en la entrada del reino ten\u00eda que dar testimonio acerca de los valores a los cuales se inspiraba su monarqu\u00eda. Cre\u00f3 un reino, una red de castillos debido a la exigencia de controles, pero lo hizo tambi\u00e9n para poder favorecer sus pasatiempos como por ejemplo la caza.<\/p>\n<\/p><\/div>\n<\/div>\n","protected":false},"excerpt":{"rendered":"<p>La sed de saber m\u00e1s hace que Federico II hospede en su corte a importantes personalidades de la cultura. Gracias a su iniciativa se deben las traducciones de obras de la tradici\u00f3n filos\u00f3fica, griega y \u00e1rabe hasta entonces desconocidas, en modo particular la de Arist\u00f3teles. Posteriormente Federico mantiene relaciones con el c\u00e9lebre matem\u00e1tico Leonardo Fibonacci [&hellip;]<\/p>\n","protected":false},"author":1,"featured_media":0,"parent":54,"menu_order":0,"comment_status":"closed","ping_status":"closed","template":"page-full-width.php","meta":[],"translation":{"provider":"WPGlobus","version":"2.12.0","language":"es","enabled_languages":["it","en","es","de","fr"],"languages":{"it":{"title":true,"content":true,"excerpt":false},"en":{"title":true,"content":true,"excerpt":false},"es":{"title":true,"content":true,"excerpt":false},"de":{"title":true,"content":true,"excerpt":false},"fr":{"title":true,"content":true,"excerpt":false}}},"aioseo_notices":[],"_links":{"self":[{"href":"http:\/\/storia.anticaoria.it\/es\/wp-json\/wp\/v2\/pages\/428"}],"collection":[{"href":"http:\/\/storia.anticaoria.it\/es\/wp-json\/wp\/v2\/pages"}],"about":[{"href":"http:\/\/storia.anticaoria.it\/es\/wp-json\/wp\/v2\/types\/page"}],"author":[{"embeddable":true,"href":"http:\/\/storia.anticaoria.it\/es\/wp-json\/wp\/v2\/users\/1"}],"replies":[{"embeddable":true,"href":"http:\/\/storia.anticaoria.it\/es\/wp-json\/wp\/v2\/comments?post=428"}],"version-history":[{"count":25,"href":"http:\/\/storia.anticaoria.it\/es\/wp-json\/wp\/v2\/pages\/428\/revisions"}],"predecessor-version":[{"id":3513,"href":"http:\/\/storia.anticaoria.it\/es\/wp-json\/wp\/v2\/pages\/428\/revisions\/3513"}],"up":[{"embeddable":true,"href":"http:\/\/storia.anticaoria.it\/es\/wp-json\/wp\/v2\/pages\/54"}],"wp:attachment":[{"href":"http:\/\/storia.anticaoria.it\/es\/wp-json\/wp\/v2\/media?parent=428"}],"curies":[{"name":"wp","href":"https:\/\/api.w.org\/{rel}","templated":true}]}}