{"id":56,"date":"2016-02-29T15:52:53","date_gmt":"2016-02-29T15:52:53","guid":{"rendered":"http:\/\/storia.anticaoria.it\/?page_id=56"},"modified":"2018-07-24T15:28:05","modified_gmt":"2018-07-24T15:28:05","slug":"la-comunita-ebraica","status":"publish","type":"page","link":"http:\/\/storia.anticaoria.it\/es\/la-comunita-ebraica\/","title":{"rendered":"La comunidad Hebrea"},"content":{"rendered":"<div class=\"story_box\">\n<div class=\"story_box_text\">\n<div id=\"attachment_975\" style=\"width: 310px\" class=\"wp-caption alignleft\"><img aria-describedby=\"caption-attachment-975\" decoding=\"async\" loading=\"lazy\" class=\"wp-image-975 size-medium\" src=\"\/wp-content\/uploads\/2016\/02\/Jewish61_r1_566_356_c1-300x189.jpg\" alt=\"La Torah\" width=\"300\" height=\"189\" srcset=\"http:\/\/storia.anticaoria.it\/wp-content\/uploads\/2016\/02\/Jewish61_r1_566_356_c1-300x189.jpg 300w, http:\/\/storia.anticaoria.it\/wp-content\/uploads\/2016\/02\/Jewish61_r1_566_356_c1.jpg 566w\" sizes=\"(max-width: 300px) 100vw, 300px\" \/><p id=\"caption-attachment-975\" class=\"wp-caption-text\">La Torah<\/p><\/div>\n<p>La fortuna de Oria en la Edad Media entre los siglo VII y X se deb\u00eda sobretodo a su sabia comunidad hebrea, entre las m\u00e1s ilustres y prestigiosas de Europa, con sus fil\u00f3sofos, poetas y m\u00e9dicos. Los maestros hebreos orianos se distinguieron sobretodo por el estudio de los midrashim y Torah y a trav\u00e9s de su elaboraci\u00f3n doctrinal fueron los precursores de los estudios cabal\u00edsticos. La comunidad de Oria en el siglo X se extingue si\u00e9ndole fiel al Talmud palestino. El hijo m\u00e1s conocido de Oria es Shabbetaj Donnolo sabio narrador b\u00edblico del Libro de la Creaci\u00f3n, un culto m\u00e9dico muy abierto hacia la cultura cristiana, sea de rito romano que griego.<\/p>\n<\/div>\n<h2>Shabbataj Ben Abraham Donnolo<\/h2>\n<div class=\"story_box_text\">\n<div id=\"attachment_1379\" style=\"width: 270px\" class=\"wp-caption alignright\"><img aria-describedby=\"caption-attachment-1379\" decoding=\"async\" loading=\"lazy\" class=\"size-medium wp-image-1379\" src=\"\/wp-content\/uploads\/2016\/02\/IMG_8477-260x300.jpg\" alt=\"Shabbataj Ben Abraham Donnolo\" width=\"260\" height=\"300\" srcset=\"http:\/\/storia.anticaoria.it\/wp-content\/uploads\/2016\/02\/IMG_8477-260x300.jpg 260w, http:\/\/storia.anticaoria.it\/wp-content\/uploads\/2016\/02\/IMG_8477-886x1024.jpg 886w, http:\/\/storia.anticaoria.it\/wp-content\/uploads\/2016\/02\/IMG_8477.jpg 1886w\" sizes=\"(max-width: 260px) 100vw, 260px\" \/><p id=\"caption-attachment-1379\" class=\"wp-caption-text\">Shabbataj Ben Abraham Donnolo<\/p><\/div>\n<p>El hijo m\u00e1s conocido de Oria es Shabbetaj Donnolo sabio comentador b\u00edblico del libro de la Creaci\u00f3n, reconocido m\u00e9dico abierto a comparaciones con la cultura cristiana, sea de rito romano que griego. Donnolo, gracias a su sabidur\u00eda y a su pericia no com\u00fan, anticipa el arquiatra, figura t\u00edpica de la Edad Media Baja. La fama de Donnolo se suma a la de los sabios de Oria, principalmente &#8220;payyetanim&#8221; entre los cuales Amittai ben Shefatiah, el cronista Ahimaaz ben Paltiel, que se declara descendiente de la prestigiosa familia hebrea-oriana. De esta influyente familia quedan como testimonio el Rione de Judea y la Puerta de los Hebreos. La mayor parte de los hebreos fueron asesinados durante el asedio o hechos esclavos y deportados a Sicilia y T\u00fanez, del mismo modo a Donnolo lo hicieron prisionero para luego ser rescatado en Taranto gracias al dinero de su familia.<\/p>\n<\/div>\n<h2>Cementerios<\/h2>\n<div class=\"story_box_text\">\n<div id=\"attachment_977\" style=\"width: 310px\" class=\"wp-caption alignleft\"><img aria-describedby=\"caption-attachment-977\" decoding=\"async\" loading=\"lazy\" class=\"wp-image-977 size-medium\" src=\"\/wp-content\/uploads\/2016\/02\/rebraico1-300x199.jpg\" alt=\"Cimitero Ebraico\" width=\"300\" height=\"199\" srcset=\"http:\/\/storia.anticaoria.it\/wp-content\/uploads\/2016\/02\/rebraico1-300x199.jpg 300w, http:\/\/storia.anticaoria.it\/wp-content\/uploads\/2016\/02\/rebraico1.jpg 530w\" sizes=\"(max-width: 300px) 100vw, 300px\" \/><p id=\"caption-attachment-977\" class=\"wp-caption-text\">Cementerio jud\u00edo<\/p><\/div>\n<p>Una necr\u00f3polis fue identificada a finales de los a\u00f1os 70 por el profesor Cesare Colafemmina. De los hallazgos epigr\u00e1ficos es probable que exista una segunda necr\u00f3polis hebrea. Una l\u00e1pida ep\u00edgrafe biling\u00fce en hebreo y en lat\u00edn fue conservada en la Biblioteca Comunal de Oria. Otras forman parte de otras colecciones privadas. Las producciones literarias de Amittai el Viejo ha influenciado el rito f\u00fanebre de la comunidad hebrea de Brindisi y de su composici\u00f3n quedan rastros tambi\u00e9n en el rito f\u00fanebre romano.<\/p>\n<\/div>\n<h2>Leyendas<\/h2>\n<div class=\"story_box_text\">\n<div id=\"attachment_976\" style=\"width: 152px\" class=\"wp-caption alignright\"><img aria-describedby=\"caption-attachment-976\" decoding=\"async\" loading=\"lazy\" class=\"wp-image-976\" src=\"\/wp-content\/uploads\/2016\/02\/Golem_and_Loew-172x300.jpg\" alt=\"Il Golem\" width=\"142\" height=\"248\" srcset=\"http:\/\/storia.anticaoria.it\/wp-content\/uploads\/2016\/02\/Golem_and_Loew-172x300.jpg 172w, http:\/\/storia.anticaoria.it\/wp-content\/uploads\/2016\/02\/Golem_and_Loew.jpg 274w\" sizes=\"(max-width: 142px) 100vw, 142px\" \/><p id=\"caption-attachment-976\" class=\"wp-caption-text\">El Golem<\/p><\/div>\n<p>Las m\u00e1s antiguas leyendas de Oria est\u00e1n documentadas en la literatura hebrea y est\u00e1n asociadas a la comunidad hebrea de Oria. Una es el Golem de Oria, un ni\u00f1o resucitado por los sabios hebreos de la ciudad en el siglo IX, otra narrada en el siglo XII, es relativa a dos &#8220;Se&#8217; Irim&#8221; secuestradoras de infantes. Ambos episodios legendarios fueron escritos por el cronista Ahimaaz ben Paltiel.<\/p>\n<\/div>\n<\/div>\n","protected":false},"excerpt":{"rendered":"<p>La fortuna de Oria en la Edad Media entre los siglo VII y X se deb\u00eda sobretodo a su sabia comunidad hebrea, entre las m\u00e1s ilustres y prestigiosas de Europa, con sus fil\u00f3sofos, poetas y m\u00e9dicos. Los maestros hebreos orianos se distinguieron sobretodo por el estudio de los midrashim y Torah y a trav\u00e9s de [&hellip;]<\/p>\n","protected":false},"author":1,"featured_media":0,"parent":0,"menu_order":0,"comment_status":"closed","ping_status":"closed","template":"page-full-width.php","meta":[],"translation":{"provider":"WPGlobus","version":"2.12.0","language":"es","enabled_languages":["it","en","es","de","fr"],"languages":{"it":{"title":true,"content":true,"excerpt":false},"en":{"title":true,"content":true,"excerpt":false},"es":{"title":true,"content":true,"excerpt":false},"de":{"title":true,"content":true,"excerpt":false},"fr":{"title":true,"content":true,"excerpt":false}}},"aioseo_notices":[],"_links":{"self":[{"href":"http:\/\/storia.anticaoria.it\/es\/wp-json\/wp\/v2\/pages\/56"}],"collection":[{"href":"http:\/\/storia.anticaoria.it\/es\/wp-json\/wp\/v2\/pages"}],"about":[{"href":"http:\/\/storia.anticaoria.it\/es\/wp-json\/wp\/v2\/types\/page"}],"author":[{"embeddable":true,"href":"http:\/\/storia.anticaoria.it\/es\/wp-json\/wp\/v2\/users\/1"}],"replies":[{"embeddable":true,"href":"http:\/\/storia.anticaoria.it\/es\/wp-json\/wp\/v2\/comments?post=56"}],"version-history":[{"count":38,"href":"http:\/\/storia.anticaoria.it\/es\/wp-json\/wp\/v2\/pages\/56\/revisions"}],"predecessor-version":[{"id":3488,"href":"http:\/\/storia.anticaoria.it\/es\/wp-json\/wp\/v2\/pages\/56\/revisions\/3488"}],"wp:attachment":[{"href":"http:\/\/storia.anticaoria.it\/es\/wp-json\/wp\/v2\/media?parent=56"}],"curies":[{"name":"wp","href":"https:\/\/api.w.org\/{rel}","templated":true}]}}