{"id":424,"date":"2016-03-25T14:42:23","date_gmt":"2016-03-25T14:42:23","guid":{"rendered":"http:\/\/storia.anticaoria.it\/?page_id=424"},"modified":"2018-07-25T10:31:04","modified_gmt":"2018-07-25T10:31:04","slug":"federico-ii-e-il-regno-di-sicilia","status":"publish","type":"page","link":"http:\/\/storia.anticaoria.it\/fr\/re-federico-ii-di-svevia\/federico-ii-e-il-regno-di-sicilia\/","title":{"rendered":"Federico II et le royaume de Sicile"},"content":{"rendered":"<div class=\"story_box\">\n<div class=\"story_box_text\">\n\t\t<div id=\"attachment_413\" style=\"width: 272px\" class=\"wp-caption alignleft\"><img aria-describedby=\"caption-attachment-413\" decoding=\"async\" loading=\"lazy\" class=\"wp-image-413 \" src=\"\/wp-content\/uploads\/2016\/02\/Vecchia_cartina_della_Sicilia-300x260.jpg\" alt=\"Vecchia cartina della Sicilia\" width=\"262\" height=\"227\" srcset=\"http:\/\/storia.anticaoria.it\/wp-content\/uploads\/2016\/02\/Vecchia_cartina_della_Sicilia-300x260.jpg 300w, http:\/\/storia.anticaoria.it\/wp-content\/uploads\/2016\/02\/Vecchia_cartina_della_Sicilia.jpg 360w\" sizes=\"(max-width: 262px) 100vw, 262px\" \/><p id=\"caption-attachment-413\" class=\"wp-caption-text\">Ancienne carte de Sicile<\/p><\/div>\n<p>Apr\u00e8s avoir quitt\u00e9 l&#8217;Allemagne, qui a essentiellement abandonn\u00e9 \u00e0 son sort, Federico install\u00e9 dans le royaume de Sicile, qu&#8217;il engage fermement \u00e0 transformer. Il a r\u00e9form\u00e9 les tribunaux et l&#8217;administration du royaume, la r\u00e9organisation des structures et la cr\u00e9ation de nouveaux types de fonctionnaires. Il a publi\u00e9 une s\u00e9rie tr\u00e8s importante de lois, y compris les Constitutions de Melfi (1231), avec laquelle il a essay\u00e9 de cr\u00e9er un Etat organis\u00e9 et coh\u00e9rent non seulement \u00e0 condition que les obligations en mati\u00e8re de sujets au gouvernement, mais aussi de l&#8217;Etat vers des sujets. Il \u00e9tait une absolue nouvelles et beaucoup voyaient en lui le premier souverain de la moisissure moderne. Federico a \u00e9galement stimul\u00e9 l&#8217;\u00e9conomie du royaume, parlant sur la structure productive et d&#8217;essayer de revitaliser les villes, dont certains (Augusta et Altamura) lui-m\u00eame fond\u00e9. En 1224 Fr\u00e9d\u00e9ric a fond\u00e9e \u00e0 Naples la premi\u00e8re universit\u00e9 de l&#8217;Etat.<\/p>\n<\/p><\/div>\n<\/div>\n","protected":false},"excerpt":{"rendered":"<p>Apr\u00e8s avoir quitt\u00e9 l&#8217;Allemagne, qui a essentiellement abandonn\u00e9 \u00e0 son sort, Federico install\u00e9 dans le royaume de Sicile, qu&#8217;il engage fermement \u00e0 transformer. Il a r\u00e9form\u00e9 les tribunaux et l&#8217;administration du royaume, la r\u00e9organisation des structures et la cr\u00e9ation de nouveaux types de fonctionnaires. Il a publi\u00e9 une s\u00e9rie tr\u00e8s importante de lois, y compris [&hellip;]<\/p>\n","protected":false},"author":1,"featured_media":0,"parent":54,"menu_order":0,"comment_status":"closed","ping_status":"closed","template":"page-full-width.php","meta":[],"translation":{"provider":"WPGlobus","version":"2.12.0","language":"fr","enabled_languages":["it","en","es","de","fr"],"languages":{"it":{"title":true,"content":true,"excerpt":false},"en":{"title":true,"content":true,"excerpt":false},"es":{"title":true,"content":true,"excerpt":false},"de":{"title":true,"content":true,"excerpt":false},"fr":{"title":true,"content":true,"excerpt":false}}},"aioseo_notices":[],"_links":{"self":[{"href":"http:\/\/storia.anticaoria.it\/fr\/wp-json\/wp\/v2\/pages\/424"}],"collection":[{"href":"http:\/\/storia.anticaoria.it\/fr\/wp-json\/wp\/v2\/pages"}],"about":[{"href":"http:\/\/storia.anticaoria.it\/fr\/wp-json\/wp\/v2\/types\/page"}],"author":[{"embeddable":true,"href":"http:\/\/storia.anticaoria.it\/fr\/wp-json\/wp\/v2\/users\/1"}],"replies":[{"embeddable":true,"href":"http:\/\/storia.anticaoria.it\/fr\/wp-json\/wp\/v2\/comments?post=424"}],"version-history":[{"count":30,"href":"http:\/\/storia.anticaoria.it\/fr\/wp-json\/wp\/v2\/pages\/424\/revisions"}],"predecessor-version":[{"id":3512,"href":"http:\/\/storia.anticaoria.it\/fr\/wp-json\/wp\/v2\/pages\/424\/revisions\/3512"}],"up":[{"embeddable":true,"href":"http:\/\/storia.anticaoria.it\/fr\/wp-json\/wp\/v2\/pages\/54"}],"wp:attachment":[{"href":"http:\/\/storia.anticaoria.it\/fr\/wp-json\/wp\/v2\/media?parent=424"}],"curies":[{"name":"wp","href":"https:\/\/api.w.org\/{rel}","templated":true}]}}