{"id":100,"date":"2016-03-03T15:44:42","date_gmt":"2016-03-03T15:44:42","guid":{"rendered":"http:\/\/storia.anticaoria.it\/?page_id=100"},"modified":"2018-07-25T09:09:04","modified_gmt":"2018-07-25T09:09:04","slug":"umanesimo-e-rinascimento","status":"publish","type":"page","link":"https:\/\/storia.anticaoria.it\/de\/la-antica-storia-di-oria\/umanesimo-e-rinascimento\/","title":{"rendered":"Humanismus und Renaissance"},"content":{"rendered":"<div class=\"story_box\">\n<h2>Von 1400 bis 1500<\/h2>\n<div class=\"story_box_text\">\n\t\t<div id=\"attachment_963\" style=\"width: 174px\" class=\"wp-caption alignleft\"><img aria-describedby=\"caption-attachment-963\" decoding=\"async\" loading=\"lazy\" class=\"wp-image-963\" src=\"\/wp-content\/uploads\/2016\/03\/GIOVANNI-A.-ORSINI-DEED8C61-205x300-205x300.jpg\" alt=\"GIOVANNI-A.-ORSINI-DEED8C61-205x300\" width=\"164\" height=\"240\" \/><p id=\"caption-attachment-963\" class=\"wp-caption-text\">Giovanni Antonio Orsino<\/p><\/div>\n<p>Im Jahre 1433 unterzog sich Oria einer neuen Belagerung und wurde von Giacomo Caldora, ber\u00fchmten F\u00fchrer jener Epoche, ausgepl\u00fcndert. Sie wurde dann ein Lehen der Orsini Del Balzo, die die Stadt versch\u00f6nerten: Prinz Giovanni Antonio Orsini Del Balzo baute das Judentor wieder auf, es ist nicht klar, ob er die Franziskanerkirche (wo sich die heutige Kirche von San Francesco d&#8217;Assisi erhebt) bauen oder errichten lies und versch\u00f6nerte das Schloss anl\u00e4sslich der Hochzeit seiner Nichte Isabella Chiaromonte mit dem nat\u00fcrlichen Sohn von K\u00f6nig Alfonso I. von Aragon, Ferdinand I.<\/p>\n<\/p><\/div>\n<h2>Von 1500 bis 1600<\/h2>\n<div class=\"story_box_text\">\n\t\t<div id=\"attachment_964\" style=\"width: 196px\" class=\"wp-caption alignright\"><img aria-describedby=\"caption-attachment-964\" decoding=\"async\" loading=\"lazy\" class=\"wp-image-964\" src=\"\/wp-content\/uploads\/2016\/03\/San_Carlo_Borromeo-238x300.jpg\" alt=\"San_Carlo_Borromeo\" width=\"186\" height=\"234\" srcset=\"https:\/\/storia.anticaoria.it\/wp-content\/uploads\/2016\/03\/San_Carlo_Borromeo-238x300.jpg 238w, https:\/\/storia.anticaoria.it\/wp-content\/uploads\/2016\/03\/San_Carlo_Borromeo.jpg 500w\" sizes=\"(max-width: 186px) 100vw, 186px\" \/><p id=\"caption-attachment-964\" class=\"wp-caption-text\">San Carlo Borromeo<\/p><\/div>\n<p>An der Schwelle von 1500 musste Oria neue Belagerungen erdulden: Ber\u00fchmt ist der heftige Widerstand gegen die Spanier, die die Stadt belagerten; einer Legende zufolge wurde sie vom Patron Barsanofio und vom Wert aller B\u00fcrger gerettet. Giovanni Pietro Caraffa war Bischof der einheitlichen Di\u00f6zese von Oria Brindisi und Ostuni. Er geh\u00f6rt der m\u00e4chtigen Familie der Caraffa an, bestieg den p\u00e4pstlichen Thron mit dem Namen Papst Paul IV., hat von der Inquisition die Liste der verbotenen B\u00fccher erstellen lassen. Die Stadt wurde mehreren Familien &#8220;anvertraut&#8221;, 1572 \u00fcbergab San Carlo Borromeo das Lehen an den Bischof von Cassano; danach ging sie zu den Imperiali, einer Adelsfamilie mit genuesischen Herkunft, \u00fcber.<\/p>\n<\/p><\/div>\n<\/div>\n","protected":false},"excerpt":{"rendered":"<p>Von 1400 bis 1500 Im Jahre 1433 unterzog sich Oria einer neuen Belagerung und wurde von Giacomo Caldora, ber\u00fchmten F\u00fchrer jener Epoche, ausgepl\u00fcndert. Sie wurde dann ein Lehen der Orsini Del Balzo, die die Stadt versch\u00f6nerten: Prinz Giovanni Antonio Orsini Del Balzo baute das Judentor wieder auf, es ist nicht klar, ob er die Franziskanerkirche [&hellip;]<\/p>\n","protected":false},"author":1,"featured_media":0,"parent":2,"menu_order":0,"comment_status":"closed","ping_status":"closed","template":"page-full-width.php","meta":[],"translation":{"provider":"WPGlobus","version":"2.12.0","language":"de","enabled_languages":["it","en","es","de","fr"],"languages":{"it":{"title":true,"content":true,"excerpt":false},"en":{"title":true,"content":true,"excerpt":false},"es":{"title":true,"content":true,"excerpt":false},"de":{"title":true,"content":true,"excerpt":false},"fr":{"title":true,"content":true,"excerpt":false}}},"aioseo_notices":[],"_links":{"self":[{"href":"https:\/\/storia.anticaoria.it\/de\/wp-json\/wp\/v2\/pages\/100"}],"collection":[{"href":"https:\/\/storia.anticaoria.it\/de\/wp-json\/wp\/v2\/pages"}],"about":[{"href":"https:\/\/storia.anticaoria.it\/de\/wp-json\/wp\/v2\/types\/page"}],"author":[{"embeddable":true,"href":"https:\/\/storia.anticaoria.it\/de\/wp-json\/wp\/v2\/users\/1"}],"replies":[{"embeddable":true,"href":"https:\/\/storia.anticaoria.it\/de\/wp-json\/wp\/v2\/comments?post=100"}],"version-history":[{"count":26,"href":"https:\/\/storia.anticaoria.it\/de\/wp-json\/wp\/v2\/pages\/100\/revisions"}],"predecessor-version":[{"id":3484,"href":"https:\/\/storia.anticaoria.it\/de\/wp-json\/wp\/v2\/pages\/100\/revisions\/3484"}],"up":[{"embeddable":true,"href":"https:\/\/storia.anticaoria.it\/de\/wp-json\/wp\/v2\/pages\/2"}],"wp:attachment":[{"href":"https:\/\/storia.anticaoria.it\/de\/wp-json\/wp\/v2\/media?parent=100"}],"curies":[{"name":"wp","href":"https:\/\/api.w.org\/{rel}","templated":true}]}}