{"id":126,"date":"2016-03-10T15:58:07","date_gmt":"2016-03-10T15:58:07","guid":{"rendered":"http:\/\/storia.anticaoria.it\/?page_id=126"},"modified":"2018-07-25T09:30:22","modified_gmt":"2018-07-25T09:30:22","slug":"l-antico-castello-federiciano","status":"publish","type":"page","link":"https:\/\/storia.anticaoria.it\/de\/luoghi-dinteresse\/l-antico-castello-federiciano\/","title":{"rendered":"Das antike Castello Federiciano"},"content":{"rendered":"<div class=\"story_box\">\n<div class=\"story_box_text\">\n\t\t<div id=\"attachment_710\" style=\"width: 310px\" class=\"wp-caption alignleft\"><img aria-describedby=\"caption-attachment-710\" decoding=\"async\" loading=\"lazy\" class=\"size-medium wp-image-710\" src=\"\/wp-content\/uploads\/2016\/04\/castello-di-oria-300x224.jpg\" alt=\"Castello di Oria - Mura interne\" width=\"300\" height=\"224\" srcset=\"https:\/\/storia.anticaoria.it\/wp-content\/uploads\/2016\/04\/castello-di-oria-300x224.jpg 300w, https:\/\/storia.anticaoria.it\/wp-content\/uploads\/2016\/04\/castello-di-oria.jpg 550w\" sizes=\"(max-width: 300px) 100vw, 300px\" \/><p id=\"caption-attachment-710\" class=\"wp-caption-text\">Oria Schloss &#8211; Innenw\u00e4nde<\/p><\/div>\n<p>In Anbetracht der strategischen Bedeutung des Territoriums von Oria (das oft mit verschiedenen Herrschaftsarten die byzantinischen Gebiete und die Gebiete der Goten teilte) muss man auch ohne arch\u00e4ologische Beweise die Existenz eines ersten befestigten Kerns bereits im fr\u00fchen Mittelalter annehmen. Sp\u00e4ter (elftes Jahrhundert) musste es eine gewisse Form der Verteidigung oder Kontrolle der Stadt und des Territoriums durch die Normannen gegeben haben, die die Stadt belehnten. Er unterzog die Burg in der \u00c4ra des Friedrichs (1225-1227) zahlreichen Ver\u00e4nderungen, dass sie sogar &#8220;Schw\u00e4bische Burg&#8221; genannt wird; einigen lokalen Quellen zufolge soll der gleiche Stupor mundi das Schloss gebaut haben, in Wirklichkeit ist es realistischer zu denken, dass Friedrich II. sie erweiterte und modifizierte. Weitere wichtige \u00c4nderungen wurden im angevinischen Zeitraum durchgef\u00fchrt, dem die zylindrischen T\u00fcrme &#8220;del Salto&#8221; und &#8220;Cavaliere&#8221; zugeordnet werden.<\/p>\n<div id=\"attachment_991\" style=\"width: 310px\" class=\"wp-caption alignright\"><img aria-describedby=\"caption-attachment-991\" decoding=\"async\" loading=\"lazy\" class=\"wp-image-991 size-medium\" src=\"\/wp-content\/uploads\/2016\/03\/Oria_centonze-300x192.jpg\" alt=\"Oria_centonze\" width=\"300\" height=\"192\" srcset=\"https:\/\/storia.anticaoria.it\/wp-content\/uploads\/2016\/03\/Oria_centonze-300x192.jpg 300w, https:\/\/storia.anticaoria.it\/wp-content\/uploads\/2016\/03\/Oria_centonze.jpg 700w\" sizes=\"(max-width: 300px) 100vw, 300px\" \/><p id=\"caption-attachment-991\" class=\"wp-caption-text\">Alte Karte von Oria<\/p><\/div>\n<p>Der ursprUngliche Norman-schwAbische Turm, wurde stark \u00fcberarbeitet, wie in der Tat die ganze Struktur. Auch wAhrend dess 15. und 16. Jahrhundertswurde er den neuen defensiven Bed\u00fcrfnissen angepasst. Mit dem Gebrauch von Feuerwaffen, wurden zahlreiche Schiessscharten angebracht, die teilweise noch sichtbar sind. Schliesslich wurde es Erg\u00e4nzungen, Renovierungen und Rekonstruktionen des Jahrhunderts unterzogen. 1897 wurde die Burg von einem Zyklon verwUstet, der die Stadt Oria heimsuchte. Viele Male hat die Burg Angriffen standgehalten, wie der durch Manfred, oder die Angriffe von Giacomo Caldora (1433) und Peter de Paz (1504), welche die Festung nich haben einnehmen kOnnen.<\/p>\n<div id=\"attachment_709\" style=\"width: 286px\" class=\"wp-caption alignleft\"><img aria-describedby=\"caption-attachment-709\" decoding=\"async\" loading=\"lazy\" class=\" wp-image-709\" src=\"\/wp-content\/uploads\/2016\/04\/castello-salone-armature-300x235.png\" alt=\"Castello di Oria - Sala delle armature\" width=\"276\" height=\"216\" srcset=\"https:\/\/storia.anticaoria.it\/wp-content\/uploads\/2016\/04\/castello-salone-armature-300x235.png 300w, https:\/\/storia.anticaoria.it\/wp-content\/uploads\/2016\/04\/castello-salone-armature.png 639w\" sizes=\"(max-width: 276px) 100vw, 276px\" \/><p id=\"caption-attachment-709\" class=\"wp-caption-text\">Oria Schloss &#8211; R\u00fcstkammer<\/p><\/div>\n<p>Die Burg wurde auch einladender Ort f\u00fcr K\u00f6nige, F\u00fcrsten und Ritter, zus\u00e4tzlich zu den G\u00e4sten bei der Hochzeit des Federico II. Wir erinnern, dass die Konigin Maria d&#8217;Enghien (1407) ihr Mann Konig Ladislaus von Neapel (1414), Prinzessin Isabella di Chiaromonte und KOnig Ferrante von Aragon (1447), dort angehalten haben. Eine sehr wichtige Episode fUr die \u00c4ra ist die Abfahrt von Alfonso II von Oria um Otranto von den T\u00fcrken zu befreien (1480). Auch in der letzten Zeit war es Ziel von PersOnlichkeiten italienischer und auslAndischder Gelehrter wie Maria Jos\u00e8 von Savoy, Margaret von England, Kardinal Eug\u00e8ne Tisserant, F\u00fcrsten des Hauses Habsburg, Theodor Mommsen, Paul Bourget, Ferdinand Gregorovius und andere.<\/p>\n<div id=\"attachment_990\" style=\"width: 310px\" class=\"wp-caption alignright\"><img aria-describedby=\"caption-attachment-990\" decoding=\"async\" loading=\"lazy\" class=\"wp-image-990 size-medium\" src=\"\/wp-content\/uploads\/2016\/03\/Oria_castello_e_particolari_Castello_Oria_Sicilia_Italia_I_Ca_SIC_Oria1-300x195.jpg\" alt=\"Rappresentazione Castello\" width=\"300\" height=\"195\" srcset=\"https:\/\/storia.anticaoria.it\/wp-content\/uploads\/2016\/03\/Oria_castello_e_particolari_Castello_Oria_Sicilia_Italia_I_Ca_SIC_Oria1-300x195.jpg 300w, https:\/\/storia.anticaoria.it\/wp-content\/uploads\/2016\/03\/Oria_castello_e_particolari_Castello_Oria_Sicilia_Italia_I_Ca_SIC_Oria1.jpg 331w\" sizes=\"(max-width: 300px) 100vw, 300px\" \/><p id=\"caption-attachment-990\" class=\"wp-caption-text\">Schloss Darstellung<\/p><\/div>\n<p>Am 15. Dezember 1933 gab die Stadt Oria die Burg an die Familie Martini Carissimo, im Tausch gegen den Palazzo Martini, wo sp\u00e4ter das Gemeindeamt untergebracht wurde. Die Familie Martini Carissimo restaurierte dass Schloss mit Hilfe des Architekten Ceschi. Aufgrund der von der Familie Martini Carissimo gehabten M\u00fche, gab der K\u00f6nig von Italien Vittorio Emanuele III, dieser Familie den Titel des Grafen von Castel d&#8217;Oria.Das Schloss wurde zum Nationaldenkmal erkl\u00e4rt. Es wurde am 2. Juli 2007 an die Gesellschaft Borgo Ducale f\u00fcr 7 Millionen und 750.000 Euro verkauft.<\/p>\n<\/p><\/div>\n<\/div>\n","protected":false},"excerpt":{"rendered":"<p>In Anbetracht der strategischen Bedeutung des Territoriums von Oria (das oft mit verschiedenen Herrschaftsarten die byzantinischen Gebiete und die Gebiete der Goten teilte) muss man auch ohne arch\u00e4ologische Beweise die Existenz eines ersten befestigten Kerns bereits im fr\u00fchen Mittelalter annehmen. Sp\u00e4ter (elftes Jahrhundert) musste es eine gewisse Form der Verteidigung oder Kontrolle der Stadt und [&hellip;]<\/p>\n","protected":false},"author":1,"featured_media":0,"parent":114,"menu_order":0,"comment_status":"closed","ping_status":"closed","template":"page-full-width.php","meta":[],"translation":{"provider":"WPGlobus","version":"2.12.0","language":"de","enabled_languages":["it","en","es","de","fr"],"languages":{"it":{"title":true,"content":true,"excerpt":false},"en":{"title":true,"content":true,"excerpt":false},"es":{"title":true,"content":true,"excerpt":false},"de":{"title":true,"content":true,"excerpt":false},"fr":{"title":true,"content":true,"excerpt":false}}},"aioseo_notices":[],"_links":{"self":[{"href":"https:\/\/storia.anticaoria.it\/de\/wp-json\/wp\/v2\/pages\/126"}],"collection":[{"href":"https:\/\/storia.anticaoria.it\/de\/wp-json\/wp\/v2\/pages"}],"about":[{"href":"https:\/\/storia.anticaoria.it\/de\/wp-json\/wp\/v2\/types\/page"}],"author":[{"embeddable":true,"href":"https:\/\/storia.anticaoria.it\/de\/wp-json\/wp\/v2\/users\/1"}],"replies":[{"embeddable":true,"href":"https:\/\/storia.anticaoria.it\/de\/wp-json\/wp\/v2\/comments?post=126"}],"version-history":[{"count":35,"href":"https:\/\/storia.anticaoria.it\/de\/wp-json\/wp\/v2\/pages\/126\/revisions"}],"predecessor-version":[{"id":261,"href":"https:\/\/storia.anticaoria.it\/de\/wp-json\/wp\/v2\/pages\/126\/revisions\/261"}],"up":[{"embeddable":true,"href":"https:\/\/storia.anticaoria.it\/de\/wp-json\/wp\/v2\/pages\/114"}],"wp:attachment":[{"href":"https:\/\/storia.anticaoria.it\/de\/wp-json\/wp\/v2\/media?parent=126"}],"curies":[{"name":"wp","href":"https:\/\/api.w.org\/{rel}","templated":true}]}}