{"id":134,"date":"2016-03-10T16:02:45","date_gmt":"2016-03-10T16:02:45","guid":{"rendered":"http:\/\/storia.anticaoria.it\/?page_id=134"},"modified":"2018-07-25T10:05:33","modified_gmt":"2018-07-25T10:05:33","slug":"le-aree-naturali","status":"publish","type":"page","link":"https:\/\/storia.anticaoria.it\/de\/luoghi-dinteresse\/le-aree-naturali\/","title":{"rendered":"Naturschutzgebiete"},"content":{"rendered":"<div class=\"story_box\">\n<h2>Montalbano Park<\/h2>\n<div class=\"story_box_text\">\n<div id=\"attachment_714\" style=\"width: 310px\" class=\"wp-caption alignleft\"><img aria-describedby=\"caption-attachment-714\" decoding=\"async\" loading=\"lazy\" src=\"\/wp-content\/uploads\/2016\/04\/parco-montalbano-oria-300x163.jpg\" alt=\"Parco Montalbano\" width=\"300\" height=\"163\" class=\"size-medium wp-image-714\" srcset=\"https:\/\/storia.anticaoria.it\/wp-content\/uploads\/2016\/04\/parco-montalbano-oria-300x163.jpg 300w, https:\/\/storia.anticaoria.it\/wp-content\/uploads\/2016\/04\/parco-montalbano-oria.jpg 676w\" sizes=\"(max-width: 300px) 100vw, 300px\" \/><p id=\"caption-attachment-714\" class=\"wp-caption-text\">Montalbano Park<\/p><\/div>\n<p>Am Fu\u00dfe der Burg befindet sich ein Park mit zahlreichen Pflanzen und B\u00e4umen, \u00dcberbleibsel des Waldes, der das gesamte Gebiet Oria umgab. Im achtzehnten Jahrhundert wurde es zu einem echten Park; es wurde Teil der Bischofskurie und seit 1982 ist er Eigentum der Gemeinde Oria.<\/p>\n<\/p><\/div>\n<h2>Oria-Lorch Park<\/h2>\n<div class=\"story_box_text\">\n<div id=\"attachment_712\" style=\"width: 310px\" class=\"wp-caption alignright\"><img aria-describedby=\"caption-attachment-712\" decoding=\"async\" loading=\"lazy\" src=\"\/wp-content\/uploads\/2016\/04\/orialorch-300x225.jpg\" alt=\"Parco Ora-Lorch\" width=\"300\" height=\"225\" class=\"size-medium wp-image-712\" srcset=\"https:\/\/storia.anticaoria.it\/wp-content\/uploads\/2016\/04\/orialorch-300x225.jpg 300w, https:\/\/storia.anticaoria.it\/wp-content\/uploads\/2016\/04\/orialorch.jpg 1024w\" sizes=\"(max-width: 300px) 100vw, 300px\" \/><p id=\"caption-attachment-712\" class=\"wp-caption-text\">Oria-Lorch Park<\/p><\/div>\n<p>Er wurde auf dem H\u00fcgel inmitten der Stadtbezirke Frascata und Sottoparabita (jetzt Via Frascata und Via Curtatone und Montanara) errichtet und in den achtziger Jahren auf Gehei\u00df des Provinzrates Emanuele Pippin gegr\u00fcndet. Darin finden sich botanische Variet\u00e4ten, die typisch f\u00fcr den Mittelmeerraum sind.<\/p>\n<\/p><\/div>\n<\/div>\n","protected":false},"excerpt":{"rendered":"<p>Montalbano Park Am Fu\u00dfe der Burg befindet sich ein Park mit zahlreichen Pflanzen und B\u00e4umen, \u00dcberbleibsel des Waldes, der das gesamte Gebiet Oria umgab. Im achtzehnten Jahrhundert wurde es zu einem echten Park; es wurde Teil der Bischofskurie und seit 1982 ist er Eigentum der Gemeinde Oria. Oria-Lorch Park Er wurde auf dem H\u00fcgel inmitten [&hellip;]<\/p>\n","protected":false},"author":1,"featured_media":0,"parent":114,"menu_order":0,"comment_status":"closed","ping_status":"closed","template":"page-full-width.php","meta":[],"translation":{"provider":"WPGlobus","version":"2.12.0","language":"de","enabled_languages":["it","en","es","de","fr"],"languages":{"it":{"title":true,"content":true,"excerpt":false},"en":{"title":true,"content":true,"excerpt":false},"es":{"title":true,"content":true,"excerpt":false},"de":{"title":true,"content":true,"excerpt":false},"fr":{"title":true,"content":true,"excerpt":false}}},"aioseo_notices":[],"_links":{"self":[{"href":"https:\/\/storia.anticaoria.it\/de\/wp-json\/wp\/v2\/pages\/134"}],"collection":[{"href":"https:\/\/storia.anticaoria.it\/de\/wp-json\/wp\/v2\/pages"}],"about":[{"href":"https:\/\/storia.anticaoria.it\/de\/wp-json\/wp\/v2\/types\/page"}],"author":[{"embeddable":true,"href":"https:\/\/storia.anticaoria.it\/de\/wp-json\/wp\/v2\/users\/1"}],"replies":[{"embeddable":true,"href":"https:\/\/storia.anticaoria.it\/de\/wp-json\/wp\/v2\/comments?post=134"}],"version-history":[{"count":22,"href":"https:\/\/storia.anticaoria.it\/de\/wp-json\/wp\/v2\/pages\/134\/revisions"}],"predecessor-version":[{"id":3492,"href":"https:\/\/storia.anticaoria.it\/de\/wp-json\/wp\/v2\/pages\/134\/revisions\/3492"}],"up":[{"embeddable":true,"href":"https:\/\/storia.anticaoria.it\/de\/wp-json\/wp\/v2\/pages\/114"}],"wp:attachment":[{"href":"https:\/\/storia.anticaoria.it\/de\/wp-json\/wp\/v2\/media?parent=134"}],"curies":[{"name":"wp","href":"https:\/\/api.w.org\/{rel}","templated":true}]}}