{"id":426,"date":"2016-03-25T14:42:50","date_gmt":"2016-03-25T14:42:50","guid":{"rendered":"http:\/\/storia.anticaoria.it\/?page_id=426"},"modified":"2018-07-25T12:09:04","modified_gmt":"2018-07-25T12:09:04","slug":"le-lotte-politiche-di-federico-ii","status":"publish","type":"page","link":"https:\/\/storia.anticaoria.it\/de\/re-federico-ii-di-svevia\/le-lotte-politiche-di-federico-ii\/","title":{"rendered":"Die politischen K\u00e4mpfe Friedrichs II"},"content":{"rendered":"<div class=\"story_box\">\n<h2>Im Kampf gegen den Papst&#8230;<\/h2>\n<div class=\"story_box_text\">\n\t\t<div id=\"attachment_468\" style=\"width: 210px\" class=\"wp-caption alignleft\"><img aria-describedby=\"caption-attachment-468\" decoding=\"async\" loading=\"lazy\" class=\"size-full wp-image-468\" src=\"\/wp-content\/uploads\/2016\/03\/200px-Inocenc_IV.jpg\" alt=\"Papa Innocenzo IV\" width=\"200\" height=\"204\" \/><p id=\"caption-attachment-468\" class=\"wp-caption-text\">Papst Innozenz IV<\/p><\/div>\n<p>Friedrich hatte sofort gegen die mit dem Papst eingegangenen Verpflichtungen versto\u00dfen. Nicht nur sein Kreuzzug hatte er mit Verhandlungen beendet, nachdem er Kaiser wurde, hatte er auch nicht auf das K\u00f6nigreich Sizilien verzichtet, wie von ihm von Innozenz III. bereits gefordert. Die Spannung mit dem Papsttum ber\u00fchrte bei verschiedenen Gelegenheiten die Sicherheitsgrenze. Im Jahre 1241 eroberte Federico nahe der Insel Elba die Pr\u00e4laten, die beabsichtigten, Rom zu erreichen, um am vom Papst einberufenen Generalrat teilzunehmen. Nichts konnte getan werden, um einen neuen Rat zu verhindern, den Papst Innozenz IV. im Jahr 1245 f\u00fcr die Sicherheit in Lyon, Frankreich, wollte. Hier wurde Friedrich wegen Meineides, Landfriedensbruchs, Blasphemie und Ketzerei angeklagt und die Versammlung beschloss seine Absetzung vom Thron. Aber die Entscheidung hatte keine praktische Wirkung.<\/p>\n<\/p><\/div>\n<h2>&#8230; und gegen die italienischen Gemeinden<\/h2>\n<div id=\"attachment_469\" style=\"width: 310px\" class=\"wp-caption alignright\"><img aria-describedby=\"caption-attachment-469\" decoding=\"async\" loading=\"lazy\" class=\"size-medium wp-image-469\" src=\"\/wp-content\/uploads\/2016\/03\/06_stati-preunitari_672-458_resize-300x200.jpg\" alt=\"Stemma Lega Lombarda\" width=\"300\" height=\"200\" srcset=\"https:\/\/storia.anticaoria.it\/wp-content\/uploads\/2016\/03\/06_stati-preunitari_672-458_resize-300x200.jpg 300w, https:\/\/storia.anticaoria.it\/wp-content\/uploads\/2016\/03\/06_stati-preunitari_672-458_resize.jpg 672w\" sizes=\"(max-width: 300px) 100vw, 300px\" \/><p id=\"caption-attachment-469\" class=\"wp-caption-text\">Alloy &#8221;Lombarda&#8221; Kamm<\/p><\/div>\n<div class=\"story_box_text\">\n<p>Diese Ereignisse verwoben sich mit den Ereignissen in Norditalien, wo der Kaiser mit den Gemeinden aufeinander stie\u00df, die ihre Autonomie vor seinen Souver\u00e4nit\u00e4tsanspr\u00fcchen verteidigen wollten. Zu diesem Zweck ist die Lombard-Liga wieder auferstanden, die sich bereits aus dem gleichen Grund seinem Gro\u00dfvater, Friedrich I. Barbarossa, entgegengesetzt hatte. Im Jahre 1237 beugt sich Friedrich in Cortenuova der Liega, aber um ein g\u00fcnstiges Angebot f\u00fcr die Parteien zu suchen, versuchte er eine bedingungslose Kapitulation zu verh\u00e4ngen. Der Kampf wurde dieses Mal mit den Gemeinden aufgenommen und er stellte sich gegen den Papst, der Svevo (1239) zum zweiten Mal exkommunizierte. Federico erlebte die Bitterkeit der Niederlage: 1248 erlitt er in Parma eine schwere Niederlage; im Jahr danach nahmen die Bolognesi in Fossalta Enzo, Lieblingssohn (der 1272 als Gefangener starb) gefangen.<\/p>\n<\/p><\/div>\n<\/div>\n","protected":false},"excerpt":{"rendered":"<p>Im Kampf gegen den Papst&#8230; Friedrich hatte sofort gegen die mit dem Papst eingegangenen Verpflichtungen versto\u00dfen. Nicht nur sein Kreuzzug hatte er mit Verhandlungen beendet, nachdem er Kaiser wurde, hatte er auch nicht auf das K\u00f6nigreich Sizilien verzichtet, wie von ihm von Innozenz III. bereits gefordert. Die Spannung mit dem Papsttum ber\u00fchrte bei verschiedenen Gelegenheiten [&hellip;]<\/p>\n","protected":false},"author":1,"featured_media":0,"parent":54,"menu_order":0,"comment_status":"closed","ping_status":"closed","template":"page-full-width.php","meta":[],"translation":{"provider":"WPGlobus","version":"2.12.0","language":"de","enabled_languages":["it","en","es","de","fr"],"languages":{"it":{"title":true,"content":true,"excerpt":false},"en":{"title":true,"content":true,"excerpt":false},"es":{"title":true,"content":true,"excerpt":false},"de":{"title":true,"content":true,"excerpt":false},"fr":{"title":true,"content":true,"excerpt":false}}},"aioseo_notices":[],"_links":{"self":[{"href":"https:\/\/storia.anticaoria.it\/de\/wp-json\/wp\/v2\/pages\/426"}],"collection":[{"href":"https:\/\/storia.anticaoria.it\/de\/wp-json\/wp\/v2\/pages"}],"about":[{"href":"https:\/\/storia.anticaoria.it\/de\/wp-json\/wp\/v2\/types\/page"}],"author":[{"embeddable":true,"href":"https:\/\/storia.anticaoria.it\/de\/wp-json\/wp\/v2\/users\/1"}],"replies":[{"embeddable":true,"href":"https:\/\/storia.anticaoria.it\/de\/wp-json\/wp\/v2\/comments?post=426"}],"version-history":[{"count":23,"href":"https:\/\/storia.anticaoria.it\/de\/wp-json\/wp\/v2\/pages\/426\/revisions"}],"predecessor-version":[{"id":3515,"href":"https:\/\/storia.anticaoria.it\/de\/wp-json\/wp\/v2\/pages\/426\/revisions\/3515"}],"up":[{"embeddable":true,"href":"https:\/\/storia.anticaoria.it\/de\/wp-json\/wp\/v2\/pages\/54"}],"wp:attachment":[{"href":"https:\/\/storia.anticaoria.it\/de\/wp-json\/wp\/v2\/media?parent=426"}],"curies":[{"name":"wp","href":"https:\/\/api.w.org\/{rel}","templated":true}]}}