{"id":428,"date":"2016-03-25T14:43:29","date_gmt":"2016-03-25T14:43:29","guid":{"rendered":"http:\/\/storia.anticaoria.it\/?page_id=428"},"modified":"2018-07-25T10:34:26","modified_gmt":"2018-07-25T10:34:26","slug":"la-corte-di-federico-ii","status":"publish","type":"page","link":"https:\/\/storia.anticaoria.it\/de\/re-federico-ii-di-svevia\/la-corte-di-federico-ii\/","title":{"rendered":"Der Hof Friedrichs II"},"content":{"rendered":"<div class=\"story_box\">\n<div class=\"story_box_text\">\n\t\t<div id=\"attachment_476\" style=\"width: 338px\" class=\"wp-caption alignleft\"><img aria-describedby=\"caption-attachment-476\" decoding=\"async\" loading=\"lazy\" class=\" wp-image-476\" src=\"\/wp-content\/uploads\/2016\/03\/pic9ec77ebf74e4e8e0090175147af93ad3-300x200.jpg\" alt=\"Leonardo Fibonacci\" width=\"328\" height=\"219\" srcset=\"https:\/\/storia.anticaoria.it\/wp-content\/uploads\/2016\/03\/pic9ec77ebf74e4e8e0090175147af93ad3-300x200.jpg 300w, https:\/\/storia.anticaoria.it\/wp-content\/uploads\/2016\/03\/pic9ec77ebf74e4e8e0090175147af93ad3-768x512.jpg 768w, https:\/\/storia.anticaoria.it\/wp-content\/uploads\/2016\/03\/pic9ec77ebf74e4e8e0090175147af93ad3-1024x683.jpg 1024w, https:\/\/storia.anticaoria.it\/wp-content\/uploads\/2016\/03\/pic9ec77ebf74e4e8e0090175147af93ad3.jpg 1260w\" sizes=\"(max-width: 328px) 100vw, 328px\" \/><p id=\"caption-attachment-476\" class=\"wp-caption-text\">Leonardo Fibonacci<\/p><\/div>\n<p>Der Durst nach Wissen brachte Federico II. dazu, an seinem Hof wichtige kulturelle Pers\u00f6nlichkeiten zu empfangen. Dank ihm wurden Texte der griechischen und arabischen Philosophietradition \u00fcbersetzt, die bis dahin unbekannt waren, insbesondere die des Aristoteles. Friedrich hatte dann Beziehungen mit dem ber\u00fchmten Mathematiker Leonardo Fibonacci, mit gelehrten Juden, Arabern und Griechen. Pier delle Vigne war eine bedeutende Pers\u00f6nlichkeiten, die an seiner Seite als enger Mitarbeiter und Sprecher t\u00e4tig war. Er bef\u00fcrwortete die sizilianische Dichterschule und schrieb selbst Liebesgedichte. Er sammelte Skulpturen und antike Relikte und lie\u00df Kopien von Werken der Vergangenheit reproduzieren; auch verfolgte er pers\u00f6nlich das Projekt des Tores von Capua, ein reiches Denkmal, das sich auf die r\u00f6mische Antike bezieht und das am Eingang des K\u00f6nigreichs die Werte bezeugen sollte, an die sich seine Monarchie inspirierte. Er entwickelte im K\u00f6nigreich aus Gr\u00fcnden der Kontrolle, aber auch um seine Freizeitaktivit\u00e4ten wie zum Beispiel die Jagd zu f\u00f6rdern, ein Netz von Burgen.<\/p>\n<\/p><\/div>\n<\/div>\n","protected":false},"excerpt":{"rendered":"<p>Der Durst nach Wissen brachte Federico II. dazu, an seinem Hof wichtige kulturelle Pers\u00f6nlichkeiten zu empfangen. Dank ihm wurden Texte der griechischen und arabischen Philosophietradition \u00fcbersetzt, die bis dahin unbekannt waren, insbesondere die des Aristoteles. Friedrich hatte dann Beziehungen mit dem ber\u00fchmten Mathematiker Leonardo Fibonacci, mit gelehrten Juden, Arabern und Griechen. Pier delle Vigne war [&hellip;]<\/p>\n","protected":false},"author":1,"featured_media":0,"parent":54,"menu_order":0,"comment_status":"closed","ping_status":"closed","template":"page-full-width.php","meta":[],"translation":{"provider":"WPGlobus","version":"2.12.0","language":"de","enabled_languages":["it","en","es","de","fr"],"languages":{"it":{"title":true,"content":true,"excerpt":false},"en":{"title":true,"content":true,"excerpt":false},"es":{"title":true,"content":true,"excerpt":false},"de":{"title":true,"content":true,"excerpt":false},"fr":{"title":true,"content":true,"excerpt":false}}},"aioseo_notices":[],"_links":{"self":[{"href":"https:\/\/storia.anticaoria.it\/de\/wp-json\/wp\/v2\/pages\/428"}],"collection":[{"href":"https:\/\/storia.anticaoria.it\/de\/wp-json\/wp\/v2\/pages"}],"about":[{"href":"https:\/\/storia.anticaoria.it\/de\/wp-json\/wp\/v2\/types\/page"}],"author":[{"embeddable":true,"href":"https:\/\/storia.anticaoria.it\/de\/wp-json\/wp\/v2\/users\/1"}],"replies":[{"embeddable":true,"href":"https:\/\/storia.anticaoria.it\/de\/wp-json\/wp\/v2\/comments?post=428"}],"version-history":[{"count":25,"href":"https:\/\/storia.anticaoria.it\/de\/wp-json\/wp\/v2\/pages\/428\/revisions"}],"predecessor-version":[{"id":3513,"href":"https:\/\/storia.anticaoria.it\/de\/wp-json\/wp\/v2\/pages\/428\/revisions\/3513"}],"up":[{"embeddable":true,"href":"https:\/\/storia.anticaoria.it\/de\/wp-json\/wp\/v2\/pages\/54"}],"wp:attachment":[{"href":"https:\/\/storia.anticaoria.it\/de\/wp-json\/wp\/v2\/media?parent=428"}],"curies":[{"name":"wp","href":"https:\/\/api.w.org\/{rel}","templated":true}]}}