{"id":56,"date":"2016-02-29T15:52:53","date_gmt":"2016-02-29T15:52:53","guid":{"rendered":"http:\/\/storia.anticaoria.it\/?page_id=56"},"modified":"2018-07-24T15:28:05","modified_gmt":"2018-07-24T15:28:05","slug":"la-comunita-ebraica","status":"publish","type":"page","link":"https:\/\/storia.anticaoria.it\/de\/la-comunita-ebraica\/","title":{"rendered":"Die j\u00fcdische Gemeinde"},"content":{"rendered":"<div class=\"story_box\">\n<div class=\"story_box_text\">\n<div id=\"attachment_975\" style=\"width: 310px\" class=\"wp-caption alignleft\"><img aria-describedby=\"caption-attachment-975\" decoding=\"async\" loading=\"lazy\" class=\"wp-image-975 size-medium\" src=\"\/wp-content\/uploads\/2016\/02\/Jewish61_r1_566_356_c1-300x189.jpg\" alt=\"La Torah\" width=\"300\" height=\"189\" srcset=\"https:\/\/storia.anticaoria.it\/wp-content\/uploads\/2016\/02\/Jewish61_r1_566_356_c1-300x189.jpg 300w, https:\/\/storia.anticaoria.it\/wp-content\/uploads\/2016\/02\/Jewish61_r1_566_356_c1.jpg 566w\" sizes=\"(max-width: 300px) 100vw, 300px\" \/><p id=\"caption-attachment-975\" class=\"wp-caption-text\">La Torah<\/p><\/div>\n<p>Orias Gl\u00fcck war im Mittelalter, zwischen dem siebten und zehnten Jahrhundert, vor allem der weisen j\u00fcdischen Gemeinschaft zu verdanken, die mit seinen Philosophen, Dichtern und \u00c4rzten zu den bedeutendsten und angesehensten in Europa z\u00e4hlten. Die j\u00fcdischen Lehrer Orias hebten sich aufgrund ihres Studium der Midrashim und der Tora ab und wegen ihrer doktrinalen Ausarbeitung gelten sie als Vorl\u00e4ufer kabbalistischer Studien. Die Gemeinschaft von Oria starb im zehnten Jahrhundert aus, dabei blieb sie dem pal\u00e4stinensischen Talmud treu. Der bekannteste Sohn von Oria, Sabbataj Donnolo, gebildeter biblischer Kommentator des Buches der Sch\u00f6pfung, gelehrter Arzt, offen f\u00fcr die Konfrontation mit der sowohl r\u00f6mischen als auch griechischen christlichen Kultur.<\/p>\n<\/div>\n<h2>Shabbataj Ben Abraham Donnolo<\/h2>\n<div class=\"story_box_text\">\n<div id=\"attachment_1379\" style=\"width: 270px\" class=\"wp-caption alignright\"><img aria-describedby=\"caption-attachment-1379\" decoding=\"async\" loading=\"lazy\" class=\"size-medium wp-image-1379\" src=\"\/wp-content\/uploads\/2016\/02\/IMG_8477-260x300.jpg\" alt=\"Shabbataj Ben Abraham Donnolo\" width=\"260\" height=\"300\" srcset=\"https:\/\/storia.anticaoria.it\/wp-content\/uploads\/2016\/02\/IMG_8477-260x300.jpg 260w, https:\/\/storia.anticaoria.it\/wp-content\/uploads\/2016\/02\/IMG_8477-886x1024.jpg 886w, https:\/\/storia.anticaoria.it\/wp-content\/uploads\/2016\/02\/IMG_8477.jpg 1886w\" sizes=\"(max-width: 260px) 100vw, 260px\" \/><p id=\"caption-attachment-1379\" class=\"wp-caption-text\">Shabbataj Ben Abraham Donnolo<\/p><\/div>\n<p>Der bekannteste Sohn von Oria war Sabbataj Donnolo, weiser biblischer Kommentator des Buches der Kreation, Gelehrter der Medizin, offen zur Konfrontation mit der christlichen Kultur, r\u00f6misch wie auch griechisch, Donnolo, dank seines Wissens und seiner seltenen Fertigkeit, war Hofarzt, eine typische Figur des Mittelalters. Der Ruhm von Donnolo f\u00fcgt sich anderen Gelehrten Oritani zu payyetanim, unter welchen Amittai der \u00c4ltere Hananel ben Amittai, Shefatiah ben Amittai, Zevadiah Hailmaaz, Amittai ben Shefatiah und der Chronist Achimaaz ben Paltiel, der selbst erkl\u00e4rt ein Nachkomme der angesehenen oritanischen j\u00fcdischen Familie zu sein. Von der einflussreichen j\u00fcdischen Gemeinde in Oria verbleibt nur der Bezirk Jud\u00e4a und das Tor der Juden. Die meisten Juden werden jedoch get\u00f6tet, w\u00e4hrend der Belagerung oder versklavt und nach Sizilien und Tunesien verschleppt. Donnolo selbst wurde gefangen genommen, aber dank des Geldes seiner Familie in Txaranto wieder freigekauft.<\/p>\n<\/div>\n<div class=\"story_box_text\">\n<div id=\"attachment_977\" style=\"width: 310px\" class=\"wp-caption alignleft\"><img aria-describedby=\"caption-attachment-977\" decoding=\"async\" loading=\"lazy\" class=\"wp-image-977 size-medium\" src=\"\/wp-content\/uploads\/2016\/02\/rebraico1-300x199.jpg\" alt=\"Cimitero Ebraico\" width=\"300\" height=\"199\" srcset=\"https:\/\/storia.anticaoria.it\/wp-content\/uploads\/2016\/02\/rebraico1-300x199.jpg 300w, https:\/\/storia.anticaoria.it\/wp-content\/uploads\/2016\/02\/rebraico1.jpg 530w\" sizes=\"(max-width: 300px) 100vw, 300px\" \/><p id=\"caption-attachment-977\" class=\"wp-caption-text\">J\u00fcdischer Friedhof<\/p><\/div>\n<p>Ein j\u00fcdischer Friedhof wurde am Ende der der 70er Jahre von Prof. Cesare Colafemmina entdeckt. Nach den epigrafischen Funden ist es wahrsscheinlich, dass es einen zweiten j\u00fcdischen Friedhof gibt. Eine Stele mit zweisprachiger Inschrift, in hebr\u00e4isch und lateinisch, wird in der \u00d6ffentlichen Bibliohek von Oria aufbewahrt. Andere sind Teil von Privatsammlungen. Die literarische Produktion Ammittais des Alten, beeinflusste die Bestattungsriten der j\u00fcdischen Gemeischaft in Brindisi und Spuren eines seiner Werke befinden sich auch in der r\u00f6mischen Beerdigung<\/p>\n<\/div>\n<h2>Legenden<\/h2>\n<div class=\"story_box_text\">\n<div id=\"attachment_976\" style=\"width: 152px\" class=\"wp-caption alignright\"><img aria-describedby=\"caption-attachment-976\" decoding=\"async\" loading=\"lazy\" class=\"wp-image-976\" src=\"\/wp-content\/uploads\/2016\/02\/Golem_and_Loew-172x300.jpg\" alt=\"Il Golem\" width=\"142\" height=\"248\" srcset=\"https:\/\/storia.anticaoria.it\/wp-content\/uploads\/2016\/02\/Golem_and_Loew-172x300.jpg 172w, https:\/\/storia.anticaoria.it\/wp-content\/uploads\/2016\/02\/Golem_and_Loew.jpg 274w\" sizes=\"(max-width: 142px) 100vw, 142px\" \/><p id=\"caption-attachment-976\" class=\"wp-caption-text\">Der Golem<\/p><\/div>\n<p>Die \u00e4ltesten Legenden von Oria sind in dder j\u00fcdischen Leteratur dokumentiert und sind mit j\u00fcdischen Gemeinden von Oria verbunden. Eines ist dass Golem von Oria, ein Kind wurde im 9. Jahrhundert von den Weisen der Stadt, vom Tode wieder aufgeweckt. Im 12. Jahrhundert wird von zwei Se&#8217;Irim S\u00e4uglingen berichtet. Beide Episoden sind von dem legend\u00e4ren Chronisten Achimaaz ben Paltiel aufgezeichnet.<\/p>\n<\/div>\n<\/div>\n","protected":false},"excerpt":{"rendered":"<p>Orias Gl\u00fcck war im Mittelalter, zwischen dem siebten und zehnten Jahrhundert, vor allem der weisen j\u00fcdischen Gemeinschaft zu verdanken, die mit seinen Philosophen, Dichtern und \u00c4rzten zu den bedeutendsten und angesehensten in Europa z\u00e4hlten. Die j\u00fcdischen Lehrer Orias hebten sich aufgrund ihres Studium der Midrashim und der Tora ab und wegen ihrer doktrinalen Ausarbeitung gelten [&hellip;]<\/p>\n","protected":false},"author":1,"featured_media":0,"parent":0,"menu_order":0,"comment_status":"closed","ping_status":"closed","template":"page-full-width.php","meta":[],"translation":{"provider":"WPGlobus","version":"2.12.0","language":"de","enabled_languages":["it","en","es","de","fr"],"languages":{"it":{"title":true,"content":true,"excerpt":false},"en":{"title":true,"content":true,"excerpt":false},"es":{"title":true,"content":true,"excerpt":false},"de":{"title":true,"content":true,"excerpt":false},"fr":{"title":true,"content":true,"excerpt":false}}},"aioseo_notices":[],"_links":{"self":[{"href":"https:\/\/storia.anticaoria.it\/de\/wp-json\/wp\/v2\/pages\/56"}],"collection":[{"href":"https:\/\/storia.anticaoria.it\/de\/wp-json\/wp\/v2\/pages"}],"about":[{"href":"https:\/\/storia.anticaoria.it\/de\/wp-json\/wp\/v2\/types\/page"}],"author":[{"embeddable":true,"href":"https:\/\/storia.anticaoria.it\/de\/wp-json\/wp\/v2\/users\/1"}],"replies":[{"embeddable":true,"href":"https:\/\/storia.anticaoria.it\/de\/wp-json\/wp\/v2\/comments?post=56"}],"version-history":[{"count":38,"href":"https:\/\/storia.anticaoria.it\/de\/wp-json\/wp\/v2\/pages\/56\/revisions"}],"predecessor-version":[{"id":3488,"href":"https:\/\/storia.anticaoria.it\/de\/wp-json\/wp\/v2\/pages\/56\/revisions\/3488"}],"wp:attachment":[{"href":"https:\/\/storia.anticaoria.it\/de\/wp-json\/wp\/v2\/media?parent=56"}],"curies":[{"name":"wp","href":"https:\/\/api.w.org\/{rel}","templated":true}]}}