{"id":58,"date":"2016-02-29T15:54:15","date_gmt":"2016-02-29T15:54:15","guid":{"rendered":"http:\/\/storia.anticaoria.it\/?page_id=58"},"modified":"2018-07-25T09:17:38","modified_gmt":"2018-07-25T09:17:38","slug":"la-confraternita-della-morte","status":"publish","type":"page","link":"https:\/\/storia.anticaoria.it\/de\/la-confraternita-della-morte\/","title":{"rendered":"Die Bruderschaft des Todes"},"content":{"rendered":"<div class=\"story_box\">\n<div class=\"story_box_text\">\n<div id=\"attachment_849\" style=\"width: 310px\" class=\"wp-caption alignleft\"><img aria-describedby=\"caption-attachment-849\" decoding=\"async\" loading=\"lazy\" class=\"size-medium wp-image-849\" src=\"\/wp-content\/uploads\/2016\/02\/mummie-300x169.jpg\" alt=\"Le mummie sotto la Basilica \" width=\"300\" height=\"169\" srcset=\"https:\/\/storia.anticaoria.it\/wp-content\/uploads\/2016\/02\/mummie-300x169.jpg 300w, https:\/\/storia.anticaoria.it\/wp-content\/uploads\/2016\/02\/mummie.jpg 800w\" sizes=\"(max-width: 300px) 100vw, 300px\" \/><p id=\"caption-attachment-849\" class=\"wp-caption-text\">Die Mumien unter der Basilika<\/p><\/div>\n<p>Unterhalb der Basilika von Oria befindet sich die die Krypta der Mumien, der einzige Fall von mumifizierten Laien. Gem\u00e4\u00df der lokalen Tradition wurde die Krypta im Jahre 1484 als Gebetsort und zur Erinnerung an all jener gebaut, die nicht aus der Schlacht gegen die T\u00fcrken in Terra d&#8217;Otranto (1480-1481) zur\u00fcckgekehrt waren. Die mumifizierte Leiche wurde ausgeweidet und die Hirnsubstanz aus der Nase gesaugt, anstelle der inneren Organe, wurde eine Mischung aus Trockensalzen und pulvrigen reinem Kalkpulver gef\u00fcllt und dann vern\u00e4ht und in eine Wanne versenkt, in der sich die gleichen Substanzen befanden, die in den K\u00f6rper anstelle der inneren Organe gef\u00fcllt wurden. Damit die komplette Austrocknung und Desinfektion der Leiche erfolgte, blieb sie entsprechend der Gr\u00f6\u00dfe des Ordensbruders f\u00fcr einen bestimmten Zeitraum in der Fl\u00fcssigkeit (zwei Jahre, zweieinhalb Jahre) Danach war die Anwesenheit von mindestens zwei Familienmitgliedern obligatorisch, die bereits dehydrierte und mumifizierte Leiche wurde herausgefischt, gereinigt, mit Salben behandelt, mit einem pers\u00f6nlichen Gewand bedeckt und in einer der Nischen platziert.<\/p>\n<\/div>\n<\/div>\n","protected":false},"excerpt":{"rendered":"<p>Unterhalb der Basilika von Oria befindet sich die die Krypta der Mumien, der einzige Fall von mumifizierten Laien. Gem\u00e4\u00df der lokalen Tradition wurde die Krypta im Jahre 1484 als Gebetsort und zur Erinnerung an all jener gebaut, die nicht aus der Schlacht gegen die T\u00fcrken in Terra d&#8217;Otranto (1480-1481) zur\u00fcckgekehrt waren. Die mumifizierte Leiche wurde [&hellip;]<\/p>\n","protected":false},"author":1,"featured_media":0,"parent":0,"menu_order":0,"comment_status":"closed","ping_status":"closed","template":"page-full-width.php","meta":[],"translation":{"provider":"WPGlobus","version":"2.12.0","language":"de","enabled_languages":["it","en","es","de","fr"],"languages":{"it":{"title":true,"content":true,"excerpt":false},"en":{"title":true,"content":true,"excerpt":false},"es":{"title":true,"content":true,"excerpt":false},"de":{"title":true,"content":true,"excerpt":false},"fr":{"title":true,"content":true,"excerpt":false}}},"aioseo_notices":[],"_links":{"self":[{"href":"https:\/\/storia.anticaoria.it\/de\/wp-json\/wp\/v2\/pages\/58"}],"collection":[{"href":"https:\/\/storia.anticaoria.it\/de\/wp-json\/wp\/v2\/pages"}],"about":[{"href":"https:\/\/storia.anticaoria.it\/de\/wp-json\/wp\/v2\/types\/page"}],"author":[{"embeddable":true,"href":"https:\/\/storia.anticaoria.it\/de\/wp-json\/wp\/v2\/users\/1"}],"replies":[{"embeddable":true,"href":"https:\/\/storia.anticaoria.it\/de\/wp-json\/wp\/v2\/comments?post=58"}],"version-history":[{"count":46,"href":"https:\/\/storia.anticaoria.it\/de\/wp-json\/wp\/v2\/pages\/58\/revisions"}],"predecessor-version":[{"id":3486,"href":"https:\/\/storia.anticaoria.it\/de\/wp-json\/wp\/v2\/pages\/58\/revisions\/3486"}],"wp:attachment":[{"href":"https:\/\/storia.anticaoria.it\/de\/wp-json\/wp\/v2\/media?parent=58"}],"curies":[{"name":"wp","href":"https:\/\/api.w.org\/{rel}","templated":true}]}}