{"id":96,"date":"2016-03-03T15:41:54","date_gmt":"2016-03-03T15:41:54","guid":{"rendered":"http:\/\/storia.anticaoria.it\/?page_id=96"},"modified":"2018-07-25T08:56:48","modified_gmt":"2018-07-25T08:56:48","slug":"fase-di-dominio-romano","status":"publish","type":"page","link":"https:\/\/storia.anticaoria.it\/de\/la-antica-storia-di-oria\/fase-di-dominio-romano\/","title":{"rendered":"Phase des r\u00f6mischen Beherrschung"},"content":{"rendered":"<div class=\"story_box\">\n<h2>R\u00f6mische Phase<\/h2>\n<div class=\"story_box_text\">\n<div id=\"attachment_88\" style=\"width: 310px\" class=\"wp-caption alignright\"><img aria-describedby=\"caption-attachment-88\" decoding=\"async\" loading=\"lazy\" class=\"wp-image-88 size-medium\" src=\"\/wp-content\/uploads\/2016\/02\/roma-300x225.jpg\" alt=\"Fase di dominio Romano\" width=\"300\" height=\"225\" srcset=\"https:\/\/storia.anticaoria.it\/wp-content\/uploads\/2016\/02\/roma-300x225.jpg 300w, https:\/\/storia.anticaoria.it\/wp-content\/uploads\/2016\/02\/roma-768x577.jpg 768w, https:\/\/storia.anticaoria.it\/wp-content\/uploads\/2016\/02\/roma.jpg 1024w\" sizes=\"(max-width: 300px) 100vw, 300px\" \/><p id=\"caption-attachment-88\" class=\"wp-caption-text\">R\u00f6mische aqu\u00e4dukt<\/p><\/div>\n<p>Oria hatte eine wichtige und fast autonome Rolle unter der r\u00f6mischen Herrschaft.<\/p>\n<p>In der Tat wurde die Stadt im Jahre 272 v. Chr. Teil der Herrschaft Roms zusammen mit allen St\u00e4dten der Messapier als Folge der anhaltenden Konflikte mit den St\u00e4dten der Magna Grecia; 88 v. Chr. wurde sie zur &#8220;R\u00f6merstadt&#8221; gemacht. Es ist ein Privileg, das nur wenigen St\u00e4dten des Imperiums vorbehalten waren und dank dessen die Stadt das Recht behielt, M\u00fcnzen zu pr\u00e4gen und daher weiterhin einen starken Einfluss auf die umliegenden Gebiete aus\u00fcben konnte.<\/p>\n<p>Die M\u00fcnzen stellten G\u00f6tter und Pers\u00f6nlichkeiten der Stadt dar, die Pr\u00e4gung wurde mit einer derartigen Sorgfalt durchgef\u00fchrt, wie sie in keiner anderen r\u00f6mischen Gemeinde zu finden war. Die Bedeutung der Stadt wird auch durch die Anwesenheit der Via Appia, der wichtigsten Stra\u00dfe des r\u00f6mischen Reiches, verst\u00e4rkt. Die Legende besagt, dass der Heilige Petrus 44 d. Chr. durch die Stadt gereist sei, um das Evangelium zu verk\u00fcnden und den ersten Bischof der Gemeinde von Oria zu weihen. Oria w\u00e4re daher eine der \u00e4ltesten christlichen Gemeinden.<\/p>\n<\/div>\n<\/div>\n","protected":false},"excerpt":{"rendered":"<p>R\u00f6mische Phase Oria hatte eine wichtige und fast autonome Rolle unter der r\u00f6mischen Herrschaft. In der Tat wurde die Stadt im Jahre 272 v. Chr. Teil der Herrschaft Roms zusammen mit allen St\u00e4dten der Messapier als Folge der anhaltenden Konflikte mit den St\u00e4dten der Magna Grecia; 88 v. Chr. wurde sie zur &#8220;R\u00f6merstadt&#8221; gemacht. Es [&hellip;]<\/p>\n","protected":false},"author":1,"featured_media":0,"parent":2,"menu_order":0,"comment_status":"closed","ping_status":"closed","template":"page-full-width.php","meta":[],"translation":{"provider":"WPGlobus","version":"2.12.0","language":"de","enabled_languages":["it","en","es","de","fr"],"languages":{"it":{"title":true,"content":true,"excerpt":false},"en":{"title":true,"content":true,"excerpt":false},"es":{"title":true,"content":true,"excerpt":false},"de":{"title":true,"content":true,"excerpt":false},"fr":{"title":true,"content":true,"excerpt":false}}},"aioseo_notices":[],"_links":{"self":[{"href":"https:\/\/storia.anticaoria.it\/de\/wp-json\/wp\/v2\/pages\/96"}],"collection":[{"href":"https:\/\/storia.anticaoria.it\/de\/wp-json\/wp\/v2\/pages"}],"about":[{"href":"https:\/\/storia.anticaoria.it\/de\/wp-json\/wp\/v2\/types\/page"}],"author":[{"embeddable":true,"href":"https:\/\/storia.anticaoria.it\/de\/wp-json\/wp\/v2\/users\/1"}],"replies":[{"embeddable":true,"href":"https:\/\/storia.anticaoria.it\/de\/wp-json\/wp\/v2\/comments?post=96"}],"version-history":[{"count":39,"href":"https:\/\/storia.anticaoria.it\/de\/wp-json\/wp\/v2\/pages\/96\/revisions"}],"predecessor-version":[{"id":3485,"href":"https:\/\/storia.anticaoria.it\/de\/wp-json\/wp\/v2\/pages\/96\/revisions\/3485"}],"up":[{"embeddable":true,"href":"https:\/\/storia.anticaoria.it\/de\/wp-json\/wp\/v2\/pages\/2"}],"wp:attachment":[{"href":"https:\/\/storia.anticaoria.it\/de\/wp-json\/wp\/v2\/media?parent=96"}],"curies":[{"name":"wp","href":"https:\/\/api.w.org\/{rel}","templated":true}]}}