{"id":102,"date":"2016-03-03T15:45:55","date_gmt":"2016-03-03T15:45:55","guid":{"rendered":"http:\/\/storia.anticaoria.it\/?page_id=102"},"modified":"2018-07-25T07:40:41","modified_gmt":"2018-07-25T07:40:41","slug":"dal-1600-ad-oggi","status":"publish","type":"page","link":"https:\/\/storia.anticaoria.it\/es\/la-antica-storia-di-oria\/dal-1600-ad-oggi\/","title":{"rendered":"Desde 1600 hasta hoy"},"content":{"rendered":"<div class=\"story_box\">\n<h2>1600-1800<\/h2>\n<div class=\"story_box_text\">\n<div id=\"attachment_945\" style=\"width: 199px\" class=\"wp-caption alignleft\"><img aria-describedby=\"caption-attachment-945\" decoding=\"async\" loading=\"lazy\" class=\"wp-image-945\" src=\"\/wp-content\/uploads\/2016\/03\/Francis1-1-231x300.jpg\" alt=\"Francis1-1\" width=\"189\" height=\"245\" srcset=\"https:\/\/storia.anticaoria.it\/wp-content\/uploads\/2016\/03\/Francis1-1-231x300.jpg 231w, https:\/\/storia.anticaoria.it\/wp-content\/uploads\/2016\/03\/Francis1-1-789x1024.jpg 789w, https:\/\/storia.anticaoria.it\/wp-content\/uploads\/2016\/03\/Francis1-1.jpg 1092w\" sizes=\"(max-width: 189px) 100vw, 189px\" \/><p id=\"caption-attachment-945\" class=\"wp-caption-text\">El rey Francisco I de Francia<\/p><\/div>\n<p>Despu\u00e9s del a\u00f1o 1500 Oria no estaba m\u00e1s en el centro de la gran historia, simult\u00e1neamente inici\u00f3 un lento decline de la Antigua ciudad, probablemente el primer indicio de la ca\u00edda fue cuando Oria estrech\u00f3 alianza con Francisco I contra Carlos V: la derrota del Rey de Francia enemist\u00f3 Oria por los favores de Carlos V. En el transcurso del setecientos, a cargo de Miguel Imperiale, fueron restaurados algunos monumentos de la ciudad, entre los cuales la Puerta Manfredi. Remonta a 1743 la construcci\u00f3n de la nueva catedral, demoliendo as\u00ed la antigua iglesia de estilo medieval que hab\u00eda sido da\u00f1ada a causa de un terremoto. A pesar de la propaganda sucesiva post unitaria, en Oria no hicieron falta rumores que contrastaran la unidad: citamos un ejemplo: en las actas de la comisar\u00eda contra las asociaciones y actas contra el Estado se registraban insultos contra el Rey, todo esto acontecido en casa de Luis Lombardi. Se encuentran tambi\u00e9n actas de presuntas reuniones subversivas a las que participaron ciudadanos orianos y de pueblos lim\u00edtrofes.<\/p>\n<\/div>\n<h2>Desde 1800 hasta hoy<\/h2>\n<div class=\"story_box_text\">\n<div id=\"attachment_947\" style=\"width: 310px\" class=\"wp-caption alignright\"><img aria-describedby=\"caption-attachment-947\" decoding=\"async\" loading=\"lazy\" class=\"wp-image-947 size-medium\" src=\"\/wp-content\/uploads\/2016\/03\/castellobianconero-300x190.jpg\" alt=\"castellobianconero\" width=\"300\" height=\"190\" srcset=\"https:\/\/storia.anticaoria.it\/wp-content\/uploads\/2016\/03\/castellobianconero-300x190.jpg 300w, https:\/\/storia.anticaoria.it\/wp-content\/uploads\/2016\/03\/castellobianconero.jpg 998w\" sizes=\"(max-width: 300px) 100vw, 300px\" \/><p id=\"caption-attachment-947\" class=\"wp-caption-text\">El castillo en los primeros &#8216;900<\/p><\/div>\n<p>En 1880 se verificaron enfrentamientos entre orianos y \u201cfrancavillesi\u201d; despu\u00e9s de numerosos arrestos de parte de los agentes de polic\u00eda, m\u00e1s de cinco mil campesinos \u201cfrancavillesi\u201d se dirigieron a las c\u00e1rceles, liberando as\u00ed a los detenidos. De esta manera los enfrentamientos continuaron y se amargaron tanto que para tener bajo control la situaci\u00f3n enviaron soldados desde Brindisi, Taranto, Bari y Lecce. El 21 de septiembre de 1897, la ciudad fue devastada por un poderoso cicl\u00f3n que da\u00f1\u00f3 sobretodo la parte occidental y septentrional de la ciudad y gran parte de sus antiguos monumentos. El castillo fue restaurado hasta en 1933 despu\u00e9s que los Condes Martini-Carissimo adquirieron la propiedad. En 1950, con el decreto de la Presidencia del Consejo de los Ministros, se le otorga a Oria el t\u00edtulo de ciudad.<\/p>\n<\/div>\n<\/div>\n","protected":false},"excerpt":{"rendered":"<p>1600-1800 Despu\u00e9s del a\u00f1o 1500 Oria no estaba m\u00e1s en el centro de la gran historia, simult\u00e1neamente inici\u00f3 un lento decline de la Antigua ciudad, probablemente el primer indicio de la ca\u00edda fue cuando Oria estrech\u00f3 alianza con Francisco I contra Carlos V: la derrota del Rey de Francia enemist\u00f3 Oria por los favores de [&hellip;]<\/p>\n","protected":false},"author":1,"featured_media":0,"parent":2,"menu_order":0,"comment_status":"closed","ping_status":"closed","template":"page-full-width.php","meta":[],"translation":{"provider":"WPGlobus","version":"2.12.0","language":"es","enabled_languages":["it","en","es","de","fr"],"languages":{"it":{"title":true,"content":true,"excerpt":false},"en":{"title":true,"content":true,"excerpt":false},"es":{"title":true,"content":true,"excerpt":false},"de":{"title":true,"content":true,"excerpt":false},"fr":{"title":true,"content":true,"excerpt":false}}},"aioseo_notices":[],"_links":{"self":[{"href":"https:\/\/storia.anticaoria.it\/es\/wp-json\/wp\/v2\/pages\/102"}],"collection":[{"href":"https:\/\/storia.anticaoria.it\/es\/wp-json\/wp\/v2\/pages"}],"about":[{"href":"https:\/\/storia.anticaoria.it\/es\/wp-json\/wp\/v2\/types\/page"}],"author":[{"embeddable":true,"href":"https:\/\/storia.anticaoria.it\/es\/wp-json\/wp\/v2\/users\/1"}],"replies":[{"embeddable":true,"href":"https:\/\/storia.anticaoria.it\/es\/wp-json\/wp\/v2\/comments?post=102"}],"version-history":[{"count":32,"href":"https:\/\/storia.anticaoria.it\/es\/wp-json\/wp\/v2\/pages\/102\/revisions"}],"predecessor-version":[{"id":328,"href":"https:\/\/storia.anticaoria.it\/es\/wp-json\/wp\/v2\/pages\/102\/revisions\/328"}],"up":[{"embeddable":true,"href":"https:\/\/storia.anticaoria.it\/es\/wp-json\/wp\/v2\/pages\/2"}],"wp:attachment":[{"href":"https:\/\/storia.anticaoria.it\/es\/wp-json\/wp\/v2\/media?parent=102"}],"curies":[{"name":"wp","href":"https:\/\/api.w.org\/{rel}","templated":true}]}}