{"id":134,"date":"2016-03-10T16:02:45","date_gmt":"2016-03-10T16:02:45","guid":{"rendered":"http:\/\/storia.anticaoria.it\/?page_id=134"},"modified":"2018-07-25T10:05:33","modified_gmt":"2018-07-25T10:05:33","slug":"le-aree-naturali","status":"publish","type":"page","link":"https:\/\/storia.anticaoria.it\/es\/luoghi-dinteresse\/le-aree-naturali\/","title":{"rendered":"Las \u00e1reas naturales"},"content":{"rendered":"<div class=\"story_box\">\n<h2>Parque Montalbano<\/h2>\n<div class=\"story_box_text\">\n<div id=\"attachment_714\" style=\"width: 310px\" class=\"wp-caption alignleft\"><img aria-describedby=\"caption-attachment-714\" decoding=\"async\" loading=\"lazy\" src=\"\/wp-content\/uploads\/2016\/04\/parco-montalbano-oria-300x163.jpg\" alt=\"Parco Montalbano\" width=\"300\" height=\"163\" class=\"size-medium wp-image-714\" srcset=\"https:\/\/storia.anticaoria.it\/wp-content\/uploads\/2016\/04\/parco-montalbano-oria-300x163.jpg 300w, https:\/\/storia.anticaoria.it\/wp-content\/uploads\/2016\/04\/parco-montalbano-oria.jpg 676w\" sizes=\"(max-width: 300px) 100vw, 300px\" \/><p id=\"caption-attachment-714\" class=\"wp-caption-text\">Parque Montalbano<\/p><\/div>\n<p>Al pie del castillo crece un parque lleno de numerosas plantas y \u00e1rboles, restos del bosque que circundaba el entero territorio de Oria. En el setecientos se convierte en un verdadero y proprio parque; llegan a formar parte del patrimonio del obispado, desde 1982 es propiedad de la municipalidad de Oria.<\/p>\n<\/p><\/div>\n<h2>Parque Oria-Lorch<\/h2>\n<div class=\"story_box_text\">\n<div id=\"attachment_712\" style=\"width: 310px\" class=\"wp-caption alignright\"><img aria-describedby=\"caption-attachment-712\" decoding=\"async\" loading=\"lazy\" src=\"\/wp-content\/uploads\/2016\/04\/orialorch-300x225.jpg\" alt=\"Parco Ora-Lorch\" width=\"300\" height=\"225\" class=\"size-medium wp-image-712\" srcset=\"https:\/\/storia.anticaoria.it\/wp-content\/uploads\/2016\/04\/orialorch-300x225.jpg 300w, https:\/\/storia.anticaoria.it\/wp-content\/uploads\/2016\/04\/orialorch.jpg 1024w\" sizes=\"(max-width: 300px) 100vw, 300px\" \/><p id=\"caption-attachment-712\" class=\"wp-caption-text\">Parque Oria-Lorch<\/p><\/div>\n<p>Creado sobre las colinas, lugar situado entre los distritos Frascata e Sottoparabita (hoy en d\u00eda Calle  Frascata y Calle Curtatone y Montanara) fue creado por voluntad del Consejero  provincial Emanuele Pipino en los a\u00f1os ochenta. Presenta variedades bot\u00e1nicas t\u00edpicas de la mancha mediterr\u00e1nea.<\/p>\n<\/p><\/div>\n<\/div>\n","protected":false},"excerpt":{"rendered":"<p>Parque Montalbano Al pie del castillo crece un parque lleno de numerosas plantas y \u00e1rboles, restos del bosque que circundaba el entero territorio de Oria. En el setecientos se convierte en un verdadero y proprio parque; llegan a formar parte del patrimonio del obispado, desde 1982 es propiedad de la municipalidad de Oria. Parque Oria-Lorch [&hellip;]<\/p>\n","protected":false},"author":1,"featured_media":0,"parent":114,"menu_order":0,"comment_status":"closed","ping_status":"closed","template":"page-full-width.php","meta":[],"translation":{"provider":"WPGlobus","version":"2.12.0","language":"es","enabled_languages":["it","en","es","de","fr"],"languages":{"it":{"title":true,"content":true,"excerpt":false},"en":{"title":true,"content":true,"excerpt":false},"es":{"title":true,"content":true,"excerpt":false},"de":{"title":true,"content":true,"excerpt":false},"fr":{"title":true,"content":true,"excerpt":false}}},"aioseo_notices":[],"_links":{"self":[{"href":"https:\/\/storia.anticaoria.it\/es\/wp-json\/wp\/v2\/pages\/134"}],"collection":[{"href":"https:\/\/storia.anticaoria.it\/es\/wp-json\/wp\/v2\/pages"}],"about":[{"href":"https:\/\/storia.anticaoria.it\/es\/wp-json\/wp\/v2\/types\/page"}],"author":[{"embeddable":true,"href":"https:\/\/storia.anticaoria.it\/es\/wp-json\/wp\/v2\/users\/1"}],"replies":[{"embeddable":true,"href":"https:\/\/storia.anticaoria.it\/es\/wp-json\/wp\/v2\/comments?post=134"}],"version-history":[{"count":22,"href":"https:\/\/storia.anticaoria.it\/es\/wp-json\/wp\/v2\/pages\/134\/revisions"}],"predecessor-version":[{"id":3492,"href":"https:\/\/storia.anticaoria.it\/es\/wp-json\/wp\/v2\/pages\/134\/revisions\/3492"}],"up":[{"embeddable":true,"href":"https:\/\/storia.anticaoria.it\/es\/wp-json\/wp\/v2\/pages\/114"}],"wp:attachment":[{"href":"https:\/\/storia.anticaoria.it\/es\/wp-json\/wp\/v2\/media?parent=134"}],"curies":[{"name":"wp","href":"https:\/\/api.w.org\/{rel}","templated":true}]}}