{"id":426,"date":"2016-03-25T14:42:50","date_gmt":"2016-03-25T14:42:50","guid":{"rendered":"http:\/\/storia.anticaoria.it\/?page_id=426"},"modified":"2018-07-25T12:09:04","modified_gmt":"2018-07-25T12:09:04","slug":"le-lotte-politiche-di-federico-ii","status":"publish","type":"page","link":"https:\/\/storia.anticaoria.it\/es\/re-federico-ii-di-svevia\/le-lotte-politiche-di-federico-ii\/","title":{"rendered":"Las luchas pol\u00edticas de Federico II"},"content":{"rendered":"<div class=\"story_box\">\n<h2>En luchas contra el Papa&#8230;..<\/h2>\n<div class=\"story_box_text\">\n\t\t<div id=\"attachment_468\" style=\"width: 210px\" class=\"wp-caption alignleft\"><img aria-describedby=\"caption-attachment-468\" decoding=\"async\" loading=\"lazy\" class=\"size-full wp-image-468\" src=\"\/wp-content\/uploads\/2016\/03\/200px-Inocenc_IV.jpg\" alt=\"Papa Innocenzo IV\" width=\"200\" height=\"204\" \/><p id=\"caption-attachment-468\" class=\"wp-caption-text\">El papa Inocencio IV<\/p><\/div>\n<p>Desde un inicio Federico no hab\u00eda respetado los compromisos con el Papa. No solo su cruzada hab\u00eda terminado con un buen negocio sino que \u00e9l no hab\u00eda ni siquiera renunciado, al reino de Sicilia, una vez convertido en Emperador, como antes ya se lo hab\u00eda pedido Inocencio III. La tensi\u00f3n con el papado estaba llegando a su limite. En 1241 Federico captur\u00f3 a lo ancho de la isla de Elba a los prelados que ten\u00edan intenciones de llegar a Roma para participar al Concilio general lanzado por el Papa. Sin embargo nada pudo hacer para impedir un nuevo Concilio, ya que el pont\u00edfice Inocencio IV lo quiso hacer por seguridad en Lione, Francia en 1245.  Aqu\u00ed Federico fue acusado de perjurio, rotura de paz, blasfema y herej\u00eda y la asamblea deliber\u00f3 su deposici\u00f3n al trono. Pero la decisi\u00f3n no tuvo ning\u00fan efecto pr\u00e1ctico.<\/p>\n<\/p><\/div>\n<h2>\u2026..y contra las municipalidades italianas <\/h2>\n<div id=\"attachment_469\" style=\"width: 310px\" class=\"wp-caption alignright\"><img aria-describedby=\"caption-attachment-469\" decoding=\"async\" loading=\"lazy\" class=\"size-medium wp-image-469\" src=\"\/wp-content\/uploads\/2016\/03\/06_stati-preunitari_672-458_resize-300x200.jpg\" alt=\"Stemma Lega Lombarda\" width=\"300\" height=\"200\" srcset=\"https:\/\/storia.anticaoria.it\/wp-content\/uploads\/2016\/03\/06_stati-preunitari_672-458_resize-300x200.jpg 300w, https:\/\/storia.anticaoria.it\/wp-content\/uploads\/2016\/03\/06_stati-preunitari_672-458_resize.jpg 672w\" sizes=\"(max-width: 300px) 100vw, 300px\" \/><p id=\"caption-attachment-469\" class=\"wp-caption-text\">Cresta de la aleaci\u00f3n &#8221;Lombarda&#8221;<\/p><\/div>\n<div class=\"story_box_text\">\n<p>Tales acontecimientos se entrelazaban con lo que suced\u00eda en Italia septentrional , donde el Emperador se enfrenta con las municipalidades que quer\u00edan preservar la propia autonom\u00eda de sus intenciones de soberan\u00eda. Con tal finalidad ellos resucitaron la Liga Lombarda a la cual se hab\u00eda opuesto por los mismos motivos su abuelo, Federico I Barbarroja. En 1237 en Cortenuova, Federico dobleg\u00f3 la Liga, pero en vez de buscar un acuerdo favorable para las partes, trat\u00f3 de imponer un rendimiento incondicional. La lucha entonces reinicia y esta vez al lado de las municipalidades se alinea tambi\u00e9n el Papa que excomulga por la segunda vez a Federico (1239). Posteriormente conoce el sabor amargo de la derrota: en 1248, en Parma sufre una grave derrota; el a\u00f1o siguiente los bolo\u00f1eses capturaran a Fossata Enzo, hijo predilecto del Emperador ( muere como prisionero en 1272).<\/p>\n<\/p><\/div>\n<\/div>\n","protected":false},"excerpt":{"rendered":"<p>En luchas contra el Papa&#8230;.. Desde un inicio Federico no hab\u00eda respetado los compromisos con el Papa. No solo su cruzada hab\u00eda terminado con un buen negocio sino que \u00e9l no hab\u00eda ni siquiera renunciado, al reino de Sicilia, una vez convertido en Emperador, como antes ya se lo hab\u00eda pedido Inocencio III. La tensi\u00f3n [&hellip;]<\/p>\n","protected":false},"author":1,"featured_media":0,"parent":54,"menu_order":0,"comment_status":"closed","ping_status":"closed","template":"page-full-width.php","meta":[],"translation":{"provider":"WPGlobus","version":"2.12.0","language":"es","enabled_languages":["it","en","es","de","fr"],"languages":{"it":{"title":true,"content":true,"excerpt":false},"en":{"title":true,"content":true,"excerpt":false},"es":{"title":true,"content":true,"excerpt":false},"de":{"title":true,"content":true,"excerpt":false},"fr":{"title":true,"content":true,"excerpt":false}}},"aioseo_notices":[],"_links":{"self":[{"href":"https:\/\/storia.anticaoria.it\/es\/wp-json\/wp\/v2\/pages\/426"}],"collection":[{"href":"https:\/\/storia.anticaoria.it\/es\/wp-json\/wp\/v2\/pages"}],"about":[{"href":"https:\/\/storia.anticaoria.it\/es\/wp-json\/wp\/v2\/types\/page"}],"author":[{"embeddable":true,"href":"https:\/\/storia.anticaoria.it\/es\/wp-json\/wp\/v2\/users\/1"}],"replies":[{"embeddable":true,"href":"https:\/\/storia.anticaoria.it\/es\/wp-json\/wp\/v2\/comments?post=426"}],"version-history":[{"count":23,"href":"https:\/\/storia.anticaoria.it\/es\/wp-json\/wp\/v2\/pages\/426\/revisions"}],"predecessor-version":[{"id":3515,"href":"https:\/\/storia.anticaoria.it\/es\/wp-json\/wp\/v2\/pages\/426\/revisions\/3515"}],"up":[{"embeddable":true,"href":"https:\/\/storia.anticaoria.it\/es\/wp-json\/wp\/v2\/pages\/54"}],"wp:attachment":[{"href":"https:\/\/storia.anticaoria.it\/es\/wp-json\/wp\/v2\/media?parent=426"}],"curies":[{"name":"wp","href":"https:\/\/api.w.org\/{rel}","templated":true}]}}