{"id":93,"date":"2016-03-03T15:38:35","date_gmt":"2016-03-03T15:38:35","guid":{"rendered":"http:\/\/storia.anticaoria.it\/?page_id=93"},"modified":"2018-07-25T08:48:30","modified_gmt":"2018-07-25T08:48:30","slug":"dalla-preistoria-alla-fase-messapica","status":"publish","type":"page","link":"https:\/\/storia.anticaoria.it\/es\/la-antica-storia-di-oria\/dalla-preistoria-alla-fase-messapica\/","title":{"rendered":"Desde la prehistoria hasta la Era Messapica"},"content":{"rendered":"<div class=\"story_box\">\n<h2>Era prehist\u00f3rica<\/h2>\n<div class=\"story_box_text\">\n<div id=\"attachment_949\" style=\"width: 310px\" class=\"wp-caption alignleft\"><img aria-describedby=\"caption-attachment-949\" decoding=\"async\" loading=\"lazy\" class=\"wp-image-949 size-medium\" src=\"\/wp-content\/uploads\/2016\/03\/284991-thumb-full-oria1-300x169.jpg\" alt=\"284991-thumb-full-oria1\" width=\"300\" height=\"169\" srcset=\"https:\/\/storia.anticaoria.it\/wp-content\/uploads\/2016\/03\/284991-thumb-full-oria1-300x169.jpg 300w, https:\/\/storia.anticaoria.it\/wp-content\/uploads\/2016\/03\/284991-thumb-full-oria1.jpg 640w\" sizes=\"(max-width: 300px) 100vw, 300px\" \/><p id=\"caption-attachment-949\" class=\"wp-caption-text\">Hallazgos arqueol\u00f3gicos<\/p><\/div>\n<p>Aqu\u00ed tenemos rastros antr\u00f3picos cuyo origen remontan al per\u00edodo prehist\u00f3rico. Los hallazgos del material l\u00edtico (picos y lanzas) y cer\u00e1micas prehist\u00f3ricas en los distritos de Laurito e S. Giovanni lo Pariete que remontan a la edad de piedra.<\/p>\n<\/div>\n<h2>Fundaci\u00f3n de la ciudad<\/h2>\n<div class=\"story_box_text\">\n<p>La ciudad de Oria seg\u00fan el historiador Gaspar Papatodero remonta al 1007 A.C. El origen se atribuye a la poblaci\u00f3n monoico-cretense, que, seg\u00fan el historiador Erodoto, una vez que naufragaron en las costas apulieses, se instalaron en la zona actual de Oria, dando origen a una antigua aldea llamada Hyria (nombre muy extendido en el Mar Egeo) que lleva tambi\u00e9n el nombre actual de la ciudad. Para fortalecer esta tesis, adem\u00e1s de las escrituras griegas, hay tambi\u00e9n muchos hallazgos de arte monoica y cretense, muestra de que la influencia y las tradiciones griegas eran muy consistentes en la zona.<\/p>\n<\/div>\n<h2>Era Messapica<\/h2>\n<div class=\"story_box_text\">\n<div id=\"attachment_951\" style=\"width: 223px\" class=\"wp-caption alignleft\"><img aria-describedby=\"caption-attachment-951\" decoding=\"async\" loading=\"lazy\" class=\"wp-image-951 \" src=\"\/wp-content\/uploads\/2016\/03\/monete-150x150.jpg\" alt=\"monete\" width=\"213\" height=\"213\" \/><p id=\"caption-attachment-951\" class=\"wp-caption-text\">Monedas prehist\u00f3ricos<\/p><\/div>\n<p>Seg\u00fan la universidad de Amsterdam en el siglo VIII A.C Oria se convierte en ciudad estado. Su construcci\u00f3n es de pleno estilo Italo-Meridional ( los centros habitados se localizaban en las partes m\u00e1s altas de la zona, un ejemplo muy t\u00edpico es Roma) inician a aparecer los primeros edificios p\u00fablicos y los primeros edificios templarios.<\/p>\n<p>En este per\u00edodo Oria conoce una fuerte expansi\u00f3n sea desde el punto de vista econ\u00f3mico que influyente sobre los territorios circunstantes. Numerosos son los hallazgos (monedas, cer\u00e1micas) que dan fe de informes con las mayores ciudades messapicas (Sibari e Metaponto) de la \u00e9poca y no solamente eso.<\/p>\n<p> De mucha fama son las relaciones con las ciudades de la magna Grecia entre las cuales la del amor y odio con la vecina de Taranto que por alg\u00fan tiempo crearon importantes intercambios culturales , para otros tambi\u00e9n grandes tensiones entre las cuales una guerra que la ciudad tuvo que enfrentar y a su vez ganar la coalici\u00f3n Taranto- Reggina. Erodoto cita las siguientes frases acerca de lo acontecido: \u201cEsta ha sido la matanza m\u00e1s grande entre griegos y reggios que nosotros conocemos, de los reggios murieron 300 soldados y de los tarantinos no se puede ni siquiera contar el n\u00famero&#8221;<\/p>\n<\/div>\n<\/div>\n","protected":false},"excerpt":{"rendered":"<p>Era prehist\u00f3rica Aqu\u00ed tenemos rastros antr\u00f3picos cuyo origen remontan al per\u00edodo prehist\u00f3rico. Los hallazgos del material l\u00edtico (picos y lanzas) y cer\u00e1micas prehist\u00f3ricas en los distritos de Laurito e S. Giovanni lo Pariete que remontan a la edad de piedra. Fundaci\u00f3n de la ciudad La ciudad de Oria seg\u00fan el historiador Gaspar Papatodero remonta al [&hellip;]<\/p>\n","protected":false},"author":1,"featured_media":0,"parent":2,"menu_order":0,"comment_status":"closed","ping_status":"closed","template":"page-full-width.php","meta":[],"translation":{"provider":"WPGlobus","version":"2.12.0","language":"es","enabled_languages":["it","en","es","de","fr"],"languages":{"it":{"title":true,"content":true,"excerpt":false},"en":{"title":true,"content":true,"excerpt":false},"es":{"title":true,"content":true,"excerpt":false},"de":{"title":true,"content":true,"excerpt":false},"fr":{"title":true,"content":true,"excerpt":false}}},"aioseo_notices":[],"_links":{"self":[{"href":"https:\/\/storia.anticaoria.it\/es\/wp-json\/wp\/v2\/pages\/93"}],"collection":[{"href":"https:\/\/storia.anticaoria.it\/es\/wp-json\/wp\/v2\/pages"}],"about":[{"href":"https:\/\/storia.anticaoria.it\/es\/wp-json\/wp\/v2\/types\/page"}],"author":[{"embeddable":true,"href":"https:\/\/storia.anticaoria.it\/es\/wp-json\/wp\/v2\/users\/1"}],"replies":[{"embeddable":true,"href":"https:\/\/storia.anticaoria.it\/es\/wp-json\/wp\/v2\/comments?post=93"}],"version-history":[{"count":51,"href":"https:\/\/storia.anticaoria.it\/es\/wp-json\/wp\/v2\/pages\/93\/revisions"}],"predecessor-version":[{"id":3482,"href":"https:\/\/storia.anticaoria.it\/es\/wp-json\/wp\/v2\/pages\/93\/revisions\/3482"}],"up":[{"embeddable":true,"href":"https:\/\/storia.anticaoria.it\/es\/wp-json\/wp\/v2\/pages\/2"}],"wp:attachment":[{"href":"https:\/\/storia.anticaoria.it\/es\/wp-json\/wp\/v2\/media?parent=93"}],"curies":[{"name":"wp","href":"https:\/\/api.w.org\/{rel}","templated":true}]}}