{"id":98,"date":"2016-03-03T15:43:49","date_gmt":"2016-03-03T15:43:49","guid":{"rendered":"http:\/\/storia.anticaoria.it\/?page_id=98"},"modified":"2018-07-24T15:15:29","modified_gmt":"2018-07-24T15:15:29","slug":"basso-e-alto-medioevo","status":"publish","type":"page","link":"https:\/\/storia.anticaoria.it\/es\/la-antica-storia-di-oria\/basso-e-alto-medioevo\/","title":{"rendered":"Edad Media Alta y Baja"},"content":{"rendered":"<div class=\"story_box\">\n<h2>\u00c9poca Medieval<\/h2>\n<div class=\"story_box_text\"><img decoding=\"async\" loading=\"lazy\" class=\"alignleft size-medium wp-image-959\" src=\"\/wp-content\/uploads\/2016\/03\/giudaismo-300x185.jpg\" alt=\"giudaismo\" width=\"300\" height=\"185\" srcset=\"https:\/\/storia.anticaoria.it\/wp-content\/uploads\/2016\/03\/giudaismo-300x185.jpg 300w, https:\/\/storia.anticaoria.it\/wp-content\/uploads\/2016\/03\/giudaismo-1024x632.jpg 1024w, https:\/\/storia.anticaoria.it\/wp-content\/uploads\/2016\/03\/giudaismo.jpg 1600w\" sizes=\"(max-width: 300px) 100vw, 300px\" \/>La fortuna de Oria en la edad Media entre el siglo VII y XII se debe sobretodo a la poderosa y sabia comunidad Hebrea entre las m\u00e1s ilustres y prestigiosas de Europa. La ciudad ha proporcionado innumerables eruditos, fil\u00f3sofos, poetas y m\u00e9dicos. Los maestros hebreos de Oria se destacan sobretodo por los estudios de Torah y gracias a su formaci\u00f3n doctrinal es que hay precursores de los estudios cabal\u00edsticos<\/p>\n<\/div>\n<h2>Edad Media Alta<\/h2>\n<div class=\"story_box_text\"><img decoding=\"async\" loading=\"lazy\" class=\"size-medium wp-image-957 alignright\" src=\"\/wp-content\/uploads\/2016\/03\/1024px-Byzantine_Greek_Alexander_Manuscript_Cataphract_cropped-300x217.jpg\" alt=\"1024px-Byzantine_Greek_Alexander_Manuscript_Cataphract_cropped\" width=\"300\" height=\"217\" srcset=\"https:\/\/storia.anticaoria.it\/wp-content\/uploads\/2016\/03\/1024px-Byzantine_Greek_Alexander_Manuscript_Cataphract_cropped-300x217.jpg 300w, https:\/\/storia.anticaoria.it\/wp-content\/uploads\/2016\/03\/1024px-Byzantine_Greek_Alexander_Manuscript_Cataphract_cropped.jpg 1024w\" sizes=\"(max-width: 300px) 100vw, 300px\" \/>Remonta al 606 la primera noticia concerniente a la existencia del obispado, el primer obispo llamado Reparato. Su nombre se desplaza a \u00e1mbitos longobardos. Con la llegada del Medioevo, como suele suceder, las noticias se vuelven escasas y menos ciertas, en modo particular durante la guerra griego-g\u00f3tica. Sin embargo la importancia de la ciudad de Oria crece, a diferencia de la decadencia que sufre Brindisi. Los motivos pueden ser m\u00faltiples: con toda probabilidad Oria se defend\u00eda mejor, los campos en los alrededores empezaban a despoblarse a diferencia de las ciudades. Por lo tanto Oria entre los siglos VI-VII mantiene el rango de &#8220;Civitas&#8221;. Posteriormente Oria fue un territorio de transici\u00f3n entre Bizantinos y Longobardos: De hecho que en el \u00e1rea de la ciudad se ten\u00eda que encontrar el famoso l\u00edmite de los griegos, un tipo de frontera entre los territorios longobardos y bizantinos.<\/p>\n<\/div>\n<h2>El dominio Sarraceno<\/h2>\n<div class=\"story_box_text\"><img decoding=\"async\" loading=\"lazy\" class=\"alignleft wp-image-960\" src=\"\/wp-content\/uploads\/2016\/03\/saraceni-300x185.jpg\" alt=\"saraceni\" width=\"350\" height=\"216\" srcset=\"https:\/\/storia.anticaoria.it\/wp-content\/uploads\/2016\/03\/saraceni-300x185.jpg 300w, https:\/\/storia.anticaoria.it\/wp-content\/uploads\/2016\/03\/saraceni.jpg 325w\" sizes=\"(max-width: 350px) 100vw, 350px\" \/>En el 867 el Emperador Ludovico II se dirigi\u00f3 a Oria para liberarla de los sarracenos, pero los ataques no cesaron, m\u00e1s bien se aprovech\u00f3 de esa situaci\u00f3n para retomar la ciudad de los longobardos: De hecho, Oria que era el estado de los estudios actuales, era tambi\u00e9n la fortaleza de los Longobardos, la que mejor se defend\u00eda en Salento. En los anos 880, cuando la zona cay\u00f3 definitivamente en manos de los Bizantinos bajo el poder de Basilio I, Oria fue regida por el Protospartario Gaideris di Benevento, pr\u00edncipe beneventano, en exilio probablemente porque la poblaci\u00f3n hab\u00eda sido longobardizada. En el 924 los sarracenos incendiaron la ciudad y fueron numerosas las v\u00edctimas, muchos hebreos y habitantes de Oria fueron deportados como esclavos hacia \u00c1frica. La ciudad no perdi\u00f3 importancia hasta que en el 977 sufri\u00f3 un duro golpe siendo completamente destruida. En este per\u00edodo el territorio de los orianos estaba bajo el dominio bizantino; sin embargo en el transcurso del siglo XI se asiste a la ascenso de los normandos. En 1062 Oria fue conquistada por Unfredo di Altavilla.<\/p>\n<\/div>\n<h2>Federico II<\/h2>\n<div class=\"story_box_text\">\n<div id=\"attachment_411\" style=\"width: 163px\" class=\"wp-caption alignright\"><img aria-describedby=\"caption-attachment-411\" decoding=\"async\" loading=\"lazy\" class=\"wp-image-411\" src=\"\/wp-content\/uploads\/2016\/02\/419_0-226x300.jpg\" alt=\"Re Federico II\" width=\"153\" height=\"203\" \/><p id=\"caption-attachment-411\" class=\"wp-caption-text\">El rey Federico II<\/p><\/div>\n<p>Federico II, desde el 1220 pone bajo el control del Estado la mayor parte de los castillos del Reino de Sicilia. La misma suerte le toca al Castillo de Oria por el cual se establece una serie de obligaciones relativas a la restauraci\u00f3n que involucran \u201cCeglie Messapica\u201d, la casa de \u201cS. Mar\u00eda dei Grani\u201d al sur del chalet \u201cCastelli\u201d, los habitantes de Oria, algunos obispos entre los cuales los de las di\u00f3cesis de Ostuni y de Ugento, algunos abades y numerosos nobles, incluidas dos mujeres. Oria se rebel\u00f3 a Manfredi, sufri\u00f3 el en\u00e9simo asedio. Posteriormente la ciudad se vuelve de dominio &#8220;angioino&#8221;.<\/p>\n<\/div>\n<\/div>\n","protected":false},"excerpt":{"rendered":"<p>\u00c9poca Medieval La fortuna de Oria en la edad Media entre el siglo VII y XII se debe sobretodo a la poderosa y sabia comunidad Hebrea entre las m\u00e1s ilustres y prestigiosas de Europa. La ciudad ha proporcionado innumerables eruditos, fil\u00f3sofos, poetas y m\u00e9dicos. Los maestros hebreos de Oria se destacan sobretodo por los estudios [&hellip;]<\/p>\n","protected":false},"author":1,"featured_media":0,"parent":2,"menu_order":0,"comment_status":"closed","ping_status":"closed","template":"page-full-width.php","meta":[],"translation":{"provider":"WPGlobus","version":"2.12.0","language":"es","enabled_languages":["it","en","es","de","fr"],"languages":{"it":{"title":true,"content":true,"excerpt":false},"en":{"title":true,"content":true,"excerpt":false},"es":{"title":true,"content":true,"excerpt":false},"de":{"title":true,"content":true,"excerpt":false},"fr":{"title":true,"content":true,"excerpt":false}}},"aioseo_notices":[],"_links":{"self":[{"href":"https:\/\/storia.anticaoria.it\/es\/wp-json\/wp\/v2\/pages\/98"}],"collection":[{"href":"https:\/\/storia.anticaoria.it\/es\/wp-json\/wp\/v2\/pages"}],"about":[{"href":"https:\/\/storia.anticaoria.it\/es\/wp-json\/wp\/v2\/types\/page"}],"author":[{"embeddable":true,"href":"https:\/\/storia.anticaoria.it\/es\/wp-json\/wp\/v2\/users\/1"}],"replies":[{"embeddable":true,"href":"https:\/\/storia.anticaoria.it\/es\/wp-json\/wp\/v2\/comments?post=98"}],"version-history":[{"count":56,"href":"https:\/\/storia.anticaoria.it\/es\/wp-json\/wp\/v2\/pages\/98\/revisions"}],"predecessor-version":[{"id":3476,"href":"https:\/\/storia.anticaoria.it\/es\/wp-json\/wp\/v2\/pages\/98\/revisions\/3476"}],"up":[{"embeddable":true,"href":"https:\/\/storia.anticaoria.it\/es\/wp-json\/wp\/v2\/pages\/2"}],"wp:attachment":[{"href":"https:\/\/storia.anticaoria.it\/es\/wp-json\/wp\/v2\/media?parent=98"}],"curies":[{"name":"wp","href":"https:\/\/api.w.org\/{rel}","templated":true}]}}