{"id":134,"date":"2016-03-10T16:02:45","date_gmt":"2016-03-10T16:02:45","guid":{"rendered":"http:\/\/storia.anticaoria.it\/?page_id=134"},"modified":"2018-07-25T10:05:33","modified_gmt":"2018-07-25T10:05:33","slug":"le-aree-naturali","status":"publish","type":"page","link":"https:\/\/storia.anticaoria.it\/fr\/luoghi-dinteresse\/le-aree-naturali\/","title":{"rendered":"Les zones naturelles"},"content":{"rendered":"<div class=\"story_box\">\n<h2>Parc Montalbano<\/h2>\n<div class=\"story_box_text\">\n<div id=\"attachment_714\" style=\"width: 310px\" class=\"wp-caption alignleft\"><img aria-describedby=\"caption-attachment-714\" decoding=\"async\" loading=\"lazy\" src=\"\/wp-content\/uploads\/2016\/04\/parco-montalbano-oria-300x163.jpg\" alt=\"Parco Montalbano\" width=\"300\" height=\"163\" class=\"size-medium wp-image-714\" srcset=\"https:\/\/storia.anticaoria.it\/wp-content\/uploads\/2016\/04\/parco-montalbano-oria-300x163.jpg 300w, https:\/\/storia.anticaoria.it\/wp-content\/uploads\/2016\/04\/parco-montalbano-oria.jpg 676w\" sizes=\"(max-width: 300px) 100vw, 300px\" \/><p id=\"caption-attachment-714\" class=\"wp-caption-text\">Parc Montalbano<\/p><\/div>\n<p>Au pied du ch\u00e2teau se d\u00e9veloppe un parc avec de nombreuses plantes et arbres, vestige de la for\u00eat qui entoure l&#8217;ensemble du territoire de Oria. Au XVIIIe si\u00e8cle, il est devenu un v\u00e9ritable parc; Il est devenu une partie du patrimoine de l&#8217;\u00e9v\u00eaque, depuis 1982 est propri\u00e9t\u00e9 de la Mairie de Oria.<\/p>\n<\/p><\/div>\n<h2>Parc Oria-Lorch<\/h2>\n<div class=\"story_box_text\">\n<div id=\"attachment_712\" style=\"width: 310px\" class=\"wp-caption alignright\"><img aria-describedby=\"caption-attachment-712\" decoding=\"async\" loading=\"lazy\" src=\"\/wp-content\/uploads\/2016\/04\/orialorch-300x225.jpg\" alt=\"Parco Ora-Lorch\" width=\"300\" height=\"225\" class=\"size-medium wp-image-712\" srcset=\"https:\/\/storia.anticaoria.it\/wp-content\/uploads\/2016\/04\/orialorch-300x225.jpg 300w, https:\/\/storia.anticaoria.it\/wp-content\/uploads\/2016\/04\/orialorch.jpg 1024w\" sizes=\"(max-width: 300px) 100vw, 300px\" \/><p id=\"caption-attachment-712\" class=\"wp-caption-text\">Parc Oria-Lorch<\/p><\/div>\n<p>Cr\u00e9\u00e9 sur la colline au c\u0153ur des quartiers Frascata et Sottoparabita (maintenant via Frascata et via Curtatone et Montanara) a \u00e9t\u00e9 cr\u00e9\u00e9 \u00e0 la demande du conseil provincial Emanuele Pipino dans les ann\u00e9es quatre-vingt. Il pr\u00e9sente des vari\u00e9t\u00e9s botaniques typiques de la M\u00e9diterran\u00e9e.<\/p>\n<\/p><\/div>\n<\/div>\n","protected":false},"excerpt":{"rendered":"<p>Parc Montalbano Au pied du ch\u00e2teau se d\u00e9veloppe un parc avec de nombreuses plantes et arbres, vestige de la for\u00eat qui entoure l&#8217;ensemble du territoire de Oria. Au XVIIIe si\u00e8cle, il est devenu un v\u00e9ritable parc; Il est devenu une partie du patrimoine de l&#8217;\u00e9v\u00eaque, depuis 1982 est propri\u00e9t\u00e9 de la Mairie de Oria. Parc [&hellip;]<\/p>\n","protected":false},"author":1,"featured_media":0,"parent":114,"menu_order":0,"comment_status":"closed","ping_status":"closed","template":"page-full-width.php","meta":[],"translation":{"provider":"WPGlobus","version":"2.12.0","language":"fr","enabled_languages":["it","en","es","de","fr"],"languages":{"it":{"title":true,"content":true,"excerpt":false},"en":{"title":true,"content":true,"excerpt":false},"es":{"title":true,"content":true,"excerpt":false},"de":{"title":true,"content":true,"excerpt":false},"fr":{"title":true,"content":true,"excerpt":false}}},"aioseo_notices":[],"_links":{"self":[{"href":"https:\/\/storia.anticaoria.it\/fr\/wp-json\/wp\/v2\/pages\/134"}],"collection":[{"href":"https:\/\/storia.anticaoria.it\/fr\/wp-json\/wp\/v2\/pages"}],"about":[{"href":"https:\/\/storia.anticaoria.it\/fr\/wp-json\/wp\/v2\/types\/page"}],"author":[{"embeddable":true,"href":"https:\/\/storia.anticaoria.it\/fr\/wp-json\/wp\/v2\/users\/1"}],"replies":[{"embeddable":true,"href":"https:\/\/storia.anticaoria.it\/fr\/wp-json\/wp\/v2\/comments?post=134"}],"version-history":[{"count":22,"href":"https:\/\/storia.anticaoria.it\/fr\/wp-json\/wp\/v2\/pages\/134\/revisions"}],"predecessor-version":[{"id":3492,"href":"https:\/\/storia.anticaoria.it\/fr\/wp-json\/wp\/v2\/pages\/134\/revisions\/3492"}],"up":[{"embeddable":true,"href":"https:\/\/storia.anticaoria.it\/fr\/wp-json\/wp\/v2\/pages\/114"}],"wp:attachment":[{"href":"https:\/\/storia.anticaoria.it\/fr\/wp-json\/wp\/v2\/media?parent=134"}],"curies":[{"name":"wp","href":"https:\/\/api.w.org\/{rel}","templated":true}]}}