{"id":2,"date":"2016-02-18T08:44:07","date_gmt":"2016-02-18T08:44:07","guid":{"rendered":"http:\/\/storia.anticaoria.it\/?page_id=2"},"modified":"2016-07-01T09:09:43","modified_gmt":"2016-07-01T09:09:43","slug":"la-antica-storia-di-oria","status":"publish","type":"page","link":"https:\/\/storia.anticaoria.it\/fr\/la-antica-storia-di-oria\/","title":{"rendered":"L&#8217;histoire des d\u00e9buts de la ville d\u2019Oria"},"content":{"rendered":" <style type=\"text\/css\" id=\"my_timeline_5\"> #tl5 .timeline_line, #content #tl5 .timeline_line{ width: 1020px; } #tl5 .t_line_view, #content #tl5 .t_line_view { width: 1020px; } #tl5 .t_line_m, #content #tl5 .t_line_m { width: 508px; } #tl5 .t_line_m.right, #content #tl5 .t_line_m.right { left: 509px; width: 509px; } #tl5 .t_node_desc, #content #tl5 .t_node_desc { background: #eecb64; } #tl5 .item h2, #content #tl5 .item h2 { font-size:24px; color:#ffffff; text-align: left; line-height:32px; margin-left: 20px; margin-right: 20px; margin-top: 20px; font-weight:normal; font-style:normal; } #tl5 .item span, #content #tl5 .item span { text-align: left; margin-bottom: 20px; margin-left: 20px; margin-right: 20px; } #tl5 .item, #content #tl5 .item { width: 450px; height: 400px;background:#000000;font-size:14px; color:#ffffff; line-height:24px; font-weight:normal; font-style:normal; -moz-box-shadow: 0 0 0 #000000; -webkit-box-shadow: 0 0 0 #000000; box-shadow: 0 0 0 #000000; }#tl5 .timeline_items{ \/*padding-top:20px !important;*\/ padding-bottom:52px !important; } #tl5 .item:hover, #content #tl5 .item:hover { box-shadow: rgba(0, 0, 0, 0.247059) 0px 14px 45px, rgba(0, 0, 0, 0.219608) 0px 10px 18px; -webkit-box-shadow: rgba(0, 0, 0, 0.247059) 0px 14px 45px, rgba(0, 0, 0, 0.219608) 0px 10px 18px; -moz-box-shadow: rgba(0, 0, 0, 0.247059) 0px 14px 45px, rgba(0, 0, 0, 0.219608) 0px 10px 18px; -webkit-transition: box-shadow 0.3s; -moz-transition: box-shadow 0.3s; transition: box-shadow 0.3s; zoom: 1; filter: progid:DXImageTransform.Microsoft.Shadow(Color=#888888, Strength=0, Direction=0), progid:DXImageTransform.Microsoft.Shadow(Color=#888888, Strength=5, Direction=90), progid:DXImageTransform.Microsoft.Shadow(Color=#888888, Strength=5, Direction=180), progid:DXImageTransform.Microsoft.Shadow(Color=#888888, Strength=0, Direction=270); } #tl5 .item_open h2, #content #tl5 .item_open h2 { font-size:24px; color:#222222; line-height:32px; font-weight:normal; font-style:normal; } #tl5 .item_open, #content #tl5 .item_open{ width: 600px; height: 400px;background:#f2f2f2 url() repeat; font-size:14px; color:#808080; line-height:24px; font-weight:normal; font-style:normal; -moz-box-shadow: 0px 0px 6px rgba(0,0,0,0.5); -webkit-box-shadow: 0px 0px 6px rgba(0,0,0,0.5); box-shadow: 0px 0px 6px rgba(0,0,0,0.5); zoom: 1; filter: progid:DXImageTransform.Microsoft.Shadow(Color=#888888, Strength=0, Direction=0), progid:DXImageTransform.Microsoft.Shadow(Color=#888888, Strength=5, Direction=90), progid:DXImageTransform.Microsoft.Shadow(Color=#888888, Strength=5, Direction=180), progid:DXImageTransform.Microsoft.Shadow(Color=#888888, Strength=0, Direction=270); } #tl5 .item .con_borderImage, #content #tl5 .item .con_borderImage { border:0px; border-bottom: 0px solid #eecb64 ;height: 400px} #tl5 .item .post_date, #content #tl5 .item .post_date { border:0px;background:transparent} #tl5 .item_open .con_borderImage, #content #tl5 .item_open .con_borderImage { border-bottom: 0px solid #eecb64 ; } #tl5 .item_open_cwrapper, #tl5 .item_open .con_borderImage, #content #tl5 .item_open_cwrapper, #content #tl5 .item_open .con_borderImage { width: 600px; } #tl5 .item_open .con_borderImage{ height:200px; } .timeline.flatButton .item .read_more , #content .timeline.flatButton .item .read_more{font-size:12px !important;}.timeline.flatButton .item .read_more, .timeline.flatWideButton .item .read_more, #content .timeline.flatButton .item .read_more, #content .timeline.flatWideButton .item .read_more{ font-size:12px !important; line-height:12px !important; }.timeline .item .read_more, #content .timeline .item .read_more { font-size:20px !important; line-height:20px !important; }#tl5 .my_icon_1:hover{ color:#eecb64 !important; }#tl5 .item .my_category , #tl5 .my_post_date, #tl5 .my_share_items i, #tl5 .my_share_items span{ text-align:left; font-size:14px; line-height:24px; }#tl5 .icon-bubble , #tl5 .icon-bubble { color:#ffffff; }#tl5 .item .my_read_more{ color:#ffffff !important; text-align: left !important; line-height:32px !important; }#tl5 .item .my_read_more:hover { color:#eecb64 !important; }#tl5 .my_icon, #tl5 .my_share_items span, #tl5 .my_post_date { font-size:14px !important; }#tl5 .my_icon{ display:inline-block !important; margin-right:3px !important; }#tl5 .item .my_category , #tl5 .my_post_date, #tl5 .my_share_items span, #tl5 .my_icon_1{ color:#ffffff; }#tl5 .my_timeline_content{ bottom:20px; }#tl5 .item h2, #content #tl5 .item h2, #tl5 .item .read_more , #tl5 .my_post_date{ margin-left:0px !important; margin-right:0px !important; }#tl5 .item span, #content #tl5 .item span{ margin-left:0px !important; margin-right:0px !important; }#tl5 .my_timeline_content{ width:410px; margin-left:20px; margin-right:20px; }#tl5 .my_share_items{ padding-top: 20px }#tl5 .my_post_date{ color:#ffffff; line-height:24px; font-size:16px; text-align:left; } #tl5 .item_open .t_close:hover, #content #tl5 .item_open .t_close:hover{ background:#eecb64; } #tl5.flatButton .item .read_more, #tl5.flatWideButton .item .read_more, #content #tl5.flatButton .item .read_more, #content #tl5.flatWideButton .item .read_more { background:transparent; color:#eecb64 !important; margin:20px; } #tl5.flatButton .mCS-light-thin > .mCSB_scrollTools .mCSB_dragger .mCSB_dragger_bar, #tl5.flatWideButton .mCS-light-thin > .mCSB_scrollTools .mCSB_dragger .mCSB_dragger_bar, #content #tl5.flatButton .mCS-light-thin > .mCSB_scrollTools .mCSB_dragger .mCSB_dragger_bar, #content #tl5.flatWideButton .mCS-light-thin > .mCSB_scrollTools .mCSB_dragger .mCSB_dragger_bar { color:#eecb64 !important; } #tl5 .item .read_more:hover, #content #tl5 .item .read_more:hover{ color:#eecb64 !important; } #tl5.flatButton .item_open.item_open_noImg .t_close, #tl5.flatWideButton .item_open.item_open_noImg .t_close, #content #tl5.flatButton .item_open.item_open_noImg .t_close, #content #tl5.flatWideButton .item_open.item_open_noImg .t_close { color:#eecb64 !important; } #tl5.flatButton .item_open.item_open_noImg .t_close:hover, #tl5.flatWideButton .item_open.item_open_noImg .t_close:hover, #content #tl5.flatButton .item_open.item_open_noImg .t_close:hover, #content #tl5.flatWideButton .item_open.item_open_noImg .t_close:hover { color:#eecb64 !important; } #tl5 .item .read_more, #content #tl5 .item .read_more, #tl5 .item_open .t_close, #content #tl5 .item_open .t_close { \/* transparent background *\/ filter: progid:DXImageTransform.Microsoft.gradient(GradientType=0,startColorstr='#44000000', endColorstr='#44000000'); } #tl5 .t_node_desc, #content #tl5 .t_node_desc { \/* IE transparent background *\/ filter: progid:DXImageTransform.Microsoft.gradient(GradientType=0,startColorstr='#cc1a86ac', endColorstr='#cc1a86ac'); } #tl5 .timeline_open_content, #content #tl5 .timeline_open_content { padding:20px; } .my_style_style_2 .item img{ position:absolute !important; top:0; left:0; z-index:1; } .my_style_style_2 .my_overlay{ width:100%; height:100%; position:absolute; top:0; left:0; content:\"\"; background: -webkit-linear-gradient(rgba(0,0,0,0), rgba(0,0,0,0.8)); \/* For Safari 5.1 to 6.0 *\/ background: linear-gradient(rgba(0,0,0,0), rgba(0,0,0,0.8)); \/* For Safari 5.1 to 6.0 *\/ background: -o-linear-gradient(rgba(0,0,0,0), rgba(0,0,0,0.8)); \/* For Safari 5.1 to 6.0 *\/ background: -moz-linear-gradient(rgba(0,0,0,0), rgba(0,0,0,0.8)); \/* For Safari 5.1 to 6.0 *\/ z-index:2; } .my_style_style_2 .my_read_more{ cursor:pointer; } \/* .my_style_style_2 .item:hover .my_overlay{ display:none; }*\/ .my_style_style_2 .my_timeline_content{ position:absolute !important; z-index:3; \/*bottom:10px !important;*\/ } .my_style_style_2 .item .read_more{ position:static !important; right:auto !important; width:auto !important; background:transparent !important; text-align:left !important; padding-left:0 !important; display:block !important; text-decoration:none !important; } .my_style_style_2 .item .post_date{ position:static !important; background:transparent !important; } .my_style_style_2 .my_share_items{ border-top:1px solid rgba(255,255,255,0.25); box-sizing:border-box; } .my_style_style_2 .my_float_right{ float:right; width:50%; margin:0; padding:0; } .my_style_style_2 .my_clear::after{ content:''; display:table; width:0; height:0; clear:both; } .my_style_style_2 .my_post_date{ float:left; width:50%; margin:0;padding:0; } .my_style_style_2 .my_no_share{ width:100%; } .my_style_style_2 .my_share_item{ display:inline-block; \/*float:right;*\/ text-align:right; margin-left:5px; } .my_align_right{ text-align:right; } .my_style_style_2 .my_share_no_date{ width:100%; float:left; } .my_style_style_2 .my_share_item span{ padding:0 !important; margin:0 !important; display:inline-block !important; box-sizing:border-box !important; margin-left:3px !important; margin-right:5px !important; } .my_style_style_2 .my_share_item{ display:inline-block; \/*float:right;*\/ text-align:right; margin-left:18px; } .my_style_style_2 .my_icon_1{ font-size:15px; color:black; line-height:15px; cursor:pointer; } .my_style_style_2 .icon-heart{ color:#e64c28; cursor:pointer; } .my_style_style_2 .ti-heart{ color:#e64c28; cursor:pointer; } .my_style_style_2 .t_line_node{ color:#808080 !important; font-size:11px !important; background:url(\"\") !important; } .my_style_style_2 .t_line_node.active{ color:#222222 !important; font-size:11px !important; background:url(\"\") !important; } .my_style_style_2 .t_line_node::after{ content: \"\" !important; border-radius: 50% !important; height: 9px !important; width: 9px !important; \/*border: 2px solid #ffffff;*\/ border:none !important; z-index:1 !important; top: 25px !important; left: 50% !important; position:absolute !important; margin: 0 0 0 -5px !important; } .my_style_style_2 .t_line_node.active::after{ content: \"\" !important; border-radius: 50% !important; height: 12px !important; width: 12px !important; \/*border: 2px solid #ffffff;*\/ top:23px !important; border:none !important; z-index:1!important; position:absolute!important; margin: 0 0 0 -7px!important; } #tl5 .t_line_holder{ background:url(\"\") !important; }#tl5 .t_line_wrapper::after{ content:\"\"; position:absolute; top:49px; left:0px; width:100%; border-bottom:1px solid #eecb64; z-index:0; }#tl5 #t_line_left, #tl5 #t_line_right { color:#b7b6b6 !important; }#tl5 .t_line_node::after{ background:#eecb64 !important; }#tl5 .t_line_m.right{ border-left-color:#eecb64 !important; }.timeline.flatLine .t_line_m, #content .timeline.flatLine .t_line_m{ border-right:1px solid transparent; }#tl5 .mCSB_dragger_bar{ background:#ffffff !important; } <\/style> <!-- BEGIN TIMELINE --> <div id=\"tl5\" class=\"timeline flatLine flatNav my_style_style_2\"><div class=\"item\" data-id=\"01\/4000 a.C.\" data-name=\"4000 a.C.\" data-description=\"De la Pr\u00e9histoire \u00e0 la p\u00e9riode\"> <a style=\"display:block;\" class=\"con_borderImage\"><img src=\"http:\/\/storia.anticaoria.it\/wp-content\/uploads\/2016\/04\/messapi-_resized450x400.jpg\" alt=\"\"\/><\/a> <div class=\"my_overlay\"> <\/div> <div class=\"my_timeline_content\"> <div class=\"my_category\">4000 a.C.<\/div> <a class=\"my_read_more\" href=\"\/fr\/la-antica-storia-di-oria\/dalla-preistoria-alla-fase-messapica\"> <h2>De la Pr\u00e9histoire \u00e0 la p\u00e9riode Messapica<\/h2> <\/a> <div class=\"my_share_items my_clear\"> <div class=\"my_post_date\">1 January, 1970<\/div> <div class=\"my_float_right my_align_right my_share_items_1\"> <div class=\"my_share_item my_like_post\" data-liked=\"0\" data-id=\"5_0\" data-post-id=\"undefined\" data-val=\"0\"> <i class=\"my_icon ti-heart\"><\/i><span>&nbsp;0<\/span> <\/div> <div class=\"my_share_item\"> <i class=\"my_icon ti-comment-alt\"><\/i><span>&nbsp;0<\/span> <\/div> <div class=\"my_share_item my_open_dialog\"> <i class=\"my_icon ti-share\"><\/i> <span class=\"my_icon_1\">Share<\/span> <div class=\"my_timeline_share\"> <div> <div class=\"my_timeline_share_12\"> <ul data-id=\"5_0\"> <li> <a href=\" https:\/\/www.facebook.com\/dialog\/feed?caption=De+la+Pr%C3%A9histoire+%C3%A0+la+p%C3%A9riode+Messapica&link=&picture=http%3A%2F%2Fstoria.anticaoria.it%2Fwp-content%2Fuploads%2F2016%2F02%2Fmessapi-1024x768.jpg&description= \"><i class=\"fa fa-facebook\"><\/i><\/a> <\/li> <li> <a href=\" https:\/\/twitter.com\/intent\/tweet?url=&text=De+la+Pr%C3%A9histoire+%C3%A0+la+p%C3%A9riode+Messapica+ \"><i class=\"fa fa-twitter\"><\/i><\/a> <\/li> <li> <a href=\" http:\/\/pinterest.com\/pin\/create\/button\/?url=&media=http%3A%2F%2Fstoria.anticaoria.it%2Fwp-content%2Fuploads%2F2016%2F02%2Fmessapi-1024x768.jpg \"><i class=\"fa fa-pinterest-p\"><\/i><\/a> <\/li> <li> <a href=\" https:\/\/plus.google.com\/share?url= \"><i class=\"fa fa-google-plus\"><\/i><\/a> <\/li> <\/ul> <\/div> <div class=\"my_timeline_share_arrow\"><\/div> <\/div> <\/div> <\/div> <\/div> <\/div> <\/div> <\/div> <div class=\"item_open \" data-id=\"01\/4000 a.C.\" data-access=\"https:\/\/storia.anticaoria.it\/wp-admin\/admin-ajax.php?action=ctimeline_frontend_get&timeline=5&id=sort1\"> <div class=\"item_open_content\"> <img class=\"ajaxloader\" src=\"https:\/\/storia.anticaoria.it\/wp-content\/plugins\/codecanyon_3027163_content_timeline\/images\/loadingAnimation.gif\" alt=\"\" \/> <\/div> <\/div> <div class=\"item\" data-id=\"02\/I secolo a.C. - V secolo d.C\" data-name=\"I secolo a.C. - V secolo d.C\" data-description=\"P\u00e9riode de la domination romai\"> <a style=\"display:block;\" class=\"con_borderImage\"><img src=\"http:\/\/storia.anticaoria.it\/wp-content\/uploads\/2016\/04\/roma-_resized450x400.jpg\" alt=\"\"\/><\/a> <div class=\"my_overlay\"> <\/div> <div class=\"my_timeline_content\"> <div class=\"my_category\">I secolo a.C. - V secolo d.C<\/div> <a class=\"my_read_more\" href=\"\/fr\/la-antica-storia-di-oria\/fase-di-dominio-romano\"> <h2>P\u00e9riode de la domination romaine<\/h2> <\/a> <div class=\"my_share_items my_clear\"> <div class=\"my_post_date\">1 January, 1970<\/div> <div class=\"my_float_right my_align_right my_share_items_1\"> <div class=\"my_share_item my_like_post\" data-liked=\"0\" data-id=\"5_1\" data-post-id=\"undefined\" data-val=\"0\"> <i class=\"my_icon ti-heart\"><\/i><span>&nbsp;0<\/span> <\/div> <div class=\"my_share_item\"> <i class=\"my_icon ti-comment-alt\"><\/i><span>&nbsp;0<\/span> <\/div> <div class=\"my_share_item my_open_dialog\"> <i class=\"my_icon ti-share\"><\/i> <span class=\"my_icon_1\">Share<\/span> <div class=\"my_timeline_share\"> <div> <div class=\"my_timeline_share_12\"> <ul data-id=\"5_1\"> <li> <a href=\" https:\/\/www.facebook.com\/dialog\/feed?caption=P%C3%A9riode+de+la+domination+romaine&link=&picture=http%3A%2F%2Fstoria.anticaoria.it%2Fwp-content%2Fuploads%2F2016%2F02%2Froma-1024x769.jpg&description= \"><i class=\"fa fa-facebook\"><\/i><\/a> <\/li> <li> <a href=\" https:\/\/twitter.com\/intent\/tweet?url=&text=P%C3%A9riode+de+la+domination+romaine+ \"><i class=\"fa fa-twitter\"><\/i><\/a> <\/li> <li> <a href=\" http:\/\/pinterest.com\/pin\/create\/button\/?url=&media=http%3A%2F%2Fstoria.anticaoria.it%2Fwp-content%2Fuploads%2F2016%2F02%2Froma-1024x769.jpg \"><i class=\"fa fa-pinterest-p\"><\/i><\/a> <\/li> <li> <a href=\" https:\/\/plus.google.com\/share?url= \"><i class=\"fa fa-google-plus\"><\/i><\/a> <\/li> <\/ul> <\/div> <div class=\"my_timeline_share_arrow\"><\/div> <\/div> <\/div> <\/div> <\/div> <\/div> <\/div> <\/div> <div class=\"item_open \" data-id=\"02\/I secolo a.C. - V secolo d.C\" data-access=\"https:\/\/storia.anticaoria.it\/wp-admin\/admin-ajax.php?action=ctimeline_frontend_get&timeline=5&id=sort2\"> <div class=\"item_open_content\"> <img class=\"ajaxloader\" src=\"https:\/\/storia.anticaoria.it\/wp-content\/plugins\/codecanyon_3027163_content_timeline\/images\/loadingAnimation.gif\" alt=\"\" \/> <\/div> <\/div> <div class=\"item\" data-id=\"03\/ V secolo d.C al XV secolo d:C\" data-name=\" V secolo d.C al XV secolo d:C\" data-description=\"Bas et Haut Moyen Age\"> <a style=\"display:block;\" class=\"con_borderImage\"><img src=\"http:\/\/storia.anticaoria.it\/wp-content\/uploads\/2016\/04\/medioevo-_resized450x400.jpg\" alt=\"\"\/><\/a> <div class=\"my_overlay\"> <\/div> <div class=\"my_timeline_content\"> <div class=\"my_category\"> V secolo d.C al XV secolo d:C<\/div> <a class=\"my_read_more\" href=\"\/fr\/la-antica-storia-di-oria\/basso-e-alto-medioevo \"> <h2>Bas et Haut Moyen Age<\/h2> <\/a> <div class=\"my_share_items my_clear\"> <div class=\"my_post_date\">1 January, 1970<\/div> <div class=\"my_float_right my_align_right my_share_items_1\"> <div class=\"my_share_item my_like_post\" data-liked=\"0\" data-id=\"5_2\" data-post-id=\"undefined\" data-val=\"0\"> <i class=\"my_icon ti-heart\"><\/i><span>&nbsp;0<\/span> <\/div> <div class=\"my_share_item\"> <i class=\"my_icon ti-comment-alt\"><\/i><span>&nbsp;0<\/span> <\/div> <div class=\"my_share_item my_open_dialog\"> <i class=\"my_icon ti-share\"><\/i> <span class=\"my_icon_1\">Share<\/span> <div class=\"my_timeline_share\"> <div> <div class=\"my_timeline_share_12\"> <ul data-id=\"5_2\"> <li> <a href=\" https:\/\/www.facebook.com\/dialog\/feed?caption=Bas+et+Haut+Moyen+Age&link=&picture=http%3A%2F%2Fstoria.anticaoria.it%2Fwp-content%2Fuploads%2F2016%2F02%2Fmedioevo-767x1024.jpg&description= \"><i class=\"fa fa-facebook\"><\/i><\/a> <\/li> <li> <a href=\" https:\/\/twitter.com\/intent\/tweet?url=&text=Bas+et+Haut+Moyen+Age+ \"><i class=\"fa fa-twitter\"><\/i><\/a> <\/li> <li> <a href=\" http:\/\/pinterest.com\/pin\/create\/button\/?url=&media=http%3A%2F%2Fstoria.anticaoria.it%2Fwp-content%2Fuploads%2F2016%2F02%2Fmedioevo-767x1024.jpg \"><i class=\"fa fa-pinterest-p\"><\/i><\/a> <\/li> <li> <a href=\" https:\/\/plus.google.com\/share?url= \"><i class=\"fa fa-google-plus\"><\/i><\/a> <\/li> <\/ul> <\/div> <div class=\"my_timeline_share_arrow\"><\/div> <\/div> <\/div> <\/div> <\/div> <\/div> <\/div> <\/div> <div class=\"item_open \" data-id=\"03\/ V secolo d.C al XV secolo d:C\" data-access=\"https:\/\/storia.anticaoria.it\/wp-admin\/admin-ajax.php?action=ctimeline_frontend_get&timeline=5&id=sort3\"> <div class=\"item_open_content\"> <img class=\"ajaxloader\" src=\"https:\/\/storia.anticaoria.it\/wp-content\/plugins\/codecanyon_3027163_content_timeline\/images\/loadingAnimation.gif\" alt=\"\" \/> <\/div> <\/div> <div class=\"item\" data-id=\"04\/XIV secolo d.C .- XVI secolo d.C\" data-name=\"XIV secolo d.C .- XVI secolo d.C\" data-description=\"Humanisme et de la Renaissance\"> <a style=\"display:block;\" class=\"con_borderImage\"><img src=\"http:\/\/storia.anticaoria.it\/wp-content\/uploads\/2016\/04\/raffaello-scuola-di-atene-_resized450x400.jpg\" alt=\"\"\/><\/a> <div class=\"my_overlay\"> <\/div> <div class=\"my_timeline_content\"> <div class=\"my_category\">XIV secolo d.C .- XVI secolo d.C<\/div> <a class=\"my_read_more\" href=\"\/fr\/la-antica-storia-di-oria\/umanesimo-e-rinascimento\"> <h2>Humanisme et de la Renaissance<\/h2> <\/a> <div class=\"my_share_items my_clear\"> <div class=\"my_post_date\">1 January, 1970<\/div> <div class=\"my_float_right my_align_right my_share_items_1\"> <div class=\"my_share_item my_like_post\" data-liked=\"0\" data-id=\"5_3\" data-post-id=\"undefined\" data-val=\"0\"> <i class=\"my_icon ti-heart\"><\/i><span>&nbsp;0<\/span> <\/div> <div class=\"my_share_item\"> <i class=\"my_icon ti-comment-alt\"><\/i><span>&nbsp;0<\/span> <\/div> <div class=\"my_share_item my_open_dialog\"> <i class=\"my_icon ti-share\"><\/i> <span class=\"my_icon_1\">Share<\/span> <div class=\"my_timeline_share\"> <div> <div class=\"my_timeline_share_12\"> <ul data-id=\"5_3\"> <li> <a href=\" https:\/\/www.facebook.com\/dialog\/feed?caption=Humanisme+et+de+la+Renaissance&link=&picture=http%3A%2F%2Fstoria.anticaoria.it%2Fwp-content%2Fuploads%2F2016%2F02%2Fraffaello-scuola-di-atene-1024x652.jpg&description= \"><i class=\"fa fa-facebook\"><\/i><\/a> <\/li> <li> <a href=\" https:\/\/twitter.com\/intent\/tweet?url=&text=Humanisme+et+de+la+Renaissance+ \"><i class=\"fa fa-twitter\"><\/i><\/a> <\/li> <li> <a href=\" http:\/\/pinterest.com\/pin\/create\/button\/?url=&media=http%3A%2F%2Fstoria.anticaoria.it%2Fwp-content%2Fuploads%2F2016%2F02%2Fraffaello-scuola-di-atene-1024x652.jpg \"><i class=\"fa fa-pinterest-p\"><\/i><\/a> <\/li> <li> <a href=\" https:\/\/plus.google.com\/share?url= \"><i class=\"fa fa-google-plus\"><\/i><\/a> <\/li> <\/ul> <\/div> <div class=\"my_timeline_share_arrow\"><\/div> <\/div> <\/div> <\/div> <\/div> <\/div> <\/div> <\/div> <div class=\"item_open \" data-id=\"04\/XIV secolo d.C .- XVI secolo d.C\" data-access=\"https:\/\/storia.anticaoria.it\/wp-admin\/admin-ajax.php?action=ctimeline_frontend_get&timeline=5&id=sort4\"> <div class=\"item_open_content\"> <img class=\"ajaxloader\" src=\"https:\/\/storia.anticaoria.it\/wp-content\/plugins\/codecanyon_3027163_content_timeline\/images\/loadingAnimation.gif\" alt=\"\" \/> <\/div> <\/div> <div class=\"item\" data-id=\"05\/XVI d.C - Oggi\" data-name=\"XVI d.C - Oggi\" data-description=\"De 1600 \u00e0 aujourd'hui\"> <a style=\"display:block;\" class=\"con_borderImage\"><img src=\"http:\/\/storia.anticaoria.it\/wp-content\/uploads\/2016\/04\/dal1600-_resized450x400.jpg\" alt=\"\"\/><\/a> <div class=\"my_overlay\"> <\/div> <div class=\"my_timeline_content\"> <div class=\"my_category\">XVI d.C - Oggi<\/div> <a class=\"my_read_more\" href=\"\/fr\/la-antica-storia-di-oria\/dal-1600-ad-oggi\"> <h2>De 1600 \u00e0 aujourd'hui<\/h2> <\/a> <div class=\"my_share_items my_clear\"> <div class=\"my_post_date\">1 January, 1970<\/div> <div class=\"my_float_right my_align_right my_share_items_1\"> <div class=\"my_share_item my_like_post\" data-liked=\"0\" data-id=\"5_4\" data-post-id=\"undefined\" data-val=\"0\"> <i class=\"my_icon ti-heart\"><\/i><span>&nbsp;0<\/span> <\/div> <div class=\"my_share_item\"> <i class=\"my_icon ti-comment-alt\"><\/i><span>&nbsp;0<\/span> <\/div> <div class=\"my_share_item my_open_dialog\"> <i class=\"my_icon ti-share\"><\/i> <span class=\"my_icon_1\">Share<\/span> <div class=\"my_timeline_share\"> <div> <div class=\"my_timeline_share_12\"> <ul data-id=\"5_4\"> <li> <a href=\" https:\/\/www.facebook.com\/dialog\/feed?caption=De+1600+%C3%A0+aujourd%27hui&link=&picture=http%3A%2F%2Fstoria.anticaoria.it%2Fwp-content%2Fuploads%2F2016%2F02%2Fdal1600-1024x625.jpg&description=Content \"><i class=\"fa fa-facebook\"><\/i><\/a> <\/li> <li> <a href=\" https:\/\/twitter.com\/intent\/tweet?url=&text=De+1600+%C3%A0+aujourd%27hui+Content \"><i class=\"fa fa-twitter\"><\/i><\/a> <\/li> <li> <a href=\" http:\/\/pinterest.com\/pin\/create\/button\/?url=&media=http%3A%2F%2Fstoria.anticaoria.it%2Fwp-content%2Fuploads%2F2016%2F02%2Fdal1600-1024x625.jpg \"><i class=\"fa fa-pinterest-p\"><\/i><\/a> <\/li> <li> <a href=\" https:\/\/plus.google.com\/share?url= \"><i class=\"fa fa-google-plus\"><\/i><\/a> <\/li> <\/ul> <\/div> <div class=\"my_timeline_share_arrow\"><\/div> <\/div> <\/div> <\/div> <\/div> <\/div> <\/div> <\/div> <div class=\"item_open \" data-id=\"05\/XVI d.C - Oggi\" data-access=\"https:\/\/storia.anticaoria.it\/wp-admin\/admin-ajax.php?action=ctimeline_frontend_get&timeline=5&id=sort5\"> <div class=\"item_open_content\"> <img class=\"ajaxloader\" src=\"https:\/\/storia.anticaoria.it\/wp-content\/plugins\/codecanyon_3027163_content_timeline\/images\/loadingAnimation.gif\" alt=\"\" \/> <\/div> <\/div> <\/div> <!-- END TIMELINE --> <script type=\"text\/javascript\"> my_is_mobile_global=0; (function($){ var test = false; $(window).load(function() { if(!test) timeline_init_5($(document)); }); function timeline_init_5($this) { $this.find(\".scrollable-content\").mCustomScrollbar();$this.find(\"a[rel^='prettyPhoto']\").prettyPhoto(); $this.find(\"#tl5\").timeline({ my_show_years:9, my_del:130, my_is_years:0, my_trigger_width:800, my_sizes :{\"card\":{\"item_width\":\"450\",\"item_height\":\"400\",\"margin\":\"0\"},\"active\":{\"item_width\":\"600\",\"item_height\":\"400\",\"image_height\":\"200\"}}, my_id :5, my_debug :0, is_mobile : 0, autoplay : 0, autoplay_mob : 0, autoplay_step: 10000, itemMargin : 0, scrollSpeed : 500, easing : \"easeOutSine\", openTriggerClass : '.read_more', swipeOn : true, startItem : \"01\/4000 a.C.\", yearsOn : false, hideTimeline : true, hideControles : false, closeText : \"Close\", categories : [], numberOfSegments : [30], closeItemOnTransition: false }); $this.find(\"#tl5\").on(\"ajaxLoaded.timeline\", function(e){ var scrCnt = e.element.find(\".scrollable-content\"); scrCnt.height(scrCnt.parent().height() - scrCnt.parent().children(\"h2\").height() - parseInt(scrCnt.parent().children(\"h2\").css(\"margin-bottom\"))); scrCnt.mCustomScrollbar({theme:\"light-thin\"}); e.element.find(\"a[rel^='prettyPhoto']\").prettyPhoto(); e.element.find(\".timeline_rollover_bottom\").timelineRollover(\"bottom\"); }); } })(jQuery); <\/script>\n","protected":false},"excerpt":{"rendered":"","protected":false},"author":1,"featured_media":0,"parent":0,"menu_order":0,"comment_status":"closed","ping_status":"open","template":"page-full-width.php","meta":[],"translation":{"provider":"WPGlobus","version":"2.12.0","language":"fr","enabled_languages":["it","en","es","de","fr"],"languages":{"it":{"title":true,"content":true,"excerpt":false},"en":{"title":true,"content":true,"excerpt":false},"es":{"title":true,"content":true,"excerpt":false},"de":{"title":true,"content":true,"excerpt":false},"fr":{"title":true,"content":true,"excerpt":false}}},"aioseo_notices":[],"_links":{"self":[{"href":"https:\/\/storia.anticaoria.it\/fr\/wp-json\/wp\/v2\/pages\/2"}],"collection":[{"href":"https:\/\/storia.anticaoria.it\/fr\/wp-json\/wp\/v2\/pages"}],"about":[{"href":"https:\/\/storia.anticaoria.it\/fr\/wp-json\/wp\/v2\/types\/page"}],"author":[{"embeddable":true,"href":"https:\/\/storia.anticaoria.it\/fr\/wp-json\/wp\/v2\/users\/1"}],"replies":[{"embeddable":true,"href":"https:\/\/storia.anticaoria.it\/fr\/wp-json\/wp\/v2\/comments?post=2"}],"version-history":[{"count":95,"href":"https:\/\/storia.anticaoria.it\/fr\/wp-json\/wp\/v2\/pages\/2\/revisions"}],"predecessor-version":[{"id":1268,"href":"https:\/\/storia.anticaoria.it\/fr\/wp-json\/wp\/v2\/pages\/2\/revisions\/1268"}],"wp:attachment":[{"href":"https:\/\/storia.anticaoria.it\/fr\/wp-json\/wp\/v2\/media?parent=2"}],"curies":[{"name":"wp","href":"https:\/\/api.w.org\/{rel}","templated":true}]}}