{"id":420,"date":"2016-03-25T14:41:07","date_gmt":"2016-03-25T14:41:07","guid":{"rendered":"http:\/\/storia.anticaoria.it\/?page_id=420"},"modified":"2018-07-25T10:27:37","modified_gmt":"2018-07-25T10:27:37","slug":"dalla-nascita-allascesa-al-trono","status":"publish","type":"page","link":"https:\/\/storia.anticaoria.it\/fr\/re-federico-ii-di-svevia\/dalla-nascita-allascesa-al-trono\/","title":{"rendered":"De la naissance au tr\u00f4ne"},"content":{"rendered":"<div class=\"story_box\">\n<h2>La naissance<\/h2>\n<div class=\"story_box_text\">\n\t<div id=\"attachment_411\" style=\"width: 124px\" class=\"wp-caption alignright\"><img aria-describedby=\"caption-attachment-411\" decoding=\"async\" loading=\"lazy\" class=\"img_descr wp-image-411\" src=\"\/wp-content\/uploads\/2016\/02\/419_0-226x300.jpg\" alt=\"\" width=\"114\" height=\"151\" \/><p id=\"caption-attachment-411\" class=\"wp-caption-text\">Fr\u00e9d\u00e9ric II<\/p><\/div>\n<p>Federico est n\u00e9 le 26 D\u00e9cembre, 1194 \u00e0 Jesi, dans le Marches, de l\u2019empereur Henri VI de Souabe et Constance de Hauteville. Autour du jeune h\u00e9ritier, qui a quitt\u00e9 son p\u00e8re \u00e0 trois ans et la m\u00e8re seulement \u00e0 quatre, se sont d\u00e9cha\u00een\u00e9s imm\u00e9diatement man\u0153uvres envieux qui contr\u00f4laient Federico, en fait, a gouvern\u00e9 le royaume de Sicile. En pr\u00e9vision de cela, la m\u00e8re Constance, en mourant, avait confi\u00e9 la r\u00e9gence du royaume et la protection du fils ou pape Innocent III. Malgr\u00e9 cela, les chevaliers allemands  charg\u00e9es par l\u2019oncle de Federico Filippo, qui r\u00e9gnait alors en Allemagne, \u00e0  prendre en charge la situation du royaume du sud et prendre soins de l\u2019enfant.<\/p>\n<\/p><\/div>\n<h2>L&#8217;ascension au tr\u00f4ne<\/h2>\n<div class=\"story_box_text\">\n\t\t<div id=\"attachment_414\" style=\"width: 160px\" class=\"wp-caption alignleft\"><img aria-describedby=\"caption-attachment-414\" decoding=\"async\" loading=\"lazy\" class=\"img_descr wp-image-414 size-thumbnail\" src=\"\/wp-content\/uploads\/2016\/02\/250px-Innozenz3-150x150.jpg\" alt=\"\" width=\"150\" height=\"150\" \/><p id=\"caption-attachment-414\" class=\"wp-caption-text\">Le pape Innocent III<\/p><\/div>\n<p>Le pape Innocenzo III a influenc\u00e9 directement la vie de Svevo seulement quelques ann\u00e9es plus tard. En 1208 il d\u00e9clara majeur et en 1209 il a arrang\u00e9 le mariage avec Constance d&#8217;Aragon. Alors que Federico cherchait \u00e0 affirmer sa souverainet\u00e9 sur le royaume, contrast\u00e9 par les r\u00e9voltes en Sicile et en Calabre, des d\u00e9veloppements soudains dans la politique imp\u00e9riale lui ont pr\u00e9sent\u00e9 des perspectives plus vastes. L&#8217;empereur Ottone IV, en affait , revendiquant des droits au royaume de Sicile, est descendu en Italie. Avec ce qui a caus\u00e9 la r\u00e9action de ceux &#8211; le pape, le roi de France, et de nombreux princes allemands \u2013 qui \u00e9taient contre l\u2019union entre l&#8217;Empire et le royaume italien.<\/p>\n<div id=\"attachment_436\" style=\"width: 160px\" class=\"wp-caption alignright\"><img aria-describedby=\"caption-attachment-436\" decoding=\"async\" loading=\"lazy\" class=\"img_descr wp-image-436 size-thumbnail\" src=\"\/wp-content\/uploads\/2016\/03\/150px-Otto_IV_1836_crop-150x149.jpg\" alt=\"\" width=\"150\" height=\"149\" \/><p id=\"caption-attachment-436\" class=\"wp-caption-text\">Empereur Otto IV<\/p><\/div>\n<p>Federico fut leur instrument et en 1211lorsque Ottone semblait avoir le contr\u00f4le du sud de l&#8217;Italie, une assembl\u00e9e de princes allemands, a d\u00e9pos\u00e9 Ottone, et d\u00e9cid\u00e9 d&#8217;envoyer en Allemagne Federico pour le faire couronner roi des Romains et le d\u00e9signer \u00e0 la succession imp\u00e9riale. Federico  entreprendre le voyage vers le nord et, de cette fa\u00e7on, oblige Ottone \u00e0 arr\u00eater sa campagne militaire et faire la m\u00eame chose. \u00c0 ce moment l&#8217;Allemagne a \u00e9t\u00e9 trouv\u00e9 en fait divis\u00e9 en deux blocs: la partie sud ob\u00e9it \u00e0 Fr\u00e9d\u00e9ric, celui du nord \u00e0 Ottone. Ceux-ci en 1214, il a vaincu d\u00e9sastreusement par les troupes anglo-fran\u00e7aises \u00e0 la bataille de Bouvines. Ottone est rest\u00e9 sur le tr\u00f4ne jusqu&#8217;\u00e0 sa mort en 1218, mais beaucoup affaibli car apr\u00e8s Bouvines \u00e9tait clair que Fr\u00e9d\u00e9ric avait gagn\u00e9 son jeu.<\/p>\n<\/p><\/div>\n<\/div>\n","protected":false},"excerpt":{"rendered":"<p>La naissance Federico est n\u00e9 le 26 D\u00e9cembre, 1194 \u00e0 Jesi, dans le Marches, de l\u2019empereur Henri VI de Souabe et Constance de Hauteville. Autour du jeune h\u00e9ritier, qui a quitt\u00e9 son p\u00e8re \u00e0 trois ans et la m\u00e8re seulement \u00e0 quatre, se sont d\u00e9cha\u00een\u00e9s imm\u00e9diatement man\u0153uvres envieux qui contr\u00f4laient Federico, en fait, a gouvern\u00e9 [&hellip;]<\/p>\n","protected":false},"author":1,"featured_media":0,"parent":54,"menu_order":0,"comment_status":"closed","ping_status":"closed","template":"page-full-width.php","meta":[],"translation":{"provider":"WPGlobus","version":"2.12.0","language":"fr","enabled_languages":["it","en","es","de","fr"],"languages":{"it":{"title":true,"content":true,"excerpt":false},"en":{"title":true,"content":true,"excerpt":false},"es":{"title":true,"content":true,"excerpt":false},"de":{"title":true,"content":true,"excerpt":false},"fr":{"title":true,"content":true,"excerpt":false}}},"aioseo_notices":[],"_links":{"self":[{"href":"https:\/\/storia.anticaoria.it\/fr\/wp-json\/wp\/v2\/pages\/420"}],"collection":[{"href":"https:\/\/storia.anticaoria.it\/fr\/wp-json\/wp\/v2\/pages"}],"about":[{"href":"https:\/\/storia.anticaoria.it\/fr\/wp-json\/wp\/v2\/types\/page"}],"author":[{"embeddable":true,"href":"https:\/\/storia.anticaoria.it\/fr\/wp-json\/wp\/v2\/users\/1"}],"replies":[{"embeddable":true,"href":"https:\/\/storia.anticaoria.it\/fr\/wp-json\/wp\/v2\/comments?post=420"}],"version-history":[{"count":42,"href":"https:\/\/storia.anticaoria.it\/fr\/wp-json\/wp\/v2\/pages\/420\/revisions"}],"predecessor-version":[{"id":433,"href":"https:\/\/storia.anticaoria.it\/fr\/wp-json\/wp\/v2\/pages\/420\/revisions\/433"}],"up":[{"embeddable":true,"href":"https:\/\/storia.anticaoria.it\/fr\/wp-json\/wp\/v2\/pages\/54"}],"wp:attachment":[{"href":"https:\/\/storia.anticaoria.it\/fr\/wp-json\/wp\/v2\/media?parent=420"}],"curies":[{"name":"wp","href":"https:\/\/api.w.org\/{rel}","templated":true}]}}