{"id":426,"date":"2016-03-25T14:42:50","date_gmt":"2016-03-25T14:42:50","guid":{"rendered":"http:\/\/storia.anticaoria.it\/?page_id=426"},"modified":"2018-07-25T12:09:04","modified_gmt":"2018-07-25T12:09:04","slug":"le-lotte-politiche-di-federico-ii","status":"publish","type":"page","link":"https:\/\/storia.anticaoria.it\/fr\/re-federico-ii-di-svevia\/le-lotte-politiche-di-federico-ii\/","title":{"rendered":"Les luttes politiques de Federico II"},"content":{"rendered":"<div class=\"story_box\">\n<h2>Dans la lutte contre le Pape\u2026<\/h2>\n<div class=\"story_box_text\">\n\t\t<div id=\"attachment_468\" style=\"width: 210px\" class=\"wp-caption alignleft\"><img aria-describedby=\"caption-attachment-468\" decoding=\"async\" loading=\"lazy\" class=\"size-full wp-image-468\" src=\"\/wp-content\/uploads\/2016\/03\/200px-Inocenc_IV.jpg\" alt=\"Papa Innocenzo IV\" width=\"200\" height=\"204\" \/><p id=\"caption-attachment-468\" class=\"wp-caption-text\">Le pape Innocent IV<\/p><\/div>\n<p>Federico avait contrevenu du d\u00e9part aux engagements pris avec le pape. Pas seulement sa croisade \u00e9teint fini fin avec les n\u00e9gociations, mais il n&#8217;avait pas renonc\u00e9 une fois  devenu empereur au royaume de Sicile, comme lui avait d\u00e9j\u00e0 \u00e9t\u00e9 demand\u00e9e Innocent III. La tension avec la papaut\u00e9 arrive au limite \u00e0 plusieurs reprises. Federico en 1241 au large de l&#8217;\u00eele d&#8217;Elbe capture les pr\u00e9lats qui voulaient se rendre \u00e0 Rome pour assister au Conseil g\u00e9n\u00e9ral convoqu\u00e9 par le pape.  Rien au contraire ne pouvait pas emp\u00eacher un nouveau conseil, que le pape Innocent IV voulait pour la s\u00e9curit\u00e9 \u00e0 Lyon, en France, en 1245. Ici, Federico a \u00e9t\u00e9 accus\u00e9 de parjure, violation de la paix, de blasph\u00e8me, d\u2019h\u00e9r\u00e9sie et l&#8217;assembl\u00e9 a d\u00e9cid\u00e9 par sa d\u00e9position du tr\u00f4ne. Mais la d\u00e9cision n&#8217;avait eu aucun effet pratique.<\/p>\n<\/p><\/div>\n<h2>&#8230; et contre les municipalit\u00e9s italiennes<\/h2>\n<div id=\"attachment_469\" style=\"width: 310px\" class=\"wp-caption alignright\"><img aria-describedby=\"caption-attachment-469\" decoding=\"async\" loading=\"lazy\" class=\"size-medium wp-image-469\" src=\"\/wp-content\/uploads\/2016\/03\/06_stati-preunitari_672-458_resize-300x200.jpg\" alt=\"Stemma Lega Lombarda\" width=\"300\" height=\"200\" srcset=\"https:\/\/storia.anticaoria.it\/wp-content\/uploads\/2016\/03\/06_stati-preunitari_672-458_resize-300x200.jpg 300w, https:\/\/storia.anticaoria.it\/wp-content\/uploads\/2016\/03\/06_stati-preunitari_672-458_resize.jpg 672w\" sizes=\"(max-width: 300px) 100vw, 300px\" \/><p id=\"caption-attachment-469\" class=\"wp-caption-text\">Alliage &#8221;Lombarda&#8221; cr\u00eate<\/p><\/div>\n<div class=\"story_box_text\">\n<p>Ces \u00e9v\u00e9nements ont \u00e9t\u00e9 intimement li\u00e9es \u00e0 ce qui se passait dans le nord de l&#8217;Italie, o\u00f9 l&#8217;Empereur se sont affront\u00e9s avec les municipalit\u00e9s qui voulaient pr\u00e9server leur autonomie de ses revendications de souverainet\u00e9. \u00c0 cette fin, ils se lev\u00e8rent, la Ligue lombarde, qui avait d\u00e9j\u00e0 oppos\u00e9 pour la m\u00eame raison de son grand-p\u00e8re, Federico Barbarossa. En 1237, en Cortenuova Federico, plia la Ligue, mais au lieu de chercher un accord favorable pour les parties, a essay\u00e9 d&#8217;imposer une rese inconditionnelle. Le combat reprend ensuite et cette fois aux c\u00f4t\u00e9s des communes aussi d\u00e9grossi avec le pape, qui excommuni\u00e9 pour la deuxi\u00e8me fois Svevo(1239). Federico connaissait l&#8217;amertume de la d\u00e9faite: en 1248, \u00e0 Parme, a subi une grave d\u00e9faite; l&#8217;ann\u00e9e apr\u00e8s les Boulognes ont captur\u00e9 en Fossalta Enzo, fils pr\u00e9f\u00e9r\u00e9 (qui est mort prisonnier en 1272).<\/p>\n<\/p><\/div>\n<\/div>\n","protected":false},"excerpt":{"rendered":"<p>Dans la lutte contre le Pape\u2026 Federico avait contrevenu du d\u00e9part aux engagements pris avec le pape. Pas seulement sa croisade \u00e9teint fini fin avec les n\u00e9gociations, mais il n&#8217;avait pas renonc\u00e9 une fois devenu empereur au royaume de Sicile, comme lui avait d\u00e9j\u00e0 \u00e9t\u00e9 demand\u00e9e Innocent III. La tension avec la papaut\u00e9 arrive au [&hellip;]<\/p>\n","protected":false},"author":1,"featured_media":0,"parent":54,"menu_order":0,"comment_status":"closed","ping_status":"closed","template":"page-full-width.php","meta":[],"translation":{"provider":"WPGlobus","version":"2.12.0","language":"fr","enabled_languages":["it","en","es","de","fr"],"languages":{"it":{"title":true,"content":true,"excerpt":false},"en":{"title":true,"content":true,"excerpt":false},"es":{"title":true,"content":true,"excerpt":false},"de":{"title":true,"content":true,"excerpt":false},"fr":{"title":true,"content":true,"excerpt":false}}},"aioseo_notices":[],"_links":{"self":[{"href":"https:\/\/storia.anticaoria.it\/fr\/wp-json\/wp\/v2\/pages\/426"}],"collection":[{"href":"https:\/\/storia.anticaoria.it\/fr\/wp-json\/wp\/v2\/pages"}],"about":[{"href":"https:\/\/storia.anticaoria.it\/fr\/wp-json\/wp\/v2\/types\/page"}],"author":[{"embeddable":true,"href":"https:\/\/storia.anticaoria.it\/fr\/wp-json\/wp\/v2\/users\/1"}],"replies":[{"embeddable":true,"href":"https:\/\/storia.anticaoria.it\/fr\/wp-json\/wp\/v2\/comments?post=426"}],"version-history":[{"count":23,"href":"https:\/\/storia.anticaoria.it\/fr\/wp-json\/wp\/v2\/pages\/426\/revisions"}],"predecessor-version":[{"id":3515,"href":"https:\/\/storia.anticaoria.it\/fr\/wp-json\/wp\/v2\/pages\/426\/revisions\/3515"}],"up":[{"embeddable":true,"href":"https:\/\/storia.anticaoria.it\/fr\/wp-json\/wp\/v2\/pages\/54"}],"wp:attachment":[{"href":"https:\/\/storia.anticaoria.it\/fr\/wp-json\/wp\/v2\/media?parent=426"}],"curies":[{"name":"wp","href":"https:\/\/api.w.org\/{rel}","templated":true}]}}