{"id":428,"date":"2016-03-25T14:43:29","date_gmt":"2016-03-25T14:43:29","guid":{"rendered":"http:\/\/storia.anticaoria.it\/?page_id=428"},"modified":"2018-07-25T10:34:26","modified_gmt":"2018-07-25T10:34:26","slug":"la-corte-di-federico-ii","status":"publish","type":"page","link":"https:\/\/storia.anticaoria.it\/fr\/re-federico-ii-di-svevia\/la-corte-di-federico-ii\/","title":{"rendered":"La cour de Federico II"},"content":{"rendered":"<div class=\"story_box\">\n<div class=\"story_box_text\">\n\t\t<div id=\"attachment_476\" style=\"width: 338px\" class=\"wp-caption alignleft\"><img aria-describedby=\"caption-attachment-476\" decoding=\"async\" loading=\"lazy\" class=\" wp-image-476\" src=\"\/wp-content\/uploads\/2016\/03\/pic9ec77ebf74e4e8e0090175147af93ad3-300x200.jpg\" alt=\"Leonardo Fibonacci\" width=\"328\" height=\"219\" srcset=\"https:\/\/storia.anticaoria.it\/wp-content\/uploads\/2016\/03\/pic9ec77ebf74e4e8e0090175147af93ad3-300x200.jpg 300w, https:\/\/storia.anticaoria.it\/wp-content\/uploads\/2016\/03\/pic9ec77ebf74e4e8e0090175147af93ad3-768x512.jpg 768w, https:\/\/storia.anticaoria.it\/wp-content\/uploads\/2016\/03\/pic9ec77ebf74e4e8e0090175147af93ad3-1024x683.jpg 1024w, https:\/\/storia.anticaoria.it\/wp-content\/uploads\/2016\/03\/pic9ec77ebf74e4e8e0090175147af93ad3.jpg 1260w\" sizes=\"(max-width: 328px) 100vw, 328px\" \/><p id=\"caption-attachment-476\" class=\"wp-caption-text\">Leonardo Fibonacci<\/p><\/div>\n<p>La soif de connaissance pouss\u00e9 Federico II \u00e0 accueillir \u00e0 son importante cour des personnalit\u00e9s culturelles. A son initiative se doivent les traductions d&#8217;\u0153uvres de la tradition philosophique grecque et arabe, jusqu&#8217;\u00e0 ce moment inconnu, en particulier celles d&#8217;Aristote. Fr\u00e9d\u00e9ric avait des relations avec le c\u00e9l\u00e8bre math\u00e9maticien Leonardo Fibonacci, avec des savants juifs, des arabes et des grecs. Une autre grandes figures actives \u00e0 ses c\u00f4t\u00e9s \u00e9tait celle de Pier de la Vigne, qui \u00e9tait son proche collaborateur et porte-parole. Il a recueilli des sculptures et reliques anciennes, il a voulu reproduire des copies des \u0153uvres du pass\u00e9; il a suivi le projet du Port de Capua, un monument riche qui se  r\u00e9f\u00e8re \u00e0 l&#8217;\u00e9poque romaine et qui l&#8217;a voulu mettre \u00e0 l&#8217;entr\u00e9e du Royaume, pour timonier les valeurs qui avaient inspir\u00e9 sa monarchie. Il a d\u00e9velopp\u00e9 un r\u00e9seau de ch\u00e2teaux dans le royaume, pour contr\u00f4ler, mais aussi pour promouvoir ses activit\u00e9s de loisirs, comme la chasse.<\/p>\n<\/p><\/div>\n<\/div>\n","protected":false},"excerpt":{"rendered":"<p>La soif de connaissance pouss\u00e9 Federico II \u00e0 accueillir \u00e0 son importante cour des personnalit\u00e9s culturelles. A son initiative se doivent les traductions d&#8217;\u0153uvres de la tradition philosophique grecque et arabe, jusqu&#8217;\u00e0 ce moment inconnu, en particulier celles d&#8217;Aristote. Fr\u00e9d\u00e9ric avait des relations avec le c\u00e9l\u00e8bre math\u00e9maticien Leonardo Fibonacci, avec des savants juifs, des arabes [&hellip;]<\/p>\n","protected":false},"author":1,"featured_media":0,"parent":54,"menu_order":0,"comment_status":"closed","ping_status":"closed","template":"page-full-width.php","meta":[],"translation":{"provider":"WPGlobus","version":"2.12.0","language":"fr","enabled_languages":["it","en","es","de","fr"],"languages":{"it":{"title":true,"content":true,"excerpt":false},"en":{"title":true,"content":true,"excerpt":false},"es":{"title":true,"content":true,"excerpt":false},"de":{"title":true,"content":true,"excerpt":false},"fr":{"title":true,"content":true,"excerpt":false}}},"aioseo_notices":[],"_links":{"self":[{"href":"https:\/\/storia.anticaoria.it\/fr\/wp-json\/wp\/v2\/pages\/428"}],"collection":[{"href":"https:\/\/storia.anticaoria.it\/fr\/wp-json\/wp\/v2\/pages"}],"about":[{"href":"https:\/\/storia.anticaoria.it\/fr\/wp-json\/wp\/v2\/types\/page"}],"author":[{"embeddable":true,"href":"https:\/\/storia.anticaoria.it\/fr\/wp-json\/wp\/v2\/users\/1"}],"replies":[{"embeddable":true,"href":"https:\/\/storia.anticaoria.it\/fr\/wp-json\/wp\/v2\/comments?post=428"}],"version-history":[{"count":25,"href":"https:\/\/storia.anticaoria.it\/fr\/wp-json\/wp\/v2\/pages\/428\/revisions"}],"predecessor-version":[{"id":3513,"href":"https:\/\/storia.anticaoria.it\/fr\/wp-json\/wp\/v2\/pages\/428\/revisions\/3513"}],"up":[{"embeddable":true,"href":"https:\/\/storia.anticaoria.it\/fr\/wp-json\/wp\/v2\/pages\/54"}],"wp:attachment":[{"href":"https:\/\/storia.anticaoria.it\/fr\/wp-json\/wp\/v2\/media?parent=428"}],"curies":[{"name":"wp","href":"https:\/\/api.w.org\/{rel}","templated":true}]}}