{"id":58,"date":"2016-02-29T15:54:15","date_gmt":"2016-02-29T15:54:15","guid":{"rendered":"http:\/\/storia.anticaoria.it\/?page_id=58"},"modified":"2018-07-25T09:17:38","modified_gmt":"2018-07-25T09:17:38","slug":"la-confraternita-della-morte","status":"publish","type":"page","link":"https:\/\/storia.anticaoria.it\/fr\/la-confraternita-della-morte\/","title":{"rendered":"La Confr\u00e9rie de la Mort"},"content":{"rendered":"<div class=\"story_box\">\n<div class=\"story_box_text\">\n<div id=\"attachment_849\" style=\"width: 310px\" class=\"wp-caption alignleft\"><img aria-describedby=\"caption-attachment-849\" decoding=\"async\" loading=\"lazy\" class=\"size-medium wp-image-849\" src=\"\/wp-content\/uploads\/2016\/02\/mummie-300x169.jpg\" alt=\"Le mummie sotto la Basilica \" width=\"300\" height=\"169\" srcset=\"https:\/\/storia.anticaoria.it\/wp-content\/uploads\/2016\/02\/mummie-300x169.jpg 300w, https:\/\/storia.anticaoria.it\/wp-content\/uploads\/2016\/02\/mummie.jpg 800w\" sizes=\"(max-width: 300px) 100vw, 300px\" \/><p id=\"caption-attachment-849\" class=\"wp-caption-text\">Les momies sous la basilique<\/p><\/div>\n<p>Sous la Basilique Cath\u00e9drale de Oria est situ\u00e9 la crypte des Momies, le seul cas des la\u00efcs momifi\u00e9. Selon la tradition locale, la crypte a \u00e9t\u00e9 construite en 1484 comme un lieu de pri\u00e8re et du souvenir de tous ceux qui \u00e9taient revenus de la bataille contre les Turcs dans Terra d&#8217;Otranto (1480-1481). Le corps de momifier a \u00e9t\u00e9 vid\u00e9 et suc\u00e9 la mati\u00e8re c\u00e9r\u00e9brale par les narines, au lieu des organes internes a \u00e9t\u00e9 plac\u00e9 un m\u00e9lange de sels d\u00e9shydratants avec de la chaux vierge poussi\u00e9reux, puis recousu et abaiss\u00e9es dans un r\u00e9servoir dans lequel il y avait les m\u00eames substances mettent tout l&#8217;int\u00e9rieur du corps. Parce que la d\u00e9shydratation fut compl\u00e8te et la d\u00e9sinfection du cadavre restait dans le dit bain pendant une p\u00e9riode de temps (deux ans, deux ans et demi) qui varient en fonction de la taille du confr\u00e8re. Apr\u00e8s cela, la pr\u00e9sence obligatoire d&#8217;au moins deux membres de la famille, le cadavre maintenant d\u00e9shydrat\u00e9, momifi\u00e9s, a \u00e9t\u00e9 rep\u00each\u00e9, nettoy\u00e9e, trait\u00e9e avec des onguents, couvert de robe personnelle et plac\u00e9e dans l&#8217;une des niches.<\/p>\n<\/div>\n<\/div>\n","protected":false},"excerpt":{"rendered":"<p>Sous la Basilique Cath\u00e9drale de Oria est situ\u00e9 la crypte des Momies, le seul cas des la\u00efcs momifi\u00e9. Selon la tradition locale, la crypte a \u00e9t\u00e9 construite en 1484 comme un lieu de pri\u00e8re et du souvenir de tous ceux qui \u00e9taient revenus de la bataille contre les Turcs dans Terra d&#8217;Otranto (1480-1481). Le corps [&hellip;]<\/p>\n","protected":false},"author":1,"featured_media":0,"parent":0,"menu_order":0,"comment_status":"closed","ping_status":"closed","template":"page-full-width.php","meta":[],"translation":{"provider":"WPGlobus","version":"2.12.0","language":"fr","enabled_languages":["it","en","es","de","fr"],"languages":{"it":{"title":true,"content":true,"excerpt":false},"en":{"title":true,"content":true,"excerpt":false},"es":{"title":true,"content":true,"excerpt":false},"de":{"title":true,"content":true,"excerpt":false},"fr":{"title":true,"content":true,"excerpt":false}}},"aioseo_notices":[],"_links":{"self":[{"href":"https:\/\/storia.anticaoria.it\/fr\/wp-json\/wp\/v2\/pages\/58"}],"collection":[{"href":"https:\/\/storia.anticaoria.it\/fr\/wp-json\/wp\/v2\/pages"}],"about":[{"href":"https:\/\/storia.anticaoria.it\/fr\/wp-json\/wp\/v2\/types\/page"}],"author":[{"embeddable":true,"href":"https:\/\/storia.anticaoria.it\/fr\/wp-json\/wp\/v2\/users\/1"}],"replies":[{"embeddable":true,"href":"https:\/\/storia.anticaoria.it\/fr\/wp-json\/wp\/v2\/comments?post=58"}],"version-history":[{"count":46,"href":"https:\/\/storia.anticaoria.it\/fr\/wp-json\/wp\/v2\/pages\/58\/revisions"}],"predecessor-version":[{"id":3486,"href":"https:\/\/storia.anticaoria.it\/fr\/wp-json\/wp\/v2\/pages\/58\/revisions\/3486"}],"wp:attachment":[{"href":"https:\/\/storia.anticaoria.it\/fr\/wp-json\/wp\/v2\/media?parent=58"}],"curies":[{"name":"wp","href":"https:\/\/api.w.org\/{rel}","templated":true}]}}