{"id":93,"date":"2016-03-03T15:38:35","date_gmt":"2016-03-03T15:38:35","guid":{"rendered":"http:\/\/storia.anticaoria.it\/?page_id=93"},"modified":"2018-07-25T08:48:30","modified_gmt":"2018-07-25T08:48:30","slug":"dalla-preistoria-alla-fase-messapica","status":"publish","type":"page","link":"https:\/\/storia.anticaoria.it\/fr\/la-antica-storia-di-oria\/dalla-preistoria-alla-fase-messapica\/","title":{"rendered":"De la Pr\u00e9histoire \u00e0 la p\u00e9riode Messapica"},"content":{"rendered":"<div class=\"story_box\">\n<h2>La phase pr\u00e9historique<\/h2>\n<div class=\"story_box_text\">\n<div id=\"attachment_949\" style=\"width: 310px\" class=\"wp-caption alignleft\"><img aria-describedby=\"caption-attachment-949\" decoding=\"async\" loading=\"lazy\" class=\"wp-image-949 size-medium\" src=\"\/wp-content\/uploads\/2016\/03\/284991-thumb-full-oria1-300x169.jpg\" alt=\"284991-thumb-full-oria1\" width=\"300\" height=\"169\" srcset=\"https:\/\/storia.anticaoria.it\/wp-content\/uploads\/2016\/03\/284991-thumb-full-oria1-300x169.jpg 300w, https:\/\/storia.anticaoria.it\/wp-content\/uploads\/2016\/03\/284991-thumb-full-oria1.jpg 640w\" sizes=\"(max-width: 300px) 100vw, 300px\" \/><p id=\"caption-attachment-949\" class=\"wp-caption-text\">D\u00e9couvertes arch\u00e9ologiques<\/p><\/div>\n<p>Nous retrouvons des traces d\u2019occupation des humaine qui datent de la p\u00e9riode pr\u00e9historique. En effet, outils trouvailles lithiques (pics et lances) et la poterie pr\u00e9historique dans les districts de Laurito et San Giovanni lo Pariete retour datent de l&#8217;\u00e2ge de le pierre<\/p>\n<\/div>\n<h2>Fondation de la ville<\/h2>\n<div class=\"story_box_text\">\n<p>La ville de Oria selon l&#8217;historien Gaspare Papatodero remonte \u00e0 1007 avant J-C.. L&#8217;origine est attribu\u00e9e \u00e0 la civilisation Minoenne-cr\u00e9toise, qui, selon H\u00e9rodote, une fois qui fait naufrage sur les c\u00f4te des Pouilles, ils ont fond\u00e9 dans la zone actuelle de Oria, un ancien village appel\u00e9 Hyria (nom tr\u00e8s commun dans la mer Eg\u00e9e), cet nom se ressemble au nom actuel de la ville. A renforcer cette th\u00e8se, au-del\u00e0 des \u00e9crits grecs, nous avons aussi des nombreuses d\u00e9couvertes de l\u2019art Minoanne et cr\u00e9tois, un signe que l&#8217;influence et les traditions grecques \u00e9taient tr\u00e8s fortes dans la r\u00e9gion.<\/p>\n<\/div>\n<h2>La p\u00e9riode Messapique<\/h2>\n<div class=\"story_box_text\">\n<div id=\"attachment_951\" style=\"width: 223px\" class=\"wp-caption alignleft\"><img aria-describedby=\"caption-attachment-951\" decoding=\"async\" loading=\"lazy\" class=\"wp-image-951 \" src=\"\/wp-content\/uploads\/2016\/03\/monete-150x150.jpg\" alt=\"monete\" width=\"213\" height=\"213\" \/><p id=\"caption-attachment-951\" class=\"wp-caption-text\">Pi\u00e8ces pr\u00e9historiques<\/p><\/div>\n<p>Selon l&#8217;Universit\u00e9 d&#8217;Amsterdam, dans le VIIIe si\u00e8cle avant J.-C. Oria devient ville-\u00e9tat. Sa construction est en plein style italien du sud( en effet le centres villes ont \u00e9t\u00e9 construits sur le plus hautes collines de la r\u00e9gion, comme la m\u00eame ville de Rome). Commencent \u00e0 appara\u00eetre les premiers b\u00e2timents publics et les premiers b\u00e2timents du temple(Templiers).<\/p>\n<p>Dans cette p\u00e9riode Oria conna\u00eet une forte croissance du point de vue \u00e9conomique qui influence les territoires environnants. Il y a beaucoup des d\u00e9couvertes antiques (pi\u00e8ces de monnaie, c\u00e9ramiques) qui t\u00e9moin des liens avec les grandes villes Messapiques (Sybaris et Metaponto) de l\u2019\u00e9poque et pas seulement.<\/p>\n<p>C\u00e9l\u00e8bres sont les relations avec les villes de la grande-Gr\u00e8ce, y compris comme l&#8217;amour et l\u2019haine avec la ville voisine de Taranto, avec laquelle a cr\u00e9\u00e9 des p\u00e9riodes des florissantes \u00e9changes culturels, mais aussi des p\u00e9riodes de tensions majeures, comme une guerre qui a vu la ville combattre et gagner contre la coalition Taranto-Reggina. H\u00e9rodote \u00e9crit a ce propose \u00abce fut le plus grand massacre des Grecs et Reggini que nous connaissons, que des ou sont morts 3.000 soldats des Reggini et des Tarantini ne pouvait m\u00eame pas compter le nombre.&#8221;<\/p>\n<\/div>\n<\/div>\n","protected":false},"excerpt":{"rendered":"<p>La phase pr\u00e9historique Nous retrouvons des traces d\u2019occupation des humaine qui datent de la p\u00e9riode pr\u00e9historique. En effet, outils trouvailles lithiques (pics et lances) et la poterie pr\u00e9historique dans les districts de Laurito et San Giovanni lo Pariete retour datent de l&#8217;\u00e2ge de le pierre Fondation de la ville La ville de Oria selon l&#8217;historien [&hellip;]<\/p>\n","protected":false},"author":1,"featured_media":0,"parent":2,"menu_order":0,"comment_status":"closed","ping_status":"closed","template":"page-full-width.php","meta":[],"translation":{"provider":"WPGlobus","version":"2.12.0","language":"fr","enabled_languages":["it","en","es","de","fr"],"languages":{"it":{"title":true,"content":true,"excerpt":false},"en":{"title":true,"content":true,"excerpt":false},"es":{"title":true,"content":true,"excerpt":false},"de":{"title":true,"content":true,"excerpt":false},"fr":{"title":true,"content":true,"excerpt":false}}},"aioseo_notices":[],"_links":{"self":[{"href":"https:\/\/storia.anticaoria.it\/fr\/wp-json\/wp\/v2\/pages\/93"}],"collection":[{"href":"https:\/\/storia.anticaoria.it\/fr\/wp-json\/wp\/v2\/pages"}],"about":[{"href":"https:\/\/storia.anticaoria.it\/fr\/wp-json\/wp\/v2\/types\/page"}],"author":[{"embeddable":true,"href":"https:\/\/storia.anticaoria.it\/fr\/wp-json\/wp\/v2\/users\/1"}],"replies":[{"embeddable":true,"href":"https:\/\/storia.anticaoria.it\/fr\/wp-json\/wp\/v2\/comments?post=93"}],"version-history":[{"count":51,"href":"https:\/\/storia.anticaoria.it\/fr\/wp-json\/wp\/v2\/pages\/93\/revisions"}],"predecessor-version":[{"id":3482,"href":"https:\/\/storia.anticaoria.it\/fr\/wp-json\/wp\/v2\/pages\/93\/revisions\/3482"}],"up":[{"embeddable":true,"href":"https:\/\/storia.anticaoria.it\/fr\/wp-json\/wp\/v2\/pages\/2"}],"wp:attachment":[{"href":"https:\/\/storia.anticaoria.it\/fr\/wp-json\/wp\/v2\/media?parent=93"}],"curies":[{"name":"wp","href":"https:\/\/api.w.org\/{rel}","templated":true}]}}