{"id":96,"date":"2016-03-03T15:41:54","date_gmt":"2016-03-03T15:41:54","guid":{"rendered":"http:\/\/storia.anticaoria.it\/?page_id=96"},"modified":"2018-07-25T08:56:48","modified_gmt":"2018-07-25T08:56:48","slug":"fase-di-dominio-romano","status":"publish","type":"page","link":"https:\/\/storia.anticaoria.it\/fr\/la-antica-storia-di-oria\/fase-di-dominio-romano\/","title":{"rendered":"P\u00e9riode de la domination romaine"},"content":{"rendered":"<div class=\"story_box\">\n<h2>Epoque Romaine<\/h2>\n<div class=\"story_box_text\">\n<div id=\"attachment_88\" style=\"width: 310px\" class=\"wp-caption alignright\"><img aria-describedby=\"caption-attachment-88\" decoding=\"async\" loading=\"lazy\" class=\"wp-image-88 size-medium\" src=\"\/wp-content\/uploads\/2016\/02\/roma-300x225.jpg\" alt=\"Fase di dominio Romano\" width=\"300\" height=\"225\" srcset=\"https:\/\/storia.anticaoria.it\/wp-content\/uploads\/2016\/02\/roma-300x225.jpg 300w, https:\/\/storia.anticaoria.it\/wp-content\/uploads\/2016\/02\/roma-768x577.jpg 768w, https:\/\/storia.anticaoria.it\/wp-content\/uploads\/2016\/02\/roma.jpg 1024w\" sizes=\"(max-width: 300px) 100vw, 300px\" \/><p id=\"caption-attachment-88\" class=\"wp-caption-text\">Aqueduc romain<\/p><\/div>\n<p>Sous la domination de Rome Oria avait un r\u00f4le important et presque ind\u00e9pendante.<\/p>\n<p>En affait, la ville devient une domination de Rome en 272 avant JC ainsi que toute les villes Messapiques apr\u00e8s de conflits avec les villes de la Gr\u00e8ce antique. En 88 avant JC elle est devenu &#8220;mairie romaine&#8221;. C&#8217;est un privil\u00e8ge r\u00e9serv\u00e9 seulement \u00e0 quelques villes de l&#8217;empire et gr\u00e2ce \u00e0 \u00e7a la ville conserve le droit d&#8217;imprimer de l&#8217;argent, puis de continuer \u00e0 exercer une forte influence sur les territoires environnants.<\/p>\n<p>Sur ce ses pi\u00e8ces sont repr\u00e9sentes les dieux et les personnages de la ville avec une soins qui ne peut pas \u00eatre trouv\u00e9 dans les monnaies des autres municipalit\u00e9s romaines. L&#8217;importance de la ville est \u00e9galement renforc\u00e9e par la pr\u00e9sence de la Via Appia, la rue la plus importante de l&#8217;Empire romain. La l\u00e9gende veut que Saint Pierre est pass\u00e9 par la ville en l\u2019ans 44 apr\u00e8s J\u00e9sus-Christ, et pr\u00eachant l&#8217;Evangile a consacr\u00e9 le premier \u00e9v\u00eaque de la communaut\u00e9 de Oria. Oria serait donc une des plus anciennes communaut\u00e9s chr\u00e9tiennes.<\/p>\n<\/div>\n<\/div>\n","protected":false},"excerpt":{"rendered":"<p>Epoque Romaine Sous la domination de Rome Oria avait un r\u00f4le important et presque ind\u00e9pendante. En affait, la ville devient une domination de Rome en 272 avant JC ainsi que toute les villes Messapiques apr\u00e8s de conflits avec les villes de la Gr\u00e8ce antique. En 88 avant JC elle est devenu &#8220;mairie romaine&#8221;. C&#8217;est un [&hellip;]<\/p>\n","protected":false},"author":1,"featured_media":0,"parent":2,"menu_order":0,"comment_status":"closed","ping_status":"closed","template":"page-full-width.php","meta":[],"translation":{"provider":"WPGlobus","version":"2.12.0","language":"fr","enabled_languages":["it","en","es","de","fr"],"languages":{"it":{"title":true,"content":true,"excerpt":false},"en":{"title":true,"content":true,"excerpt":false},"es":{"title":true,"content":true,"excerpt":false},"de":{"title":true,"content":true,"excerpt":false},"fr":{"title":true,"content":true,"excerpt":false}}},"aioseo_notices":[],"_links":{"self":[{"href":"https:\/\/storia.anticaoria.it\/fr\/wp-json\/wp\/v2\/pages\/96"}],"collection":[{"href":"https:\/\/storia.anticaoria.it\/fr\/wp-json\/wp\/v2\/pages"}],"about":[{"href":"https:\/\/storia.anticaoria.it\/fr\/wp-json\/wp\/v2\/types\/page"}],"author":[{"embeddable":true,"href":"https:\/\/storia.anticaoria.it\/fr\/wp-json\/wp\/v2\/users\/1"}],"replies":[{"embeddable":true,"href":"https:\/\/storia.anticaoria.it\/fr\/wp-json\/wp\/v2\/comments?post=96"}],"version-history":[{"count":39,"href":"https:\/\/storia.anticaoria.it\/fr\/wp-json\/wp\/v2\/pages\/96\/revisions"}],"predecessor-version":[{"id":3485,"href":"https:\/\/storia.anticaoria.it\/fr\/wp-json\/wp\/v2\/pages\/96\/revisions\/3485"}],"up":[{"embeddable":true,"href":"https:\/\/storia.anticaoria.it\/fr\/wp-json\/wp\/v2\/pages\/2"}],"wp:attachment":[{"href":"https:\/\/storia.anticaoria.it\/fr\/wp-json\/wp\/v2\/media?parent=96"}],"curies":[{"name":"wp","href":"https:\/\/api.w.org\/{rel}","templated":true}]}}